{"id":37,"date":"2023-01-13T19:50:26","date_gmt":"2023-01-13T17:50:26","guid":{"rendered":"https:\/\/techltx.com\/?page_id=37"},"modified":"2024-10-18T22:00:03","modified_gmt":"2024-10-18T19:00:03","slug":"startpage","status":"publish","type":"page","link":"https:\/\/techltx.com\/en\/","title":{"rendered":"Welcome to techLTX.com"},"content":{"rendered":"\n<div class=\"wp-block-columns is-layout-flex wp-container-core-columns-is-layout-28f84493 wp-block-columns-is-layout-flex\">\n<div class=\"wp-block-column is-layout-flow wp-block-column-is-layout-flow\" style=\"flex-basis:66.66%\">\n<p>We started with the vision of improving the SAP world, making it more secure and creating confidence in the security of the SAP solution for both our customers and their employees. Based on our high standards in SAP security, BALTX.COM created the techLTX.com platform to communicate the potential of the SAP world and be closer to actual topics. At BALTX.COM we understand the complexity and need for an efficient SAP implementation in your company.<\/p>\n<p>As an <strong>independent provider of nearshore solutions<\/strong>, we specialize in optimizing your company with tailored SAP solutions. <strong>We are evangelists of reliable and secure SAP environment<\/strong>. Outsource selected SIEM solutions like Enterprise Threat Detection (ETD), security tools and parts of the SAP Basis and concentrate on the important tasks in your IT department. Our mission is to provide SAP customers with high quality and scalable solutions. We use the cloud for this and with our nearshore strategy we help you to implement requirements quickly and reduce your operating costs. Our team of experienced SAP consultants and engineers with over 20 years of experience is ready to help you with every phase of your SAP project. From planning and implementation to ongoing maintenance and support, we offer a complete service tailored to your specific business needs.<\/p>\n<p>Contact us today to learn how we can help your business become more efficient and secure by using SAP.<\/p>\n<p>Your<\/p>\n<p>BALTX.COM team\u00a0<\/p>\n<\/div>\n\n\n\n<div class=\"wp-block-column is-layout-flow wp-block-column-is-layout-flow\" style=\"flex-basis:33.33%\">\n<figure class=\"wp-block-image size-full\"><a href=\"https:\/\/techltx.com\/wp-content\/uploads\/2023\/06\/sap-etd-screenshot.png\"><img loading=\"lazy\" decoding=\"async\" width=\"322\" height=\"544\" src=\"https:\/\/techltx.com\/wp-content\/uploads\/2023\/06\/sap-etd-screenshot.png\" alt=\"\" class=\"wp-image-231\" srcset=\"https:\/\/techltx.com\/wp-content\/uploads\/2023\/06\/sap-etd-screenshot.png 322w, https:\/\/techltx.com\/wp-content\/uploads\/2023\/06\/sap-etd-screenshot-178x300.png 178w\" sizes=\"auto, (max-width: 322px) 100vw, 322px\" \/><\/a><\/figure>\n<\/div>\n<\/div>\n\n\n<ul class=\"wp-block-latest-posts__list is-grid columns-3 has-dates wp-block-latest-posts\"><li><a class=\"wp-block-latest-posts__post-title\" href=\"https:\/\/techltx.com\/en\/sap\/basis-t-code\/sap-sost\/2024\/09\/\">sap-SOST<\/a><time datetime=\"2024-09-03T16:41:34+03:00\" class=\"wp-block-latest-posts__post-date\">2024-09-03<\/time><div class=\"wp-block-latest-posts__post-excerpt\">Die wichtigsten SAP Basis Transaktionen im \u00dcberblick: Die SAP-Transaktion SOST wird verwendet, um den Status von Nachrichten zu \u00fcberwachen, die \u00fcber SAPconnect versendet werden. Dies umfasst E-Mails, Faxe, SMS und andere Kommunikationsarten, die vom SAP-System an externe Empf\u00e4nger gesendet werden. Die Transaktion bietet eine \u00dcbersicht \u00fcber alle ausgehenden Nachrichten und erm\u00f6glicht es Administratoren, den Status\u2026 <a class=\"wp-block-latest-posts__read-more\" href=\"https:\/\/techltx.com\/en\/sap\/basis-t-code\/sap-sost\/2024\/09\/\" rel=\"noopener noreferrer\">Read more<span class=\"screen-reader-text\">: sap-SOST<\/span><\/a><\/div><\/li>\n<li><a class=\"wp-block-latest-posts__post-title\" href=\"https:\/\/techltx.com\/en\/sap\/basis-t-code\/sap-soamanager\/2024\/09\/\">sap-SOAMANAGER<\/a><time datetime=\"2024-09-03T16:25:40+03:00\" class=\"wp-block-latest-posts__post-date\">2024-09-03<\/time><div class=\"wp-block-latest-posts__post-excerpt\">Die wichtigsten SAP Basis Transaktionen im \u00dcberblick: Die SAP-Transaktion SOAMANAGER (SOA Manager) dient der Verwaltung und Konfiguration von Webservices in einem SAP-System. Mit SOAMANAGER k\u00f6nnen Administratoren Serviceprovider und Consumer-Proxies konfigurieren, die Kommunikation zwischen verschiedenen Systemen \u00fcber Webservices steuern und die Sicherheitseinstellungen f\u00fcr diese Dienste verwalten. Voraussetzungen und Berechtigungen f\u00fcr die Nutzung von SOAMANAGER: Systemlandschaftskonfiguration: Wenn\u2026 <a class=\"wp-block-latest-posts__read-more\" href=\"https:\/\/techltx.com\/en\/sap\/basis-t-code\/sap-soamanager\/2024\/09\/\" rel=\"noopener noreferrer\">Read more<span class=\"screen-reader-text\">: sap-SOAMANAGER<\/span><\/a><\/div><\/li>\n<li><a class=\"wp-block-latest-posts__post-title\" href=\"https:\/\/techltx.com\/en\/sap\/basis-t-code\/sap-tcode-snote\/2024\/09\/\">sap-SNOTE<\/a><time datetime=\"2024-09-03T16:20:19+03:00\" class=\"wp-block-latest-posts__post-date\">2024-09-03<\/time><div class=\"wp-block-latest-posts__post-excerpt\">Die wichtigsten SAP Basis Transaktionen im \u00dcberblick: Die SAP-Transaktion SNOTE, auch bekannt als SAP Note Assistant, dient zur Verwaltung, Implementierung und Verwaltung von SAP-Hinweisen (SAP Notes). Diese Hinweise enthalten Korrekturen und Verbesserungen, die SAP bereitstellt, um Fehler zu beheben oder neue Funktionen hinzuzuf\u00fcgen. SNOTE ist ein zentrales Werkzeug f\u00fcr Systemadministratoren, um sicherzustellen, dass das SAP-System\u2026 <a class=\"wp-block-latest-posts__read-more\" href=\"https:\/\/techltx.com\/en\/sap\/basis-t-code\/sap-tcode-snote\/2024\/09\/\" rel=\"noopener noreferrer\">Read more<span class=\"screen-reader-text\">: sap-SNOTE<\/span><\/a><\/div><\/li>\n<li><a class=\"wp-block-latest-posts__post-title\" href=\"https:\/\/techltx.com\/en\/sap\/basis-t-code\/sap-smqs\/2024\/09\/\">sap-SMQS<\/a><time datetime=\"2024-09-03T16:14:09+03:00\" class=\"wp-block-latest-posts__post-date\">2024-09-03<\/time><div class=\"wp-block-latest-posts__post-excerpt\">Die wichtigsten SAP Basis Transaktionen im \u00dcberblick: Die SAP-Transaktion SMQS wird verwendet, um RFC-Destinationen f\u00fcr die Verarbeitung von qRFC-Nachrichten zu registrieren und zu verwalten. Sie ist entscheidend, um sicherzustellen, dass die Kommunikation zwischen verschiedenen Systemen, die \u00fcber qRFC abgewickelt wird, effizient und ohne Unterbrechungen funktioniert. Voraussetzungen und Berechtigungen f\u00fcr die Nutzung von SMQS: Nutzen der\u2026 <a class=\"wp-block-latest-posts__read-more\" href=\"https:\/\/techltx.com\/en\/sap\/basis-t-code\/sap-smqs\/2024\/09\/\" rel=\"noopener noreferrer\">Read more<span class=\"screen-reader-text\">: sap-SMQS<\/span><\/a><\/div><\/li>\n<li><a class=\"wp-block-latest-posts__post-title\" href=\"https:\/\/techltx.com\/en\/sap\/basis-t-code\/sap-smq1-smq2\/2024\/09\/\">sap-SMQ1-SMQ2<\/a><time datetime=\"2024-09-03T16:02:13+03:00\" class=\"wp-block-latest-posts__post-date\">2024-09-03<\/time><div class=\"wp-block-latest-posts__post-excerpt\">Die wichtigsten SAP Basis Transaktionen im \u00dcberblick: Die SAP-Transaktionen SMQ1 und SMQ2 werden zur \u00dcberwachung und Verwaltung von qRFC-Warteschlangen (Queued Remote Function Call) verwendet. SMQ1 \u00fcberwacht die ausgehenden (Outbound) qRFC-Warteschlangen, w\u00e4hrend SMQ2 f\u00fcr die eingehenden (Inbound) qRFC-Warteschlangen zust\u00e4ndig ist. Diese Transaktionen sind besonders wichtig, um sicherzustellen, dass die asynchrone Kommunikation zwischen verschiedenen SAP-Systemen reibungslos abl\u00e4uft.\u2026 <a class=\"wp-block-latest-posts__read-more\" href=\"https:\/\/techltx.com\/en\/sap\/basis-t-code\/sap-smq1-smq2\/2024\/09\/\" rel=\"noopener noreferrer\">Read more<span class=\"screen-reader-text\">: sap-SMQ1-SMQ2<\/span><\/a><\/div><\/li>\n<li><a class=\"wp-block-latest-posts__post-title\" href=\"https:\/\/techltx.com\/en\/sap\/basis-t-code\/sap-smlt\/2024\/09\/\">sap-SMLT<\/a><time datetime=\"2024-09-03T15:54:11+03:00\" class=\"wp-block-latest-posts__post-date\">2024-09-03<\/time><div class=\"wp-block-latest-posts__post-excerpt\">Die wichtigsten SAP Basis Transaktionen im \u00dcberblick: Die SAP-Transaktion SMLT wird verwendet, um Sprachpakete in ein SAP-System zu importieren und zu verwalten. Dies ist besonders wichtig, wenn ein SAP-System in mehreren Sprachen genutzt wird und neue Sprachen oder Aktualisierungen f\u00fcr bestehende Sprachen erforderlich sind. Voraussetzungen und Berechtigungen f\u00fcr die Nutzung von SMLT: Durch die Nutzung\u2026 <a class=\"wp-block-latest-posts__read-more\" href=\"https:\/\/techltx.com\/en\/sap\/basis-t-code\/sap-smlt\/2024\/09\/\" rel=\"noopener noreferrer\">Read more<span class=\"screen-reader-text\">: sap-SMLT<\/span><\/a><\/div><\/li>\n<\/ul>","protected":false},"excerpt":{"rendered":"<p>We started with the vision of improving the SAP world, making it more secure and creating confidence in the security of the SAP solution for both our customers and their employees. Based on our high standards in SAP security, BALTX.COM created the techLTX.com platform to communicate the potential of the SAP world and be closer [&hellip;]<\/p>\n","protected":false},"author":3,"featured_media":0,"parent":0,"menu_order":0,"comment_status":"closed","ping_status":"closed","template":"","meta":{"content-type":"","_uag_custom_page_level_css":"","site-sidebar-layout":"default","site-content-layout":"","ast-site-content-layout":"default","site-content-style":"default","site-sidebar-style":"default","ast-global-header-display":"","ast-banner-title-visibility":"","ast-main-header-display":"","ast-hfb-above-header-display":"","ast-hfb-below-header-display":"","ast-hfb-mobile-header-display":"","site-post-title":"","ast-breadcrumbs-content":"","ast-featured-img":"","footer-sml-layout":"","ast-disable-related-posts":"","theme-transparent-header-meta":"","adv-header-id-meta":"","stick-header-meta":"","header-above-stick-meta":"","header-main-stick-meta":"","header-below-stick-meta":"","astra-migrate-meta-layouts":"set","ast-page-background-enabled":"default","ast-page-background-meta":{"desktop":{"background-color":"var(--ast-global-color-4)","background-image":"","background-repeat":"repeat","background-position":"center center","background-size":"auto","background-attachment":"scroll","background-type":"","background-media":"","overlay-type":"","overlay-color":"","overlay-opacity":"","overlay-gradient":""},"tablet":{"background-color":"","background-image":"","background-repeat":"repeat","background-position":"center center","background-size":"auto","background-attachment":"scroll","background-type":"","background-media":"","overlay-type":"","overlay-color":"","overlay-opacity":"","overlay-gradient":""},"mobile":{"background-color":"","background-image":"","background-repeat":"repeat","background-position":"center center","background-size":"auto","background-attachment":"scroll","background-type":"","background-media":"","overlay-type":"","overlay-color":"","overlay-opacity":"","overlay-gradient":""}},"ast-content-background-meta":{"desktop":{"background-color":"var(--ast-global-color-5)","background-image":"","background-repeat":"repeat","background-position":"center center","background-size":"auto","background-attachment":"scroll","background-type":"","background-media":"","overlay-type":"","overlay-color":"","overlay-opacity":"","overlay-gradient":""},"tablet":{"background-color":"var(--ast-global-color-5)","background-image":"","background-repeat":"repeat","background-position":"center center","background-size":"auto","background-attachment":"scroll","background-type":"","background-media":"","overlay-type":"","overlay-color":"","overlay-opacity":"","overlay-gradient":""},"mobile":{"background-color":"var(--ast-global-color-5)","background-image":"","background-repeat":"repeat","background-position":"center center","background-size":"auto","background-attachment":"scroll","background-type":"","background-media":"","overlay-type":"","overlay-color":"","overlay-opacity":"","overlay-gradient":""}},"footnotes":""},"class_list":["post-37","page","type-page","status-publish","hentry"],"uagb_featured_image_src":{"full":false,"thumbnail":false,"medium":false,"medium_large":false,"large":false,"1536x1536":false,"2048x2048":false},"uagb_author_info":{"display_name":"BALTX","author_link":"https:\/\/techltx.com\/en\/author\/baltx-com\/"},"uagb_comment_info":0,"uagb_excerpt":"We started with the vision of improving the SAP world, making it more secure and creating confidence in the security of the SAP solution for both our customers and their employees. Based on our high standards in SAP security, BALTX.COM created the techLTX.com platform to communicate the potential of the SAP world and be closer&hellip;","_links":{"self":[{"href":"https:\/\/techltx.com\/en\/wp-json\/wp\/v2\/pages\/37","targetHints":{"allow":["GET"]}}],"collection":[{"href":"https:\/\/techltx.com\/en\/wp-json\/wp\/v2\/pages"}],"about":[{"href":"https:\/\/techltx.com\/en\/wp-json\/wp\/v2\/types\/page"}],"author":[{"embeddable":true,"href":"https:\/\/techltx.com\/en\/wp-json\/wp\/v2\/users\/3"}],"replies":[{"embeddable":true,"href":"https:\/\/techltx.com\/en\/wp-json\/wp\/v2\/comments?post=37"}],"version-history":[{"count":31,"href":"https:\/\/techltx.com\/en\/wp-json\/wp\/v2\/pages\/37\/revisions"}],"predecessor-version":[{"id":2042,"href":"https:\/\/techltx.com\/en\/wp-json\/wp\/v2\/pages\/37\/revisions\/2042"}],"wp:attachment":[{"href":"https:\/\/techltx.com\/en\/wp-json\/wp\/v2\/media?parent=37"}],"curies":[{"name":"wp","href":"https:\/\/api.w.org\/{rel}","templated":true}]}}