{"id":43,"date":"2023-01-13T19:52:18","date_gmt":"2023-01-13T17:52:18","guid":{"rendered":"https:\/\/techltx.com\/?page_id=43"},"modified":"2024-08-16T19:04:05","modified_gmt":"2024-08-16T16:04:05","slug":"sap-hana","status":"publish","type":"page","link":"https:\/\/techltx.com\/de\/sap\/sap-hana\/","title":{"rendered":"SAP HANA"},"content":{"rendered":"\n<div class=\"wp-block-columns is-layout-flex wp-container-core-columns-is-layout-28f84493 wp-block-columns-is-layout-flex\">\n<div class=\"wp-block-column is-layout-flow wp-block-column-is-layout-flow\" style=\"flex-basis:66.66%\">\n<p>Seit seiner Einf\u00fchrung im Jahr 2010 steht <strong>SAP HANA<\/strong>, kurz f\u00fcr High-Performance Analytic Appliance, im Zentrum der Aufmerksamkeit von IT-Experten weltweit. Der SAP-Mitbegr\u00fcnder <strong>Hasso Plattner<\/strong> hatte die Vision die Welt der Datenverarbeitung zu revolutionieren. In Echtzeit werden mit der SAP HANA Datenbank Transaktions- und Analysedaten verarbeitet. Diese fortschrittliche In-Memory-Plattform ist weit mehr als nur eine Datenbank; sie ist eine umfassende L\u00f6sung, die es Unternehmen erm\u00f6glicht, Datenanalysen durchzuf\u00fchren und schnelle Transaktionen auf einer einzigen Plattform zu verwalten. <\/p>\n\n\n\n<p><strong>Warum ist das so wichtig? <\/strong>SAP HANA erm\u00f6glicht es Unternehmen, enorme Datenmengen mit minimaler Verz\u00f6gerung zu verarbeiten, Anfragen blitzschnell zu bearbeiten und wirklich datengesteuerte Entscheidungen zu treffen. \u00dcber 35.000 Kunden nutzen bereits die SAP HANA Platform.<\/p>\n\n\n\n<p>Die Technologie hinter SAP HANA nutzt Hauptspeicher f\u00fcr die Datenspeicherung und f\u00fchrt sowohl Online Analytical Processing (<strong>OLAP<\/strong>) als auch Online Transactional Processing (<strong>OLTP<\/strong>) in einer einzigen, spaltenorientierten Datenbank zusammen. Im Vergleich zu traditionellen, auf Festplatten basierenden Datenbanken, bei denen Daten von einem permanenten Speichermedium gelesen werden m\u00fcssen, bietet der In-Memory-Ansatz von SAP HANA eine wesentlich schnellere Datenabfrage und -verarbeitung. Dies ist insbesondere f\u00fcr Anwendungen von Vorteil, die eine hohe Geschwindigkeit und die F\u00e4higkeit, gro\u00dfe Datenmengen zu bew\u00e4ltigen, erfordern \u2013 beispielsweise in den Bereichen Industrie, Telekommunikation und Bankwesen.<\/p>\n\n\n\n<p>Unsere BALTX.COM Experten sind <strong>erfahrene und zertifizierte Technologie-Berater<\/strong> f\u00fcr <strong>SAP HANA<\/strong> und kennen die Vorteile, die HANA Platform zu einem unverzichtbaren Werkzeug f\u00fcr Data Engineers, Entwickler, Berater, Administratoren und IT-Architekten macht.<\/p>\n\n\n\n<p>Die SAP HANA Platform ist die Basis f\u00fcr viele SAP Flaggschiff Produkte und wird durch Eigenentwicklungen von SAP Partnern und Kunden erweitert.  <\/p>\n\n\n\n<ul class=\"wp-block-list\">\n<li>SAP S\/4 HANA<\/li>\n\n\n\n<li>SAP BW\/4 HANA<\/li>\n\n\n\n<li>SAP Data Warehouse Cloud<\/li>\n\n\n\n<li>SAP Analytics Cloud<\/li>\n<\/ul>\n<\/div>\n\n\n\n<div class=\"wp-block-column is-layout-flow wp-block-column-is-layout-flow\" style=\"flex-basis:33.33%\">\n<figure class=\"wp-block-image size-full is-resized\"><a href=\"https:\/\/techltx.com\/wp-content\/uploads\/2024\/05\/SAP-HANA-Certified-Consultant.png\"><img loading=\"lazy\" decoding=\"async\" width=\"323\" height=\"322\" src=\"https:\/\/techltx.com\/wp-content\/uploads\/2024\/05\/SAP-HANA-Certified-Consultant.png\" alt=\"SAP-HANA-Certified-Technology-Consultant SAP HANA 2.0 SPS03\" class=\"wp-image-1116\" style=\"width:300px\" srcset=\"https:\/\/techltx.com\/wp-content\/uploads\/2024\/05\/SAP-HANA-Certified-Consultant.png 323w, https:\/\/techltx.com\/wp-content\/uploads\/2024\/05\/SAP-HANA-Certified-Consultant-300x300.png 300w, https:\/\/techltx.com\/wp-content\/uploads\/2024\/05\/SAP-HANA-Certified-Consultant-150x150.png 150w\" sizes=\"auto, (max-width: 323px) 100vw, 323px\" \/><\/a><figcaption class=\"wp-element-caption\">C_HANATEC_15 certified<\/figcaption><\/figure>\n\n\n\n<figure class=\"wp-block-image size-full is-resized\"><a href=\"https:\/\/techltx.com\/wp-content\/uploads\/2024\/05\/SAP-HANA-Certified-Technology-Vadym.png\"><img loading=\"lazy\" decoding=\"async\" width=\"343\" height=\"343\" src=\"https:\/\/techltx.com\/wp-content\/uploads\/2024\/05\/SAP-HANA-Certified-Technology-Vadym.png\" alt=\"SAP-HANA-Certified-Technology-Consultant SAP HANA 2.0 SPS07\" class=\"wp-image-1115\" style=\"width:300px\" srcset=\"https:\/\/techltx.com\/wp-content\/uploads\/2024\/05\/SAP-HANA-Certified-Technology-Vadym.png 343w, https:\/\/techltx.com\/wp-content\/uploads\/2024\/05\/SAP-HANA-Certified-Technology-Vadym-300x300.png 300w, https:\/\/techltx.com\/wp-content\/uploads\/2024\/05\/SAP-HANA-Certified-Technology-Vadym-150x150.png 150w\" sizes=\"auto, (max-width: 343px) 100vw, 343px\" \/><\/a><figcaption class=\"wp-element-caption\">C_HANATEC_19 certified<\/figcaption><\/figure>\n<\/div>\n<\/div>\n\n\n\n<p class=\"has-text-align-center\"><strong>Wir unterst\u00fctzen Sie gerne in den folgenden Stellenprofilen:<\/strong><\/p>\n\n\n\n<div class=\"wp-block-uagb-container uagb-block-35e3a35a alignfull uagb-is-root-container\"><div class=\"uagb-container-inner-blocks-wrap\">\n<div class=\"wp-block-uagb-container uagb-block-a3700bb2\">\n<div class=\"wp-block-uagb-info-box uagb-block-5ff7183e uagb-infobox__content-wrap  uagb-infobox-icon-above-title uagb-infobox-image-valign-top\"><div class=\"uagb-ifb-content\"><div class=\"uagb-ifb-icon-wrap\"><svg xmlns=\"https:\/\/www.w3.org\/2000\/svg\" viewBox=\"0 0 512 512\"><path d=\"M0 256C0 114.6 114.6 0 256 0C397.4 0 512 114.6 512 256C512 397.4 397.4 512 256 512C114.6 512 0 397.4 0 256zM371.8 211.8C382.7 200.9 382.7 183.1 371.8 172.2C360.9 161.3 343.1 161.3 332.2 172.2L224 280.4L179.8 236.2C168.9 225.3 151.1 225.3 140.2 236.2C129.3 247.1 129.3 264.9 140.2 275.8L204.2 339.8C215.1 350.7 232.9 350.7 243.8 339.8L371.8 211.8z\"><\/path><\/svg><\/div><div class=\"uagb-ifb-title-wrap\"><h3 class=\"uagb-ifb-title\">HANA Data Engineer<\/h3><\/div><p class=\"uagb-ifb-desc\">Der Data Engineer ist verantwortlich f\u00fcr das Design, die Implementierung und das Management von SAP HANA-Datenl\u00f6sungen, um effiziente Datenarchitekturen zu schaffen, die schnelle Datenabfragen und Echtzeitanalysen unterst\u00fctzen.<\/p><\/div><\/div>\n<\/div>\n\n\n\n<div class=\"wp-block-uagb-container uagb-block-26ad1c53\">\n<div class=\"wp-block-uagb-info-box uagb-block-635fe4d9 uagb-infobox__content-wrap  uagb-infobox-icon-above-title uagb-infobox-image-valign-top\"><div class=\"uagb-ifb-content\"><div class=\"uagb-ifb-icon-wrap\"><svg xmlns=\"https:\/\/www.w3.org\/2000\/svg\" viewBox=\"0 0 512 512\"><path d=\"M0 256C0 114.6 114.6 0 256 0C397.4 0 512 114.6 512 256C512 397.4 397.4 512 256 512C114.6 512 0 397.4 0 256zM371.8 211.8C382.7 200.9 382.7 183.1 371.8 172.2C360.9 161.3 343.1 161.3 332.2 172.2L224 280.4L179.8 236.2C168.9 225.3 151.1 225.3 140.2 236.2C129.3 247.1 129.3 264.9 140.2 275.8L204.2 339.8C215.1 350.7 232.9 350.7 243.8 339.8L371.8 211.8z\"><\/path><\/svg><\/div><div class=\"uagb-ifb-title-wrap\"><h3 class=\"uagb-ifb-title\">HANA Entwickler<\/h3><\/div><p class=\"uagb-ifb-desc\">Ein Developer programmiert und optimiert Anwendungen und Datenmodelle auf der SAP HANA Plattform, um ma\u00dfgeschneiderte L\u00f6sungen f\u00fcr Gesch\u00e4ftsprozesse und Datenanalyse zu entwickeln.<\/p><\/div><\/div>\n<\/div>\n\n\n\n<div class=\"wp-block-uagb-container uagb-block-7fffa7c4\">\n<div class=\"wp-block-uagb-info-box uagb-block-0dc7981e uagb-infobox__content-wrap  uagb-infobox-icon-above-title uagb-infobox-image-valign-top\"><div class=\"uagb-ifb-content\"><div class=\"uagb-ifb-icon-wrap\"><svg xmlns=\"https:\/\/www.w3.org\/2000\/svg\" viewBox=\"0 0 512 512\"><path d=\"M0 256C0 114.6 114.6 0 256 0C397.4 0 512 114.6 512 256C512 397.4 397.4 512 256 512C114.6 512 0 397.4 0 256zM371.8 211.8C382.7 200.9 382.7 183.1 371.8 172.2C360.9 161.3 343.1 161.3 332.2 172.2L224 280.4L179.8 236.2C168.9 225.3 151.1 225.3 140.2 236.2C129.3 247.1 129.3 264.9 140.2 275.8L204.2 339.8C215.1 350.7 232.9 350.7 243.8 339.8L371.8 211.8z\"><\/path><\/svg><\/div><div class=\"uagb-ifb-title-wrap\"><h3 class=\"uagb-ifb-title\">HANA Berater<\/h3><\/div><p class=\"uagb-ifb-desc\">Ein HANA Consultant ber\u00e4t Unternehmen bei der Implementierung und Optimierung der SAP HANA Technologie, unterst\u00fctzt bei der Strategieentwicklung und der L\u00f6sungsfindung f\u00fcr datengesteuerte Gesch\u00e4ftsprozesse.<\/p><\/div><\/div>\n<\/div>\n\n\n\n<div class=\"wp-block-uagb-container uagb-block-8246aefb\">\n<div class=\"wp-block-uagb-info-box uagb-block-444e8d4f uagb-infobox__content-wrap  uagb-infobox-icon-above-title uagb-infobox-image-valign-top\"><div class=\"uagb-ifb-content\"><div class=\"uagb-ifb-icon-wrap\"><svg xmlns=\"https:\/\/www.w3.org\/2000\/svg\" viewBox=\"0 0 512 512\"><path d=\"M0 256C0 114.6 114.6 0 256 0C397.4 0 512 114.6 512 256C512 397.4 397.4 512 256 512C114.6 512 0 397.4 0 256zM371.8 211.8C382.7 200.9 382.7 183.1 371.8 172.2C360.9 161.3 343.1 161.3 332.2 172.2L224 280.4L179.8 236.2C168.9 225.3 151.1 225.3 140.2 236.2C129.3 247.1 129.3 264.9 140.2 275.8L204.2 339.8C215.1 350.7 232.9 350.7 243.8 339.8L371.8 211.8z\"><\/path><\/svg><\/div><div class=\"uagb-ifb-title-wrap\"><h3 class=\"uagb-ifb-title\">HANA Administrator<\/h3><\/div><p class=\"uagb-ifb-desc\">Ein HANA Administrator ist zust\u00e4ndig f\u00fcr die Wartung, Konfiguration und \u00dcberwachung der SAP HANA-Datenbanken, um deren optimale Leistung, Verf\u00fcgbarkeit und Sicherheit sicherzustellen.<\/p><\/div><\/div>\n<\/div>\n\n\n\n<div class=\"wp-block-uagb-info-box uagb-block-8f84c2d2 uagb-infobox__content-wrap  uagb-infobox-icon-above-title uagb-infobox-image-valign-top\"><div class=\"uagb-ifb-content\"><div class=\"uagb-ifb-icon-wrap\"><svg xmlns=\"https:\/\/www.w3.org\/2000\/svg\" viewBox=\"0 0 512 512\"><path d=\"M0 256C0 114.6 114.6 0 256 0C397.4 0 512 114.6 512 256C512 397.4 397.4 512 256 512C114.6 512 0 397.4 0 256zM371.8 211.8C382.7 200.9 382.7 183.1 371.8 172.2C360.9 161.3 343.1 161.3 332.2 172.2L224 280.4L179.8 236.2C168.9 225.3 151.1 225.3 140.2 236.2C129.3 247.1 129.3 264.9 140.2 275.8L204.2 339.8C215.1 350.7 232.9 350.7 243.8 339.8L371.8 211.8z\"><\/path><\/svg><\/div><div class=\"uagb-ifb-title-wrap\"><h3 class=\"uagb-ifb-title\">HANA Architekt<\/h3><\/div><p class=\"uagb-ifb-desc\">Der Solution Architekt entwirft und definiert die Gesamtstruktur der SAP HANA-L\u00f6sungen, um sicherzustellen, dass sie effektiv integriert, skalierbar und an die spezifischen Gesch\u00e4ftsanforderungen angepasst sind.<\/p><\/div><\/div>\n<\/div><\/div>\n\n\n\n<p class=\"has-text-align-center\"><strong>Wir unterst\u00fctzen Sie gerne in den folgenden Themen:<\/strong><\/p>\n\n\n\n<figure class=\"wp-block-table is-style-stripes\"><table><tbody><tr><td><h2><a href=\"https:\/\/techltx.com\/de\/sap\/sap-hana\/hana-security\/\">HANA Security<\/a><\/h2><\/td><td>Bei HANA Security geht es darum, die SAP HANA-Datenbank durch Einschr\u00e4nkung von Benutzerberechtigungen, Konfiguration von Verschl\u00fcsselungsma\u00dfnahmen und Implementierung von Sicherheitsrichtlinien zu sichern, um Datenintegrit\u00e4t und -schutz zu gew\u00e4hrleisten.<\/td><\/tr><tr><td><h2><a href=\"https:\/\/techltx.com\/de\/sap\/sap-hana\/hana-business-continuity\/\" data-type=\"page\" data-id=\"1177\">HANA Business Continuity<\/a><\/h2><\/td><td>Bei HANA Business Continuity geht es darum, mithilfe von Backup- und Disaster-Recovery-Verfahren sowie Systemreplikation sicherzustellen, dass die SAP HANA-Datenbanken auch im Falle eines Ausfalls oder einer Katastrophe kontinuierlich und zuverl\u00e4ssig funktionieren.<\/td><\/tr><tr><td><h2><a href=\"https:\/\/techltx.com\/de\/sap\/sap-hana\/hana-diagnosis-and-resolution\/\" data-type=\"page\" data-id=\"1186\">HANA Diagnosis and Resolution<\/a><\/h2><\/td><td>Bei HANA Diagnosis and Resolution geht es darum, SAP HANA-Landschaften zu \u00fcberwachen, Systemansichten abzufragen und Trace und Logdateien zu inspizieren, um Probleme zu diagnostizieren und durch die Programmkorrektur auf Basis von SAP incidents effektiv zu beheben.<\/td><\/tr><tr><td><h2><a href=\"https:\/\/techltx.com\/de\/sap\/sap-hana\/hana-lifecycle-management\/\">HANA Lifecycle Management<\/a><\/h2><\/td><td>Bei HANA Lifecycle Management geht es um die Installation, Aktualisierung und Verwaltung von SAP HANA-Komponenten und XSA-Anwendungen, um deren kontinuierliche Leistungsf\u00e4higkeit und Aktualit\u00e4t innerhalb der IT-Infrastruktur zu gew\u00e4hrleisten.<\/td><\/tr><tr><td><h2><a href=\"https:\/\/techltx.com\/de\/sap\/sap-hana\/hana-upkeep-and-maintenance\/\">HANA Upkeep and Maintenance<\/a><\/h2><\/td><td>Bei HANA Upkeep and Maintenance geht es darum, HANA-Verwaltungswerkzeuge zu nutzen, um Datenbanken effektiv zu \u00fcberwachen und zu administrieren, wodurch die Leistung und Stabilit\u00e4t des Systems sichergestellt wird.<\/td><\/tr><tr><td><h2><a href=\"https:\/\/techltx.com\/de\/sap\/sap-hana\/hana-optimal-performance\/\">HANA Optimal Performance<\/a><\/h2><\/td><td>Bei HANA Optimal Performance geht es darum, Ressourcen, insbesondere den Speicher, zu \u00fcberwachen, Arbeitslasten zu analysieren und kostenintensive SQL-Statements zu evaluieren, um die Effizienz und Geschwindigkeit der Datenverarbeitung zu maximieren.<\/td><\/tr><tr><td><h2><a href=\"https:\/\/techltx.com\/de\/sap\/sap-hana\/hana-documentation\/\">HANA Dokumentation<\/a><\/h2><\/td><td>Bei HANA Dokumentation geht es darum, die Systemtopologie detailliert zu beschreiben und Wissensdatenbankartikel zu erstellen, um eine umfassende Informationsquelle f\u00fcr die Unterst\u00fctzung und Optimierung der SAP HANA-Umgebung bereitzustellen.<\/td><\/tr><tr><td><h2><a href=\"https:\/\/techltx.com\/de\/sap\/sap-hana\/hana-management\/\" data-type=\"page\" data-id=\"1282\">HANA Management<\/a><\/h2><\/td><td>Bei HANA Management geht es darum, Systemparameter und Dienste zu konfigurieren, Alerts zu \u00fcberwachen und MDC-Datenbanken zu verwalten, um die Stabilit\u00e4t und Effizienz der SAP HANA-Umgebung sicherzustellen.<\/td><\/tr><tr><td><h2><a href=\"https:\/\/techltx.com\/de\/sap\/sap-hana\/hana-integration\/\" data-type=\"page\" data-id=\"1291\">HANA Integration<\/a><\/h2><\/td><td>Bei HANA Integration geht es um die Einrichtung von Datenpipelines, Authentifizierungsmechanismen und Datenbereitstellungsverfahren sowie die Nutzung von Smart Data Access (SDA) und Smart Data Integration (SDI), um eine nahtlose und effiziente Datenintegration und -verarbeitung innerhalb verschiedener Systeme und Plattformen zu gew\u00e4hrleisten.<\/td><\/tr><tr><td><h2><a href=\"https:\/\/techltx.com\/de\/sap\/sap-hana\/hana-development\/\" data-type=\"page\" data-id=\"1300\">HANA Development<\/a><\/h2><\/td><td>Bei HANA Development geht es um das Erstellen von SQL Stored Prozedures and Funktionen, benutzerdefinierten Tabellen und Ansichten, CDS-Views und HDI-Containern, um ma\u00dfgeschneiderte Datenmodelle und Anwendungslogiken effektiv zu implementieren und zu verwalten, die die spezifischen Gesch\u00e4ftsanforderungen und Datenverarbeitungsziele unterst\u00fctzen.<\/td><\/tr><tr><td><h2><a href=\"https:\/\/techltx.com\/de\/sap\/sap-hana\/hana-transport\/\" data-type=\"page\" data-id=\"1311\">HANA Transportation<\/a><\/h2><\/td><td>Bei HANA Transport geht es um den Einsatz von Transportmechanismen wie Delivery Units (DUs), das Change and Transport System (CTS) und SAP HANA Transport for ABAP (HTA for HDI), um eine sichere und konsistente \u00dcbertragung von Entwicklungsobjekten, einschlie\u00dflich HDI-Objekten und ABAP-Objekten, zwischen verschiedenen SAP HANA-Systemen und -Umgebungen zu erm\u00f6glichen.<\/td><\/tr><tr><td><h2><a href=\"https:\/\/techltx.com\/de\/sap\/sap-hana\/hana-tools\/\" data-type=\"page\" data-id=\"1320\">HANA Tools<\/a><\/h2><\/td><td>Bei HANA Tools geht es um den Einsatz von SAP HANA Cockpit, HANA Studio und Eclipse Modeling Tools f\u00fcr SAP BW\/4HANA, um eine umfassende und benutzerfreundliche Entwicklungsumgebung f\u00fcr die Verwaltung, \u00dcberwachung und Entwicklung von SAP HANA-Datenbanken und Business Warehouse-L\u00f6sungen zu bieten.<\/td><\/tr><tr><td><h2><a href=\"https:\/\/techltx.com\/de\/sap\/sap-hana\/hanacloud\/\" data-type=\"page\" data-id=\"1327\">HANACloud<\/a><\/h2><\/td><td>Bei SAP HANACloud als Database as a Service (DBaaS) geht es um das Bereitstellen einer skalierbaren, leistungsf\u00e4higen Cloud-Datenbankl\u00f6sung, die relationale, graphbasierte, r\u00e4umliche und Dokumenten-Datenmodelle integriert und es erm\u00f6glicht, intelligente Anwendungen mit eingebettetem maschinellem Lernen zu entwickeln, um Echtzeitanalysen und mission-kritische Anwendungen auf Petabyte-Niveau zu unterst\u00fctzen.<\/td><\/tr><tr><td><h2><a href=\"https:\/\/techltx.com\/de\/sap\/sap-hana\/hana-virtualization\/\" data-type=\"page\" data-id=\"1333\">HANA Virtualization<\/a><\/h2><\/td><td>Bei HANA Virtualization geht es um die Anwendung von Best Practices und Referenzarchitekturen wie VMware vSphere, sowie den Einsatz von Veeam Image-Level-Backups und BackInt, um SAP HANA-Daten effizient und zuverl\u00e4ssig in virtualisierten Umgebungen zu sichern.<\/td><\/tr><tr><td><h2><a href=\"https:\/\/techltx.com\/de\/sap\/sap-hana\/hana-migration\/\" data-type=\"page\" data-id=\"1342\">HANA Migration<\/a><\/h2><\/td><td>Bei HANA Migration geht es um den Prozess des Wechsels zur SAP HANA Plattform unter Nutzung von Betriebssystemen wie SUSE Enterprise Linux oder RedHat Enterprise Linux f\u00fcr SAP-L\u00f6sungen und die Anwendung des Software Update Managers (SUM) mit der Database Migration Option, um eine effiziente und sichere \u00dcbertragung bestehender Datenbanken auf die SAP HANA Umgebung zu gew\u00e4hrleisten.<\/td><\/tr><tr><td><h2><a href=\"https:\/\/techltx.com\/de\/sap\/sap-hana\/hana-audit\/\" data-type=\"page\" data-id=\"1353\">HANA Audit<\/a><\/h2><\/td><td>Bei HANA Audit geht es um die Nutzung von Richtlinien, Aktivit\u00e4ts- und \u00c4nderungsprotokollen sowie Vorlagen, um sicherzustellen, dass alle Zugriffe und Modifikationen in der SAP HANA Umgebung nachvollziehbar, \u00fcberpr\u00fcfbar und den Compliance-Anforderungen entsprechend dokumentiert werden.<\/td><\/tr><\/tbody><\/table><\/figure>\n\n\n\n<script type=\"application\/ld+json\">\n{\n  \"@context\":\"https:\/\/schema.org\",\n  \"@type\":\"FAQPage\",\n  \"mainEntity\":[\n    {\n      \"@type\":\"Question\",\n      \"name\":\"Wo finde ich zentrale Information \u00fcber die SAP HANA Platform?\",\n      \"acceptedAnswer\":{\n        \"@type\":\"Answer\",\n        \"text\":\"Sie suchen allgemeine Beratung zu SAP HANA. Die SAP-Hinweise 1514967, 1523337 und 2536742 enthalten zentrale Informationen und wichtige Links zu SAP HANA. Dokumentation f\u00fcr SAP HANA ist unter http:\/\/help.sap.com\/hana verf\u00fcgbar. Die SAP zertifizierten HANA Experten von BALTX.COM helfen gerne weiter. \"\n      }\n    },\n    {\n      \"@type\":\"Question\",\n      \"name\":\"Wo finde ich Informationen zu SAP HANA Backup and Recovery?\",\n      \"acceptedAnswer\":{\n        \"@type\":\"Answer\",\n        \"text\":\"W\u00e4hrend des normalen Datenbankbetriebs werden Daten an regelm\u00e4\u00dfigen Sicherungspunkten automatisch vom Speicher auf die Festplatte gesichert. Dar\u00fcber hinaus werden alle Daten\u00e4nderungen im Redo-Log aufgezeichnet. Die SAP-Hinweise 1642148 und 2768390 enthalten relevante Informationen und wichtige Links zu SAP HANA. Dokumentation f\u00fcr SAP HANA ist unter http:\/\/help.sap.com\/hana verf\u00fcgbar. Die SAP zertifizierten HANA Experten von BALTX.COM helfen gerne weiter.\"\n      }\n    },\n    {\n      \"@type\":\"Question\",\n      \"name\":\"Wo finde ich Informationen zur Installation von SAP HANA Live Content?\",\n      \"acceptedAnswer\":{\n        \"@type\":\"Answer\",\n        \"text\":\"Sie versuchen, das SAP HANA Live-Inhaltspaket mithilfe von SAP HANA-Lifecycle-Management-Tools zu installieren. Die Bereitstellung virtueller Datenmodelle oder Anwendungen schl\u00e4gt fehl.Die SAP-Hinweise 2393464 und 2118742  enthalten relevante Informationen und wichtige Links zu SAP HANA. Dokumentation f\u00fcr SAP HANA ist unter http:\/\/help.sap.com\/hana verf\u00fcgbar. Die SAP zertifizierten HANA Experten von BALTX.COM helfen gerne weiter.\"\n      }\n    },\n    {\n      \"@type\":\"Question\",\n      \"name\":\"Wie l\u00f6se ich blocked transactions durch locks in der SAP HANA?\",\n      \"acceptedAnswer\":{\n        \"@type\":\"Answer\",\n        \"text\":\" SAP HANA-Verbindungen h\u00e4ngen, weil sie auf Sperren warten m\u00fcssen. Die SAP-Hinweise 1999998 und 1858357 enthalten relevante Informationen und wichtige Links zu SAP HANA. Dokumentation f\u00fcr SAP HANA ist unter http:\/\/help.sap.com\/hana verf\u00fcgbar. Die SAP zertifizierten HANA Experten von BALTX.COM helfen gerne weiter.\"\n      }\n    },\n    {\n      \"@type\":\"Question\",\n      \"name\":\" Wie sieht das SAP HANA Data Aging Konzept f\u00fcr SAP S\/4HANA aus?\",\n      \"acceptedAnswer\":{\n        \"@type\":\"Answer\",\n        \"text\":\"Data Aging ist ein auf S\/4HANA zugeschnittenes Datenverwaltungskonzept zur Reduzierung des SAP HANA-Speicherbedarfs, basierend auf einem Data Aging Framework, das von SAP NetWeaver ABAP bereitgestellt wird. Data Aging ist f\u00fcr SAP Business Suite on HANA und SAP S\/4HANA-Anwendungen verf\u00fcgbar und bietet die M\u00f6glichkeit, gro\u00dfe Datenmengen innerhalb von SAP HANA zu verschieben, um mehr Arbeitsspeicher zu gewinnen. Data Aging unterscheidet zwischen betriebsrelevanten Daten (Hot\/Current) und Daten, auf die im Normalbetrieb nicht mehr zugegriffen wird (Cold\/Historical). Die Datentemperatur kann zur horizontalen Partitionierung der Tabellen (im Rahmen der Datenalterung) verwendet werden, um den Ressourcenverbrauch und die Leistung zu optimieren \u2013 indem Daten zwischen den verschiedenen Partitionen verschoben werden (d. h. von hei\u00dfen zu kalten Partitionen). Hei\u00dfe Daten befinden sich im Hauptspeicher von SAP HANA, w\u00e4hrend kalte Daten haupts\u00e4chlich auf der Festplatte gespeichert bleiben, aber auf Anfrage \u00fcber SQL zug\u00e4nglich bleiben.Die SAP-Hinweise 2416490 und 2869647 enthalten relevante Informationen und wichtige Links zu SAP HANA. Dokumentation f\u00fcr SAP HANA ist unter http:\/\/help.sap.com\/hana verf\u00fcgbar. Die SAP zertifizierten HANA Experten von BALTX.COM helfen gerne weiter.\"\n      }\n    }\n  ]\n}\n<\/script>\n","protected":false},"excerpt":{"rendered":"<p>Seit seiner Einf\u00fchrung im Jahr 2010 steht SAP HANA, kurz f\u00fcr High-Performance Analytic Appliance, im Zentrum der Aufmerksamkeit von IT-Experten weltweit. Der SAP-Mitbegr\u00fcnder Hasso Plattner hatte die Vision die Welt der Datenverarbeitung zu revolutionieren. In Echtzeit werden mit der SAP HANA Datenbank Transaktions- und Analysedaten verarbeitet. Diese fortschrittliche In-Memory-Plattform ist weit mehr als nur eine [&hellip;]<\/p>\n","protected":false},"author":3,"featured_media":0,"parent":39,"menu_order":0,"comment_status":"closed","ping_status":"closed","template":"","meta":{"content-type":"","_uag_custom_page_level_css":"","site-sidebar-layout":"default","site-content-layout":"","ast-site-content-layout":"default","site-content-style":"default","site-sidebar-style":"default","ast-global-header-display":"","ast-banner-title-visibility":"","ast-main-header-display":"","ast-hfb-above-header-display":"","ast-hfb-below-header-display":"","ast-hfb-mobile-header-display":"","site-post-title":"","ast-breadcrumbs-content":"","ast-featured-img":"","footer-sml-layout":"","ast-disable-related-posts":"","theme-transparent-header-meta":"","adv-header-id-meta":"","stick-header-meta":"","header-above-stick-meta":"","header-main-stick-meta":"","header-below-stick-meta":"","astra-migrate-meta-layouts":"set","ast-page-background-enabled":"default","ast-page-background-meta":{"desktop":{"background-color":"var(--ast-global-color-4)","background-image":"","background-repeat":"repeat","background-position":"center center","background-size":"auto","background-attachment":"scroll","background-type":"","background-media":"","overlay-type":"","overlay-color":"","overlay-opacity":"","overlay-gradient":""},"tablet":{"background-color":"","background-image":"","background-repeat":"repeat","background-position":"center center","background-size":"auto","background-attachment":"scroll","background-type":"","background-media":"","overlay-type":"","overlay-color":"","overlay-opacity":"","overlay-gradient":""},"mobile":{"background-color":"","background-image":"","background-repeat":"repeat","background-position":"center center","background-size":"auto","background-attachment":"scroll","background-type":"","background-media":"","overlay-type":"","overlay-color":"","overlay-opacity":"","overlay-gradient":""}},"ast-content-background-meta":{"desktop":{"background-color":"var(--ast-global-color-5)","background-image":"","background-repeat":"repeat","background-position":"center center","background-size":"auto","background-attachment":"scroll","background-type":"","background-media":"","overlay-type":"","overlay-color":"","overlay-opacity":"","overlay-gradient":""},"tablet":{"background-color":"var(--ast-global-color-5)","background-image":"","background-repeat":"repeat","background-position":"center center","background-size":"auto","background-attachment":"scroll","background-type":"","background-media":"","overlay-type":"","overlay-color":"","overlay-opacity":"","overlay-gradient":""},"mobile":{"background-color":"var(--ast-global-color-5)","background-image":"","background-repeat":"repeat","background-position":"center center","background-size":"auto","background-attachment":"scroll","background-type":"","background-media":"","overlay-type":"","overlay-color":"","overlay-opacity":"","overlay-gradient":""}},"footnotes":""},"class_list":["post-43","page","type-page","status-publish","hentry"],"uagb_featured_image_src":{"full":false,"thumbnail":false,"medium":false,"medium_large":false,"large":false,"1536x1536":false,"2048x2048":false},"uagb_author_info":{"display_name":"BALTX","author_link":"https:\/\/techltx.com\/de\/author\/baltx-com\/"},"uagb_comment_info":0,"uagb_excerpt":"Seit seiner Einf\u00fchrung im Jahr 2010 steht SAP HANA, kurz f\u00fcr High-Performance Analytic Appliance, im Zentrum der Aufmerksamkeit von IT-Experten weltweit. Der SAP-Mitbegr\u00fcnder Hasso Plattner hatte die Vision die Welt der Datenverarbeitung zu revolutionieren. In Echtzeit werden mit der SAP HANA Datenbank Transaktions- und Analysedaten verarbeitet. Diese fortschrittliche In-Memory-Plattform ist weit mehr als nur eine&hellip;","_links":{"self":[{"href":"https:\/\/techltx.com\/de\/wp-json\/wp\/v2\/pages\/43","targetHints":{"allow":["GET"]}}],"collection":[{"href":"https:\/\/techltx.com\/de\/wp-json\/wp\/v2\/pages"}],"about":[{"href":"https:\/\/techltx.com\/de\/wp-json\/wp\/v2\/types\/page"}],"author":[{"embeddable":true,"href":"https:\/\/techltx.com\/de\/wp-json\/wp\/v2\/users\/3"}],"replies":[{"embeddable":true,"href":"https:\/\/techltx.com\/de\/wp-json\/wp\/v2\/comments?post=43"}],"version-history":[{"count":68,"href":"https:\/\/techltx.com\/de\/wp-json\/wp\/v2\/pages\/43\/revisions"}],"predecessor-version":[{"id":1704,"href":"https:\/\/techltx.com\/de\/wp-json\/wp\/v2\/pages\/43\/revisions\/1704"}],"up":[{"embeddable":true,"href":"https:\/\/techltx.com\/de\/wp-json\/wp\/v2\/pages\/39"}],"wp:attachment":[{"href":"https:\/\/techltx.com\/de\/wp-json\/wp\/v2\/media?parent=43"}],"curies":[{"name":"wp","href":"https:\/\/api.w.org\/{rel}","templated":true}]}}