{"id":37,"date":"2023-01-13T19:50:26","date_gmt":"2023-01-13T17:50:26","guid":{"rendered":"https:\/\/techltx.com\/?page_id=37"},"modified":"2024-10-18T22:00:03","modified_gmt":"2024-10-18T19:00:03","slug":"startpage","status":"publish","type":"page","link":"https:\/\/techltx.com\/de\/","title":{"rendered":"Herzlich Willkommen bei techLTX.com"},"content":{"rendered":"\n<div class=\"wp-block-columns is-layout-flex wp-container-core-columns-is-layout-28f84493 wp-block-columns-is-layout-flex\">\n<div class=\"wp-block-column is-layout-flow wp-block-column-is-layout-flow\" style=\"flex-basis:66.66%\">\n<p>Wir sind mit der Vision gestartet, die SAP-Welt zu verbessern, sie sicherer zu machen und sowohl unseren <strong>Kunden<\/strong> als auch deren Mitarbeitern ein unvergessliches Erlebnis zu schaffen. Durch unseren hohen <strong>Qualit\u00e4tsanspruch<\/strong> hat die UAB BALTX.COM die Plattform techLTX.com geschaffen, um \u00fcber die Potentiale der SAP-Welt zu berichten und nahe an den aktuellen Themen zu sein. Bei BALTX.COM verstehen wir die Komplexit\u00e4t und Notwendigkeit einer effizienten SAP-Implementierung in Ihrem Unternehmen.<\/p>\n<p>Als unabh\u00e4ngiger Anbieter von <strong>nearshore<\/strong> L\u00f6sungen sind wir darauf spezialisiert, Ihr Unternehmen durch ma\u00dfgeschneiderte SAP-L\u00f6sungen zu optimieren. F\u00fcr eine zuverl\u00e4ssige und effiziente SAP-Umgebung engagieren wir uns leidenschaftlich gerne. Lagern Sie ausgew\u00e4hlte SIEM L\u00f6sungen, Security Tools und Teile der SAP Basis aus und konzentrieren Sie sich auf die wichtigen Aufgaben in Ihrer IT-Abteilung. Unsere Mission ist es, SAP-Kunden qualitativ hochwertige und skalierbare L\u00f6sungen zu bieten. Dazu nutzen wir die Cloud und mit unser nearshore Strategie helfen wir Ihnen Anforderungen schnell umzusetzen und Ihre Betriebskosten zu senken. Unser Team aus erfahrenen SAP-Beratern und -Technikern mit \u00fcber 20 Jahren Erfahrung steht bereit, um Ihnen bei jeder Phase Ihres SAP-Projekts zu helfen. Von der Planung und Implementierung bis hin zur fortlaufenden Wartung und Unterst\u00fctzung, wir bieten einen vollst\u00e4ndigen Service, der auf Ihre spezifischen Gesch\u00e4ftsanforderungen abgestimmt ist.<\/p>\n<p>Kontaktieren Sie uns noch heute, um zu erfahren, wie wir Ihrem Unternehmen helfen k\u00f6nnen, durch die Nutzung von SAP effizienter und sicherer zu werden.\u00a0<\/p>\n<p>Ihr\u00a0<\/p>\n<p>BALTX.COM Team\u00a0<\/p>\n<\/div>\n\n\n\n<div class=\"wp-block-column is-layout-flow wp-block-column-is-layout-flow\" style=\"flex-basis:33.33%\">\n<figure class=\"wp-block-image size-full\"><a href=\"https:\/\/techltx.com\/wp-content\/uploads\/2023\/06\/sap-etd-screenshot.png\"><img loading=\"lazy\" decoding=\"async\" width=\"322\" height=\"544\" src=\"https:\/\/techltx.com\/wp-content\/uploads\/2023\/06\/sap-etd-screenshot.png\" alt=\"\" class=\"wp-image-231\" srcset=\"https:\/\/techltx.com\/wp-content\/uploads\/2023\/06\/sap-etd-screenshot.png 322w, https:\/\/techltx.com\/wp-content\/uploads\/2023\/06\/sap-etd-screenshot-178x300.png 178w\" sizes=\"auto, (max-width: 322px) 100vw, 322px\" \/><\/a><\/figure>\n<\/div>\n<\/div>\n\n\n<ul class=\"wp-block-latest-posts__list is-grid columns-3 has-dates has-author wp-block-latest-posts\"><li><a class=\"wp-block-latest-posts__post-title\" href=\"https:\/\/techltx.com\/de\/sap\/dsag-jahreskongress-2024-dreiklang-der-zukunft\/2024\/10\/\">DSAG Jahreskongress 2024 in Leipzig | 5500 SAP Experten im Dreiklang<\/a><div class=\"wp-block-latest-posts__post-author\">von BALTX<\/div><time datetime=\"2024-10-18T21:52:42+03:00\" class=\"wp-block-latest-posts__post-date\">2024-10-18<\/time><div class=\"wp-block-latest-posts__post-excerpt\">Der DSAG Jahreskongress 2024 in Leipzig beleuchtet die digitale Transformation und zeigt, wie SAP, Partner und Kunden gemeinsam die Einf\u00fchrung von Cloud ERP-Systemen wie SAP RISE vorantreiben. Zentrale Themen sind die Zusammenarbeit, die Integration neuer Technologien wie der SAP Business Technology Platform (BTP) und die Bedeutung von Sicherheitsl\u00f6sungen wie den SAP Security Notes. Die Transformation ist nicht nur technologisch, sondern betrifft auch die Gesch\u00e4ftsstrategien der Unternehmen, um neue Gesch\u00e4ftsmodelle zu erm\u00f6glichen. Der Schl\u00fcssel zum Erfolg liegt in der intelligenten Nutzung von Cloud-L\u00f6sungen und der Zusammenarbeit aller Beteiligten.<\/div><\/li>\n<li><a class=\"wp-block-latest-posts__post-title\" href=\"https:\/\/techltx.com\/de\/sap\/sap-security-patchday-oktober-basis-leitfaden\/2024\/10\/\">SAP Security Patchday Oktober 2024 | Ein Leitfaden f\u00fcr SAP Basis Administratoren<\/a><div class=\"wp-block-latest-posts__post-author\">von BALTX<\/div><time datetime=\"2024-10-08T21:26:27+03:00\" class=\"wp-block-latest-posts__post-date\">2024-10-08<\/time><div class=\"wp-block-latest-posts__post-excerpt\">SAP Security Notes Patch Day Oktober 2024 Dieser Artikel ist eine Zusammenfassung \u00fcber die Inhalte und aktuellen Schwachstellen f\u00fcr SAP Systeme.   Am 8. Oktober 2024 ver\u00f6ffentlichte SAP auf ihrem Security Patch Day wichtige Updates, darunter sechs neue und sieben aktualisierte Sicherheitsnotizen, um Schwachstellen in verschiedenen Produkten wie SAP BusinessObjects und SAP Enterprise Project Connection zu adressieren. Die Sicherheitsnotizen umfassen kritische Sicherheitsl\u00fccken, die ohne entsprechende Patches die Vertraulichkeit, Integrit\u00e4t und Verf\u00fcgbarkeit der SAP-Systeme gef\u00e4hrden k\u00f6nnen, mit spezifischen Ma\u00dfnahmen und Patches, die zur Behebung dieser Schwachstellen empfohlen werden. SAP Basis Administratoren werden dringend dazu angehalten, diese Patches zu implementieren, um die Sicherheit und Compliance ihrer Systeme sicherzustellen.<\/div><\/li>\n<li><a class=\"wp-block-latest-posts__post-title\" href=\"https:\/\/techltx.com\/de\/sap\/sap-security-patchday-september-2024-sap-commerce-cloud-replication-server\/2024\/09\/\">SAP Security Patchday September 2024 | SAP BusinessObjects, Commerce Cloud und Replication Server<\/a><div class=\"wp-block-latest-posts__post-author\">von BALTX<\/div><time datetime=\"2024-09-10T20:14:03+03:00\" class=\"wp-block-latest-posts__post-date\">2024-09-10<\/time><div class=\"wp-block-latest-posts__post-excerpt\">SAP Security Notes Patch Day September 2024 Dieser Artikel ist eine Zusammenfassung \u00fcber die Inhalte und aktuellen Schwachstellen f\u00fcr SAP Systeme.   Im September 2024 ver\u00f6ffentlichte SAP auf ihrem Security Patch Day 16 neue Sicherheitsnotizen und aktualisierte drei bestehende, um kritische Schwachstellen in verschiedenen Produkten wie SAP BusinessObjects, SAP Commerce Cloud und SAP Replication Server zu adressieren. Diese Updates, klassifiziert als Hot News bis Medium mit CVSS-Scores bis zu 9.8, zielen darauf ab, die Vertraulichkeit, Integrit\u00e4t und Verf\u00fcgbarkeit der SAP-Landschaft zu sch\u00fctzen. SAP empfiehlt dringend, diese Patches priorit\u00e4r zu implementieren, um die fortlaufende Sicherheit und Stabilit\u00e4t der Systeme zu gew\u00e4hrleisten.<\/div><\/li>\n<li><a class=\"wp-block-latest-posts__post-title\" href=\"https:\/\/techltx.com\/de\/sap\/sap-hana-alter-merge-drop-partition\/2024\/08\/\">Erstellen und L\u00f6schen bzw. Zusammenf\u00fcgen von SAP HANA Partitionen mit der SQL Konsole<\/a><div class=\"wp-block-latest-posts__post-author\">von BALTX<\/div><time datetime=\"2024-08-27T23:08:01+03:00\" class=\"wp-block-latest-posts__post-date\">2024-08-27<\/time><div class=\"wp-block-latest-posts__post-excerpt\">SAP Security Notes Patch Day Juni 2024 Dieser Artikel ist eine Zusammenfassung \u00fcber die Inhalte und aktuellen Schwachstellen f\u00fcr SAP Systeme.  Am Juni-Patchday warnt SAP vor zehn neuen Sicherheitsl\u00fccken, darunter zwei hochriskante Schwachstellen. Ein kritisches Leck in SAP Financial Consolidation (CVE-2024-37177) gef\u00e4hrdet die Vertraulichkeit und Integrit\u00e4t der Anwendung, w\u00e4hrend eine Schwachstelle in SAP NetWeaver AS Java (CVE-2024-34688) Denial-of-Service-Angriffe erm\u00f6glicht. Weitere mittlere und niedrige Risiken wurden in verschiedenen SAP-Produkten identifiziert und behoben. IT-Verantwortliche sollten die bereitgestellten Updates zeitnah einspielen, um die Sicherheit ihrer Systeme zu gew\u00e4hrleisten.<\/div><\/li>\n<li><a class=\"wp-block-latest-posts__post-title\" href=\"https:\/\/techltx.com\/de\/sap\/sap-hana-rhel-9-4-kernel-live-patching\/2024\/08\/\">SAP HANA und RHEL 9.4 freigegeben<\/a><div class=\"wp-block-latest-posts__post-author\">von BALTX<\/div><time datetime=\"2024-08-20T23:10:56+03:00\" class=\"wp-block-latest-posts__post-date\">2024-08-20<\/time><div class=\"wp-block-latest-posts__post-excerpt\">SAP Security Notes Patch Day Juni 2024 Dieser Artikel ist eine Zusammenfassung \u00fcber die Inhalte und aktuellen Schwachstellen f\u00fcr SAP Systeme.  Am Juni-Patchday warnt SAP vor zehn neuen Sicherheitsl\u00fccken, darunter zwei hochriskante Schwachstellen. Ein kritisches Leck in SAP Financial Consolidation (CVE-2024-37177) gef\u00e4hrdet die Vertraulichkeit und Integrit\u00e4t der Anwendung, w\u00e4hrend eine Schwachstelle in SAP NetWeaver AS Java (CVE-2024-34688) Denial-of-Service-Angriffe erm\u00f6glicht. Weitere mittlere und niedrige Risiken wurden in verschiedenen SAP-Produkten identifiziert und behoben. IT-Verantwortliche sollten die bereitgestellten Updates zeitnah einspielen, um die Sicherheit ihrer Systeme zu gew\u00e4hrleisten.<\/div><\/li>\n<li><a class=\"wp-block-latest-posts__post-title\" href=\"https:\/\/techltx.com\/de\/sap\/sap-security-patchday-august-24-sap-build-apps\/2024\/08\/\">SAP Security Patchday August 2024 | SAP BuildApp und SAP BO<\/a><div class=\"wp-block-latest-posts__post-author\">von BALTX<\/div><time datetime=\"2024-08-13T15:28:29+03:00\" class=\"wp-block-latest-posts__post-date\">2024-08-13<\/time><div class=\"wp-block-latest-posts__post-excerpt\">SAP Security Notes Patch Day Juni 2024 Dieser Artikel ist eine Zusammenfassung \u00fcber die Inhalte und aktuellen Schwachstellen f\u00fcr SAP Systeme.  Am Juni-Patchday warnt SAP vor zehn neuen Sicherheitsl\u00fccken, darunter zwei hochriskante Schwachstellen. Ein kritisches Leck in SAP Financial Consolidation (CVE-2024-37177) gef\u00e4hrdet die Vertraulichkeit und Integrit\u00e4t der Anwendung, w\u00e4hrend eine Schwachstelle in SAP NetWeaver AS Java (CVE-2024-34688) Denial-of-Service-Angriffe erm\u00f6glicht. Weitere mittlere und niedrige Risiken wurden in verschiedenen SAP-Produkten identifiziert und behoben. IT-Verantwortliche sollten die bereitgestellten Updates zeitnah einspielen, um die Sicherheit ihrer Systeme zu gew\u00e4hrleisten.<\/div><\/li>\n<\/ul>","protected":false},"excerpt":{"rendered":"<p>Wir sind mit der Vision gestartet, die SAP-Welt zu verbessern, sie sicherer zu machen und sowohl unseren Kunden als auch deren Mitarbeitern ein unvergessliches Erlebnis zu schaffen. Durch unseren hohen Qualit\u00e4tsanspruch hat die UAB BALTX.COM die Plattform techLTX.com geschaffen, um \u00fcber die Potentiale der SAP-Welt zu berichten und nahe an den aktuellen Themen zu sein. [&hellip;]<\/p>\n","protected":false},"author":3,"featured_media":0,"parent":0,"menu_order":0,"comment_status":"closed","ping_status":"closed","template":"","meta":{"content-type":"","_uag_custom_page_level_css":"","site-sidebar-layout":"default","site-content-layout":"","ast-site-content-layout":"default","site-content-style":"default","site-sidebar-style":"default","ast-global-header-display":"","ast-banner-title-visibility":"","ast-main-header-display":"","ast-hfb-above-header-display":"","ast-hfb-below-header-display":"","ast-hfb-mobile-header-display":"","site-post-title":"","ast-breadcrumbs-content":"","ast-featured-img":"","footer-sml-layout":"","ast-disable-related-posts":"","theme-transparent-header-meta":"","adv-header-id-meta":"","stick-header-meta":"","header-above-stick-meta":"","header-main-stick-meta":"","header-below-stick-meta":"","astra-migrate-meta-layouts":"set","ast-page-background-enabled":"default","ast-page-background-meta":{"desktop":{"background-color":"var(--ast-global-color-4)","background-image":"","background-repeat":"repeat","background-position":"center center","background-size":"auto","background-attachment":"scroll","background-type":"","background-media":"","overlay-type":"","overlay-color":"","overlay-opacity":"","overlay-gradient":""},"tablet":{"background-color":"","background-image":"","background-repeat":"repeat","background-position":"center center","background-size":"auto","background-attachment":"scroll","background-type":"","background-media":"","overlay-type":"","overlay-color":"","overlay-opacity":"","overlay-gradient":""},"mobile":{"background-color":"","background-image":"","background-repeat":"repeat","background-position":"center center","background-size":"auto","background-attachment":"scroll","background-type":"","background-media":"","overlay-type":"","overlay-color":"","overlay-opacity":"","overlay-gradient":""}},"ast-content-background-meta":{"desktop":{"background-color":"var(--ast-global-color-5)","background-image":"","background-repeat":"repeat","background-position":"center center","background-size":"auto","background-attachment":"scroll","background-type":"","background-media":"","overlay-type":"","overlay-color":"","overlay-opacity":"","overlay-gradient":""},"tablet":{"background-color":"var(--ast-global-color-5)","background-image":"","background-repeat":"repeat","background-position":"center center","background-size":"auto","background-attachment":"scroll","background-type":"","background-media":"","overlay-type":"","overlay-color":"","overlay-opacity":"","overlay-gradient":""},"mobile":{"background-color":"var(--ast-global-color-5)","background-image":"","background-repeat":"repeat","background-position":"center center","background-size":"auto","background-attachment":"scroll","background-type":"","background-media":"","overlay-type":"","overlay-color":"","overlay-opacity":"","overlay-gradient":""}},"footnotes":""},"class_list":["post-37","page","type-page","status-publish","hentry"],"uagb_featured_image_src":{"full":false,"thumbnail":false,"medium":false,"medium_large":false,"large":false,"1536x1536":false,"2048x2048":false},"uagb_author_info":{"display_name":"BALTX","author_link":"https:\/\/techltx.com\/de\/author\/baltx-com\/"},"uagb_comment_info":0,"uagb_excerpt":"Wir sind mit der Vision gestartet, die SAP-Welt zu verbessern, sie sicherer zu machen und sowohl unseren Kunden als auch deren Mitarbeitern ein unvergessliches Erlebnis zu schaffen. Durch unseren hohen Qualit\u00e4tsanspruch hat die UAB BALTX.COM die Plattform techLTX.com geschaffen, um \u00fcber die Potentiale der SAP-Welt zu berichten und nahe an den aktuellen Themen zu sein.&hellip;","_links":{"self":[{"href":"https:\/\/techltx.com\/de\/wp-json\/wp\/v2\/pages\/37","targetHints":{"allow":["GET"]}}],"collection":[{"href":"https:\/\/techltx.com\/de\/wp-json\/wp\/v2\/pages"}],"about":[{"href":"https:\/\/techltx.com\/de\/wp-json\/wp\/v2\/types\/page"}],"author":[{"embeddable":true,"href":"https:\/\/techltx.com\/de\/wp-json\/wp\/v2\/users\/3"}],"replies":[{"embeddable":true,"href":"https:\/\/techltx.com\/de\/wp-json\/wp\/v2\/comments?post=37"}],"version-history":[{"count":31,"href":"https:\/\/techltx.com\/de\/wp-json\/wp\/v2\/pages\/37\/revisions"}],"predecessor-version":[{"id":2042,"href":"https:\/\/techltx.com\/de\/wp-json\/wp\/v2\/pages\/37\/revisions\/2042"}],"wp:attachment":[{"href":"https:\/\/techltx.com\/de\/wp-json\/wp\/v2\/media?parent=37"}],"curies":[{"name":"wp","href":"https:\/\/api.w.org\/{rel}","templated":true}]}}