{"id":1611,"date":"2024-06-23T12:28:14","date_gmt":"2024-06-23T09:28:14","guid":{"rendered":"https:\/\/techltx.com\/de\/?page_id=1611"},"modified":"2024-06-23T12:36:18","modified_gmt":"2024-06-23T09:36:18","slug":"sap-azure-support-contract","status":"publish","type":"page","link":"https:\/\/techltx.com\/de\/sap\/sapazure\/sap-azure-support-contract\/","title":{"rendered":"SAP-Azure Support Vertrag"},"content":{"rendered":"\n<div class=\"wp-block-columns is-layout-flex wp-container-core-columns-is-layout-28f84493 wp-block-columns-is-layout-flex\">\n<div class=\"wp-block-column is-layout-flow wp-block-column-is-layout-flow\" style=\"flex-basis:66.66%\">\n<p>Der <strong>SAP Azure Support Contract <\/strong>ist eine wichtige Vereinbarung f\u00fcr Unternehmen, die SAP-Anwendungen auf der Microsoft Azure Plattform betreiben. Diese Vertr\u00e4ge bieten umfassende Unterst\u00fctzung und optimierte Supportstrukturen, um die maximale Verf\u00fcgbarkeit und Performance von SAP-Systemen sicherzustellen. Microsoft bietet verschiedene Support-Level an, die je nach spezifischen Anforderungen ausgew\u00e4hlt werden k\u00f6nnen. Um den vollen Support nutzen zu k\u00f6nnen, m\u00fcssen bestimmte technische Voraussetzungen erf\u00fcllt sein, einschlie\u00dflich der Nutzung von Azure-Monitoring-Erweiterungen.<\/p>\n\n\n\n<p>F\u00fcr das Hosting von SAP Systemen auf der Microsoft Azure Cloud muss mindestens der Azure Support: Professional Direct (ProDirect) eingekauft werden, damit eine schnelle Erstreaktion, Eskalationsmanagement und Priorisierung gew\u00e4hrleistet ist.<\/p>\n<\/div>\n\n\n\n<div class=\"wp-block-column is-layout-flow wp-block-column-is-layout-flow\" style=\"flex-basis:33.33%\">\n<figure class=\"wp-block-image size-full\"><a href=\"https:\/\/techltx.com\/wp-content\/uploads\/2024\/06\/sap-azure-hosting.webp\"><img loading=\"lazy\" decoding=\"async\" width=\"1024\" height=\"1024\" src=\"https:\/\/techltx.com\/wp-content\/uploads\/2024\/06\/sap-azure-hosting.webp\" alt=\"\" class=\"wp-image-1569\" srcset=\"https:\/\/techltx.com\/wp-content\/uploads\/2024\/06\/sap-azure-hosting.webp 1024w, https:\/\/techltx.com\/wp-content\/uploads\/2024\/06\/sap-azure-hosting-300x300.webp 300w, https:\/\/techltx.com\/wp-content\/uploads\/2024\/06\/sap-azure-hosting-150x150.webp 150w, https:\/\/techltx.com\/wp-content\/uploads\/2024\/06\/sap-azure-hosting-768x768.webp 768w\" sizes=\"auto, (max-width: 1024px) 100vw, 1024px\" \/><\/a><\/figure>\n<\/div>\n<\/div>\n\n\n\n<p class=\"has-text-align-center\"><strong>Wir unterst\u00fctzen Sie gerne in den folgenden Themen:<\/strong><\/p>\n\n\n\n<figure class=\"wp-block-table is-style-stripes\"><table><tbody><tr><td><strong>Onboarding Requirements<\/strong><\/td><td>F\u00fcr das Onboarding von SAP-Systemen auf Azure m\u00fcssen verschiedene technische und infrastrukturelle Voraussetzungen erf\u00fcllt sein. Unternehmen ben\u00f6tigen eine Azure-Subscription, die mit SAP HANA auf Azure verkn\u00fcpft werden kann, sowie einen <strong>Microsoft Premier Support Vertrag<\/strong>. Die Netzwerkanbindung muss \u00fcber Azure ExpressRoute erfolgen, um eine zuverl\u00e4ssige und schnelle Verbindung zwischen den lokalen Rechenzentren und der Azure Cloud zu gew\u00e4hrleisten. Zudem sind spezifische Betriebssystemlizenzen und Softwareinstallationskomponenten erforderlich, um die SAP-Anwendungen ordnungsgem\u00e4\u00df zu betreiben\u200b.<\/td><\/tr><tr><td><strong>Zust\u00e4ndigkeit im Support<\/strong><\/td><td>Die Zust\u00e4ndigkeit im Support f\u00fcr SAP auf Azure ist klar zwischen Microsoft und SAP sowie eventuellen Drittanbietern geregelt. <strong>Microsoft bietet Support f\u00fcr die Azure-Infrastruktur, w\u00e4hrend SAP den Support f\u00fcr die Anwendungen \u00fcbernimmt.<\/strong> Sollte ein Problem auftreten, dessen Ursache unklar ist, empfiehlt es sich, zun\u00e4chst SAP zu kontaktieren, um eine umfassende Problemanalyse durchzuf\u00fchren. Bei erkennbaren Infrastrukturproblemen sollte direkt Microsoft kontaktiert werden. Diese klare Aufteilung stellt sicher, dass jedes Problem schnell und effektiv gel\u00f6st wird\u200b.<\/td><\/tr><tr><td><strong>Best Practices im Support<\/strong><\/td><td><strong>Best Practices im Support f\u00fcr SAP auf Azure<\/strong> beinhalten eine sorgf\u00e4ltige Planung und Implementierung von Hochverf\u00fcgbarkeits- und Disaster-Recovery-L\u00f6sungen. Es ist wichtig, eine vollst\u00e4ndige HADR-L\u00f6sung (<strong>High Availability and Disaster Recovery<\/strong>) w\u00e4hrend der Pilotphase einzurichten und zu validieren. Zudem sollten regelm\u00e4\u00dfige Backups und Sicherheitsupdates durchgef\u00fchrt werden, um die Integrit\u00e4t und Verf\u00fcgbarkeit der Systeme zu gew\u00e4hrleisten. Die Nutzung von Azure Monitor und anderen Azure-spezifischen Tools zur \u00dcberwachung und Verwaltung der SAP-Systeme tr\u00e4gt ebenfalls zur Optimierung des Supports bei\u200b (<a href=\"https:\/\/learn.microsoft.com\/en-us\/azure\/sap\/workloads\/planning-guide\" target=\"_blank\" rel=\"noreferrer noopener\">MS Learn<\/a>)\u200b\u200b.<\/td><\/tr><\/tbody><\/table><\/figure>\n\n\n\n<figure class=\"wp-block-image aligncenter size-full\"><a href=\"https:\/\/calendly.com\/baltx\/scheduleanexpert\"><img loading=\"lazy\" decoding=\"async\" width=\"355\" height=\"433\" src=\"https:\/\/techltx.com\/wp-content\/uploads\/2024\/04\/schedule-an-expert.png\" alt=\"\" class=\"wp-image-1092\" srcset=\"https:\/\/techltx.com\/wp-content\/uploads\/2024\/04\/schedule-an-expert.png 355w, https:\/\/techltx.com\/wp-content\/uploads\/2024\/04\/schedule-an-expert-246x300.png 246w\" sizes=\"auto, (max-width: 355px) 100vw, 355px\" \/><\/a><\/figure>\n\n\n\n<script type=\"application\/ld+json\">\n{\n  \"@context\":\"https:\/\/schema.org\",\n  \"@type\":\"FAQPage\",\n  \"mainEntity\":[\n    {\n      \"@type\":\"Question\",\n      \"name\":\"Was ist ein SAP Azure Support Contract?\",\n      \"acceptedAnswer\":{\n        \"@type\":\"Answer\",\n        \"text\":\"Ein SAP Azure Support Contract bietet Unternehmen umfassende Unterst\u00fctzung und optimierte Supportstrukturen f\u00fcr ihre auf Azure gehosteten SAP-Anwendungen, um eine maximale Verf\u00fcgbarkeit und Performance zu gew\u00e4hrleisten. Sie suchen Beratung zu SAP on Azure. Die SAP zertifizierten Experten von BALTX.COM helfen gerne weiter.\"\n      }\n    },\n    {\n      \"@type\":\"Question\",\n      \"name\":\"Welche Support-Level sind verf\u00fcgbar?\",\n      \"acceptedAnswer\":{\n        \"@type\":\"Answer\",\n        \"text\":\"Microsoft bietet verschiedene Support-Level an, darunter 'Professional Direct' und 'Unified Support', die je nach spezifischen Anforderungen und genutzten Technologien ausgew\u00e4hlt werden k\u00f6nnen. Sie suchen Beratung zu SAP on Azure. Die SAP zertifizierten Experten von BALTX.COM helfen gerne weiter.\"\n      }\n    },\n    {\n      \"@type\":\"Question\",\n      \"name\":\"Welche technischen Voraussetzungen m\u00fcssen erf\u00fcllt werden?\",\n      \"acceptedAnswer\":{\n        \"@type\":\"Answer\",\n        \"text\":\"F\u00fcr den vollen Support m\u00fcssen bestimmte technische Voraussetzungen wie die Aktivierung integrierter SAP-Monitore und die Nutzung von Azure-Monitoring-Erweiterungen erf\u00fcllt sein, um eine nahtlose Integration und \u00dcberwachung sicherzustellen. Sie suchen Beratung zu SAP on Azure. Die SAP zertifizierten Experten von BALTX.COM helfen gerne weiter.\"\n      }\n    }\n  ]\n}\n<\/script>\n","protected":false},"excerpt":{"rendered":"<p>Der SAP Azure Support Contract ist eine wichtige Vereinbarung f\u00fcr Unternehmen, die SAP-Anwendungen auf der Microsoft Azure Plattform betreiben. Diese Vertr\u00e4ge bieten umfassende Unterst\u00fctzung und optimierte Supportstrukturen, um die maximale Verf\u00fcgbarkeit und Performance von SAP-Systemen sicherzustellen. Microsoft bietet verschiedene Support-Level an, die je nach spezifischen Anforderungen ausgew\u00e4hlt werden k\u00f6nnen. Um den vollen Support nutzen zu [&hellip;]<\/p>\n","protected":false},"author":3,"featured_media":0,"parent":801,"menu_order":0,"comment_status":"closed","ping_status":"closed","template":"","meta":{"content-type":"","_uag_custom_page_level_css":"","site-sidebar-layout":"default","site-content-layout":"","ast-site-content-layout":"default","site-content-style":"default","site-sidebar-style":"default","ast-global-header-display":"","ast-banner-title-visibility":"","ast-main-header-display":"","ast-hfb-above-header-display":"","ast-hfb-below-header-display":"","ast-hfb-mobile-header-display":"","site-post-title":"","ast-breadcrumbs-content":"","ast-featured-img":"","footer-sml-layout":"","ast-disable-related-posts":"","theme-transparent-header-meta":"","adv-header-id-meta":"","stick-header-meta":"","header-above-stick-meta":"","header-main-stick-meta":"","header-below-stick-meta":"","astra-migrate-meta-layouts":"set","ast-page-background-enabled":"default","ast-page-background-meta":{"desktop":{"background-color":"var(--ast-global-color-4)","background-image":"","background-repeat":"repeat","background-position":"center center","background-size":"auto","background-attachment":"scroll","background-type":"","background-media":"","overlay-type":"","overlay-color":"","overlay-opacity":"","overlay-gradient":""},"tablet":{"background-color":"","background-image":"","background-repeat":"repeat","background-position":"center center","background-size":"auto","background-attachment":"scroll","background-type":"","background-media":"","overlay-type":"","overlay-color":"","overlay-opacity":"","overlay-gradient":""},"mobile":{"background-color":"","background-image":"","background-repeat":"repeat","background-position":"center center","background-size":"auto","background-attachment":"scroll","background-type":"","background-media":"","overlay-type":"","overlay-color":"","overlay-opacity":"","overlay-gradient":""}},"ast-content-background-meta":{"desktop":{"background-color":"var(--ast-global-color-5)","background-image":"","background-repeat":"repeat","background-position":"center center","background-size":"auto","background-attachment":"scroll","background-type":"","background-media":"","overlay-type":"","overlay-color":"","overlay-opacity":"","overlay-gradient":""},"tablet":{"background-color":"var(--ast-global-color-5)","background-image":"","background-repeat":"repeat","background-position":"center center","background-size":"auto","background-attachment":"scroll","background-type":"","background-media":"","overlay-type":"","overlay-color":"","overlay-opacity":"","overlay-gradient":""},"mobile":{"background-color":"var(--ast-global-color-5)","background-image":"","background-repeat":"repeat","background-position":"center center","background-size":"auto","background-attachment":"scroll","background-type":"","background-media":"","overlay-type":"","overlay-color":"","overlay-opacity":"","overlay-gradient":""}},"footnotes":""},"class_list":["post-1611","page","type-page","status-publish","hentry"],"uagb_featured_image_src":{"full":false,"thumbnail":false,"medium":false,"medium_large":false,"large":false,"1536x1536":false,"2048x2048":false},"uagb_author_info":{"display_name":"BALTX","author_link":"https:\/\/techltx.com\/de\/author\/baltx-com\/"},"uagb_comment_info":0,"uagb_excerpt":"Der SAP Azure Support Contract ist eine wichtige Vereinbarung f\u00fcr Unternehmen, die SAP-Anwendungen auf der Microsoft Azure Plattform betreiben. Diese Vertr\u00e4ge bieten umfassende Unterst\u00fctzung und optimierte Supportstrukturen, um die maximale Verf\u00fcgbarkeit und Performance von SAP-Systemen sicherzustellen. Microsoft bietet verschiedene Support-Level an, die je nach spezifischen Anforderungen ausgew\u00e4hlt werden k\u00f6nnen. Um den vollen Support nutzen zu&hellip;","_links":{"self":[{"href":"https:\/\/techltx.com\/de\/wp-json\/wp\/v2\/pages\/1611","targetHints":{"allow":["GET"]}}],"collection":[{"href":"https:\/\/techltx.com\/de\/wp-json\/wp\/v2\/pages"}],"about":[{"href":"https:\/\/techltx.com\/de\/wp-json\/wp\/v2\/types\/page"}],"author":[{"embeddable":true,"href":"https:\/\/techltx.com\/de\/wp-json\/wp\/v2\/users\/3"}],"replies":[{"embeddable":true,"href":"https:\/\/techltx.com\/de\/wp-json\/wp\/v2\/comments?post=1611"}],"version-history":[{"count":6,"href":"https:\/\/techltx.com\/de\/wp-json\/wp\/v2\/pages\/1611\/revisions"}],"predecessor-version":[{"id":1678,"href":"https:\/\/techltx.com\/de\/wp-json\/wp\/v2\/pages\/1611\/revisions\/1678"}],"up":[{"embeddable":true,"href":"https:\/\/techltx.com\/de\/wp-json\/wp\/v2\/pages\/801"}],"wp:attachment":[{"href":"https:\/\/techltx.com\/de\/wp-json\/wp\/v2\/media?parent=1611"}],"curies":[{"name":"wp","href":"https:\/\/api.w.org\/{rel}","templated":true}]}}