{"id":1606,"date":"2024-06-10T20:49:21","date_gmt":"2024-06-10T17:49:21","guid":{"rendered":"https:\/\/techltx.com\/de\/?page_id=1606"},"modified":"2024-06-10T20:55:24","modified_gmt":"2024-06-10T17:55:24","slug":"sap-azure-certification-trust","status":"publish","type":"page","link":"https:\/\/techltx.com\/de\/sap\/sapazure\/sap-azure-certification-trust\/","title":{"rendered":"SAP-Azure Zertifizierung &#038; Trust"},"content":{"rendered":"\n<div class=\"wp-block-columns is-layout-flex wp-container-core-columns-is-layout-28f84493 wp-block-columns-is-layout-flex\">\n<div class=\"wp-block-column is-layout-flow wp-block-column-is-layout-flow\" style=\"flex-basis:66.66%\">\n<p>Beratung zur Zertifizierung und zum Vertrauen bei SAP Cloud-Anwendungen ist notwendig, um sicherzustellen, dass Unternehmen die h\u00f6chsten Sicherheits- und Datenschutzstandards einhalten und ihre Cloud-Dienste optimal und rechtskonform betreiben. Dies st\u00e4rkt das Vertrauen der Kunden und minimiert rechtliche sowie betriebliche Risiken durch die Einhaltung internationaler Compliance-Vorgaben. Die Zertifizierung &#8222;Microsoft Certified: Azure for SAP Workloads Specialty&#8220; qualifiziert Fachleute f\u00fcr die effektive Migration, Integration und den Betrieb von SAP-L\u00f6sungen auf Microsoft Azure, wobei Kenntnisse in Hochverf\u00fcgbarkeit, Notfallwiederherstellung und Datenmanagement vermittelt werden. Bei SAP Compliance auf Azure geht es um die Einhaltung h\u00f6chster Informationssicherheits- und Datenschutzstandards durch regelm\u00e4\u00dfige Pr\u00fcfungen, um globale Zertifikate wie ISO und SOC zu erf\u00fcllen und das Vertrauen der Kunden zu st\u00e4rken. SAP Security auf Azure sch\u00fctzt die gesamte Organisation durch integrierte Sicherheitssysteme und den Einsatz von KI und Automatisierung, um Bedrohungen schnell zu erkennen und zu bew\u00e4ltigen, wodurch die Sicherheit der IT-Infrastruktur gew\u00e4hrleistet wird. SAP Privacy auf Azure stellt sicher, dass Datenschutzrichtlinien eingehalten und internationale Daten\u00fcbertragungen rechtlich abgesichert werden, insbesondere durch die Einhaltung der DSGVO und technischer Schutzma\u00dfnahmen. Die Microsoft Azure Data Center Certifications gew\u00e4hrleisten, dass die Daten der Unternehmen in sicheren, gepr\u00fcften Rechenzentren gespeichert werden, die internationalen Standards entsprechen, und bieten somit eine zuverl\u00e4ssige und vertrauensw\u00fcrdige Infrastruktur f\u00fcr Gesch\u00e4ftsanwendungen.<\/p>\n<\/div>\n\n\n\n<div class=\"wp-block-column is-layout-flow wp-block-column-is-layout-flow\" style=\"flex-basis:33.33%\">\n<figure class=\"wp-block-image size-full\"><a href=\"https:\/\/techltx.com\/wp-content\/uploads\/2024\/06\/sap-azure-hosting.webp\"><img loading=\"lazy\" decoding=\"async\" width=\"1024\" height=\"1024\" src=\"https:\/\/techltx.com\/wp-content\/uploads\/2024\/06\/sap-azure-hosting.webp\" alt=\"\" class=\"wp-image-1569\" srcset=\"https:\/\/techltx.com\/wp-content\/uploads\/2024\/06\/sap-azure-hosting.webp 1024w, https:\/\/techltx.com\/wp-content\/uploads\/2024\/06\/sap-azure-hosting-300x300.webp 300w, https:\/\/techltx.com\/wp-content\/uploads\/2024\/06\/sap-azure-hosting-150x150.webp 150w, https:\/\/techltx.com\/wp-content\/uploads\/2024\/06\/sap-azure-hosting-768x768.webp 768w\" sizes=\"auto, (max-width: 1024px) 100vw, 1024px\" \/><\/a><\/figure>\n<\/div>\n<\/div>\n\n\n\n<p class=\"has-text-align-center\"><strong>Wir unterst\u00fctzen Sie gerne in den folgenden Themen:<\/strong><\/p>\n\n\n\n<figure class=\"wp-block-table is-style-stripes\"><table><tbody><tr><td><strong>Microsoft Certified: Azure for SAP Workloads Specialty<\/strong><\/td><td>Bei der Zertifizierung &#8222;<strong>Microsoft Certified: Azure for SAP Workloads Specialty<\/strong>&#8220; geht es darum, Architekten und Ingenieure zu qualifizieren, die \u00fcber umfassende Erfahrung und Kenntnisse in der SAP-Systemlandschaft und den branchenspezifischen Standards verf\u00fcgen. Die Zertifizierung wird empfohlen, da sie Fachleute darauf vorbereitet, SAP-L\u00f6sungen auf Microsoft Azure effektiv zu migrieren, zu integrieren und langfristig zu betreiben. Dar\u00fcber hinaus vermittelt die Zertifizierung wichtige F\u00e4higkeiten in den Bereichen Hochverf\u00fcgbarkeit, Notfallwiederherstellung und Datenmanagement, die f\u00fcr den optimalen Betrieb von SAP-Workloads auf Azure entscheidend sind.<\/td><\/tr><tr><td><strong>SAP Compliance on Azure<\/strong><\/td><td>Bei SAP Compliance auf Azure geht es darum, sicherzustellen, dass SAP-Systeme den h\u00f6chsten Standards der <strong>Informationssicherheit und Datenschutz<\/strong> entsprechen. Jede Firma muss sich damit besch\u00e4ftigen, da regelm\u00e4\u00dfige Compliance-Pr\u00fcfungen durch interne \u00dcberpr\u00fcfungen und <strong>Audits<\/strong> erforderlich sind, um globale Standards wie ISO\/IEC, SOC und branchenspezifische Zertifikate zu erf\u00fcllen. Diese Standards umfassen ISO 9001 f\u00fcr Qualit\u00e4tsmanagement, ISO\/IEC 27001 f\u00fcr Sicherheitsmanagement und ISO 22301 f\u00fcr Betriebskontinuit\u00e4t, die den Schutz vor potenziellen Betriebsunterbrechungen gew\u00e4hrleisten. Durch die Einhaltung dieser Normen k\u00f6nnen Unternehmen das Vertrauen ihrer Kunden st\u00e4rken und rechtliche Risiken minimieren.<\/td><\/tr><tr><td><strong>SAP Security on Azure<\/strong><\/td><td>Bei SAP Security auf Azure geht es darum, die gesamte Organisation mit integrierten Sicherheitssystemen zu sch\u00fctzen, die \u00fcber verschiedene Plattformen und Cloud-Umgebungen hinweg arbeiten. Jede Firma muss sich damit besch\u00e4ftigen, um die <strong>Integrit\u00e4t, Verf\u00fcgbarkeit und Vertraulichkeit<\/strong> ihrer Daten zu gew\u00e4hrleisten und sich gegen Bedrohungen zu sch\u00fctzen. Durch den Einsatz f\u00fchrender KI, Automatisierung und Expertise k\u00f6nnen Bedrohungen schnell erkannt, effektiv darauf reagiert und die Sicherheitslage gest\u00e4rkt werden. Eine umfassende Sicherheitsl\u00f6sung bietet Unternehmen die n\u00f6tige Sicherheit, um ungest\u00f6rt zu wachsen, zu innovieren und neue Gesch\u00e4ftsm\u00f6glichkeiten zu erkunden. Sicherheit ist daher ein entscheidender Faktor, der es Unternehmen erm\u00f6glicht, ihre IT-Infrastruktur und ihre Gesch\u00e4ftst\u00e4tigkeit kontinuierlich zu sch\u00fctzen und zu verbessern. Guidelines wie <strong>NIST <\/strong>oder <strong>NIS2 <\/strong>sind f\u00fcr viele Unternehmen verpflichtend.<\/td><\/tr><tr><td><strong>SAP Privacy on Azure<\/strong><\/td><td>Bei SAP Privacy auf Azure geht es darum, wie SAP die Privatsph\u00e4re von Individuen sch\u00fctzt und respektiert. Jede Firma muss sich damit besch\u00e4ftigen, um den gesetzlichen Datenschutzanforderungen gerecht zu werden und das Vertrauen ihrer Kunden zu erhalten. SAP stellt umfassende Datenschutzrichtlinien und globale Compliance-Programme zur Verf\u00fcgung, die den Schutz personenbezogener Daten sicherstellen. Kunden in der EU\/EEA und Gro\u00dfbritannien haben die M\u00f6glichkeit, <strong>Datenverarbeitungsvereinbarungen (DPA)<\/strong> mit Standardvertragsklauseln zu unterzeichnen, um internationale Daten\u00fcbertragungen rechtlich abzusichern. Durch die Einhaltung der <strong>Datenschutz-Grundverordnung (DSGVO) <\/strong>und die Implementierung technischer und organisatorischer Ma\u00dfnahmen sch\u00fctzt SAP die Daten seiner Kunden vor unbefugtem Zugriff, Ver\u00e4nderung oder L\u00f6schung.<\/td><\/tr><tr><td><strong>SAP Service Level Agreement (SLA) on Azure<\/strong><\/td><td>Bei <strong>SAP Service Level Agreement (SLA)<\/strong> auf Azure geht es darum, die vertraglichen Verpflichtungen zwischen SAP und den Kunden hinsichtlich der Cloud-Dienste festzulegen. Jede Firma muss sich damit besch\u00e4ftigen, um sicherzustellen, dass die vereinbarten Leistungs- und Verf\u00fcgbarkeitsstandards eingehalten werden. Ein SLA umfasst die Bestellformulare, erg\u00e4nzende Gesch\u00e4ftsbedingungen, Support-Zeitpl\u00e4ne, das Service Level Agreement selbst, Datenverarbeitungsvereinbarungen und allgemeine Gesch\u00e4ftsbedingungen. Diese Dokumente regeln die Nutzung der Cloud-Dienste, den Schutz personenbezogener Daten und die technischen und organisatorischen Ma\u00dfnahmen zur Datensicherheit. Durch die genaue Kenntnis und Einhaltung dieser Vereinbarungen k\u00f6nnen Unternehmen die Qualit\u00e4t und Zuverl\u00e4ssigkeit ihrer SAP-Dienste auf Azure sicherstellen und ihre rechtlichen und betrieblichen Risiken minimieren.<\/td><\/tr><tr><td><strong>Microsoft Azure Data Center Certifications<\/strong><\/td><td>Bei den<strong> Microsoft Azure Data Center Certifications<\/strong> geht es darum, die Sicherheits- und Betriebsstandards der Microsoft Rechenzentren zu verstehen und zu erf\u00fcllen. Jede Firma muss sich damit besch\u00e4ftigen, um sicherzustellen, dass ihre Daten in einer sicheren und konformen Umgebung gespeichert und verarbeitet werden. Microsoft Rechenzentren unterliegen regelm\u00e4\u00dfigen internen und externen Pr\u00fcfungen, um die Einhaltung internationaler Standards wie ISO, SOC und FedRAMP zu gew\u00e4hrleisten. Diese Zertifizierungen bieten Unternehmen die Sicherheit, dass ihre Daten durch strenge physische und logische Sicherheitsma\u00dfnahmen gesch\u00fctzt sind. Durch die Zusammenarbeit mit einem zertifizierten Cloud-Anbieter wie Microsoft Azure k\u00f6nnen Unternehmen von einer robusten und vertrauensw\u00fcrdigen Infrastruktur profitieren, die ihre Gesch\u00e4ftsanforderungen unterst\u00fctzt.<\/td><\/tr><\/tbody><\/table><\/figure>\n\n\n\n<figure class=\"wp-block-image aligncenter size-full\"><a href=\"https:\/\/calendly.com\/baltx\/scheduleanexpert\"><img loading=\"lazy\" decoding=\"async\" width=\"355\" height=\"433\" src=\"https:\/\/techltx.com\/wp-content\/uploads\/2024\/04\/schedule-an-expert.png\" alt=\"\" class=\"wp-image-1092\" srcset=\"https:\/\/techltx.com\/wp-content\/uploads\/2024\/04\/schedule-an-expert.png 355w, https:\/\/techltx.com\/wp-content\/uploads\/2024\/04\/schedule-an-expert-246x300.png 246w\" sizes=\"auto, (max-width: 355px) 100vw, 355px\" \/><\/a><\/figure>\n\n\n\n<script type=\"application\/ld+json\">\n{\n  \"@context\":\"https:\/\/schema.org\",\n  \"@type\":\"FAQPage\",\n  \"mainEntity\":[\n    {\n      \"@type\":\"Question\",\n      \"name\":\"Was ist die Microsoft Certified: Azure for SAP Workloads Specialty Zertifizierung?\",\n      \"acceptedAnswer\":{\n        \"@type\":\"Answer\",\n        \"text\":\"Diese Zertifizierung best\u00e4tigt umfassende Kenntnisse und Erfahrungen in der Migration und dem Betrieb von SAP-Systemen auf Microsoft Azure. Die SAP zertifizierten Experten von BALTX.COM helfen gerne weiter.\"\n      }\n    },\n    {\n      \"@type\":\"Question\",\n      \"name\":\"Welche Vorteile bietet die SAP Azure Zertifizierung f\u00fcr mein Unternehmen?\",\n      \"acceptedAnswer\":{\n        \"@type\":\"Answer\",\n        \"text\":\"Die Zertifizierung gew\u00e4hrleistet, dass Ihre SAP-Workloads sicher, effizient und nach den h\u00f6chsten Standards betrieben werden, wodurch die Gesamtleistung und Resilienz verbessert werden. Die SAP zertifizierten Experten von BALTX.COM helfen gerne weiter.\"\n      }\n    },\n    {\n      \"@type\":\"Question\",\n      \"name\":\"Welche SAP-Workloads werden in Microsoft Azure unterst\u00fctzt?\",\n      \"acceptedAnswer\":{\n        \"@type\":\"Answer\",\n        \"text\":\"Microsoft Azure unterst\u00fctzt eine Vielzahl von SAP-Workloads, einschlie\u00dflich SAP HANA, SAP NetWeaver und anderen wichtigen SAP-Anwendungen. Die SAP zertifizierten Experten von BALTX.COM helfen gerne weiter.\"\n      }\n    }\n  ]\n}\n<\/script>\n","protected":false},"excerpt":{"rendered":"<p>Beratung zur Zertifizierung und zum Vertrauen bei SAP Cloud-Anwendungen ist notwendig, um sicherzustellen, dass Unternehmen die h\u00f6chsten Sicherheits- und Datenschutzstandards einhalten und ihre Cloud-Dienste optimal und rechtskonform betreiben. Dies st\u00e4rkt das Vertrauen der Kunden und minimiert rechtliche sowie betriebliche Risiken durch die Einhaltung internationaler Compliance-Vorgaben. Die Zertifizierung &#8222;Microsoft Certified: Azure for SAP Workloads Specialty&#8220; qualifiziert [&hellip;]<\/p>\n","protected":false},"author":3,"featured_media":0,"parent":801,"menu_order":0,"comment_status":"closed","ping_status":"closed","template":"","meta":{"content-type":"","_uag_custom_page_level_css":"","site-sidebar-layout":"default","site-content-layout":"","ast-site-content-layout":"default","site-content-style":"default","site-sidebar-style":"default","ast-global-header-display":"","ast-banner-title-visibility":"","ast-main-header-display":"","ast-hfb-above-header-display":"","ast-hfb-below-header-display":"","ast-hfb-mobile-header-display":"","site-post-title":"","ast-breadcrumbs-content":"","ast-featured-img":"","footer-sml-layout":"","ast-disable-related-posts":"","theme-transparent-header-meta":"","adv-header-id-meta":"","stick-header-meta":"","header-above-stick-meta":"","header-main-stick-meta":"","header-below-stick-meta":"","astra-migrate-meta-layouts":"set","ast-page-background-enabled":"default","ast-page-background-meta":{"desktop":{"background-color":"var(--ast-global-color-4)","background-image":"","background-repeat":"repeat","background-position":"center center","background-size":"auto","background-attachment":"scroll","background-type":"","background-media":"","overlay-type":"","overlay-color":"","overlay-opacity":"","overlay-gradient":""},"tablet":{"background-color":"","background-image":"","background-repeat":"repeat","background-position":"center center","background-size":"auto","background-attachment":"scroll","background-type":"","background-media":"","overlay-type":"","overlay-color":"","overlay-opacity":"","overlay-gradient":""},"mobile":{"background-color":"","background-image":"","background-repeat":"repeat","background-position":"center center","background-size":"auto","background-attachment":"scroll","background-type":"","background-media":"","overlay-type":"","overlay-color":"","overlay-opacity":"","overlay-gradient":""}},"ast-content-background-meta":{"desktop":{"background-color":"var(--ast-global-color-5)","background-image":"","background-repeat":"repeat","background-position":"center center","background-size":"auto","background-attachment":"scroll","background-type":"","background-media":"","overlay-type":"","overlay-color":"","overlay-opacity":"","overlay-gradient":""},"tablet":{"background-color":"var(--ast-global-color-5)","background-image":"","background-repeat":"repeat","background-position":"center center","background-size":"auto","background-attachment":"scroll","background-type":"","background-media":"","overlay-type":"","overlay-color":"","overlay-opacity":"","overlay-gradient":""},"mobile":{"background-color":"var(--ast-global-color-5)","background-image":"","background-repeat":"repeat","background-position":"center center","background-size":"auto","background-attachment":"scroll","background-type":"","background-media":"","overlay-type":"","overlay-color":"","overlay-opacity":"","overlay-gradient":""}},"footnotes":""},"class_list":["post-1606","page","type-page","status-publish","hentry"],"uagb_featured_image_src":{"full":false,"thumbnail":false,"medium":false,"medium_large":false,"large":false,"1536x1536":false,"2048x2048":false},"uagb_author_info":{"display_name":"BALTX","author_link":"https:\/\/techltx.com\/de\/author\/baltx-com\/"},"uagb_comment_info":0,"uagb_excerpt":"Beratung zur Zertifizierung und zum Vertrauen bei SAP Cloud-Anwendungen ist notwendig, um sicherzustellen, dass Unternehmen die h\u00f6chsten Sicherheits- und Datenschutzstandards einhalten und ihre Cloud-Dienste optimal und rechtskonform betreiben. Dies st\u00e4rkt das Vertrauen der Kunden und minimiert rechtliche sowie betriebliche Risiken durch die Einhaltung internationaler Compliance-Vorgaben. Die Zertifizierung &#8222;Microsoft Certified: Azure for SAP Workloads Specialty&#8220; qualifiziert&hellip;","_links":{"self":[{"href":"https:\/\/techltx.com\/de\/wp-json\/wp\/v2\/pages\/1606","targetHints":{"allow":["GET"]}}],"collection":[{"href":"https:\/\/techltx.com\/de\/wp-json\/wp\/v2\/pages"}],"about":[{"href":"https:\/\/techltx.com\/de\/wp-json\/wp\/v2\/types\/page"}],"author":[{"embeddable":true,"href":"https:\/\/techltx.com\/de\/wp-json\/wp\/v2\/users\/3"}],"replies":[{"embeddable":true,"href":"https:\/\/techltx.com\/de\/wp-json\/wp\/v2\/comments?post=1606"}],"version-history":[{"count":8,"href":"https:\/\/techltx.com\/de\/wp-json\/wp\/v2\/pages\/1606\/revisions"}],"predecessor-version":[{"id":1643,"href":"https:\/\/techltx.com\/de\/wp-json\/wp\/v2\/pages\/1606\/revisions\/1643"}],"up":[{"embeddable":true,"href":"https:\/\/techltx.com\/de\/wp-json\/wp\/v2\/pages\/801"}],"wp:attachment":[{"href":"https:\/\/techltx.com\/de\/wp-json\/wp\/v2\/media?parent=1606"}],"curies":[{"name":"wp","href":"https:\/\/api.w.org\/{rel}","templated":true}]}}