{"id":1592,"date":"2024-06-09T22:56:55","date_gmt":"2024-06-09T19:56:55","guid":{"rendered":"https:\/\/techltx.com\/de\/?page_id=1592"},"modified":"2024-06-09T23:03:56","modified_gmt":"2024-06-09T20:03:56","slug":"sap-hosting-private-public","status":"publish","type":"page","link":"https:\/\/techltx.com\/de\/sap\/sapazure\/sap-hosting-private-public\/","title":{"rendered":"SAP Hosting Models"},"content":{"rendered":"\n<div class=\"wp-block-columns is-layout-flex wp-container-core-columns-is-layout-28f84493 wp-block-columns-is-layout-flex\">\n<div class=\"wp-block-column is-layout-flow wp-block-column-is-layout-flow\" style=\"flex-basis:66.66%\">\n<p>Erkunden Sie die verschiedenen Cloud-Hosting-Modelle f\u00fcr SAP-Workloads und finden Sie die perfekte L\u00f6sung f\u00fcr Ihr Unternehmen. Private Clouds bieten eine exklusive Umgebung, in der Ressourcen nur f\u00fcr ein Unternehmen bereitgestellt werden, was maximale Kontrolle und Sicherheit gew\u00e4hrleistet. Public Clouds wie Microsoft Azure erm\u00f6glichen es Unternehmen, ihre SAP-Systeme flexibel und kosteneffizient zu skalieren, da sie nur f\u00fcr die tats\u00e4chlich genutzten Ressourcen zahlen. Hybrid Clouds kombinieren das Beste aus beiden Welten, indem sie eine private Infrastruktur mit den Vorteilen der Public Cloud verbinden, was eine flexible und optimierte Nutzung der IT-Ressourcen erm\u00f6glicht. Mit SAP Hosting auf Microsoft Azure profitieren Unternehmen von einer nahtlosen Integration und innovativen L\u00f6sungen, die ihre IT-Infrastruktur effizienter und zukunftssicher machen.<\/p>\n<\/div>\n\n\n\n<div class=\"wp-block-column is-layout-flow wp-block-column-is-layout-flow\" style=\"flex-basis:33.33%\">\n<figure class=\"wp-block-image size-full\"><a href=\"https:\/\/techltx.com\/wp-content\/uploads\/2024\/06\/sap-azure-hosting.webp\"><img loading=\"lazy\" decoding=\"async\" width=\"1024\" height=\"1024\" src=\"https:\/\/techltx.com\/wp-content\/uploads\/2024\/06\/sap-azure-hosting.webp\" alt=\"\" class=\"wp-image-1569\" srcset=\"https:\/\/techltx.com\/wp-content\/uploads\/2024\/06\/sap-azure-hosting.webp 1024w, https:\/\/techltx.com\/wp-content\/uploads\/2024\/06\/sap-azure-hosting-300x300.webp 300w, https:\/\/techltx.com\/wp-content\/uploads\/2024\/06\/sap-azure-hosting-150x150.webp 150w, https:\/\/techltx.com\/wp-content\/uploads\/2024\/06\/sap-azure-hosting-768x768.webp 768w\" sizes=\"auto, (max-width: 1024px) 100vw, 1024px\" \/><\/a><\/figure>\n<\/div>\n<\/div>\n\n\n\n<p class=\"has-text-align-center\"><strong>Wir unterst\u00fctzen Sie gerne in den folgenden Themen:<\/strong><\/p>\n\n\n\n<figure class=\"wp-block-table is-style-stripes\"><table><tbody><tr><td><strong>Private Cloud<\/strong><\/td><td>Bei der <strong>Private Cloud im SAP Hosting<\/strong> geht es darum, dass Unternehmen ihre SAP-Systeme auf einer exklusiven Cloud-Infrastruktur betreiben, die nur f\u00fcr sie zug\u00e4nglich ist. Zu den Vorteilen geh\u00f6ren h\u00f6chste Sicherheit, vollst\u00e4ndige Kontrolle \u00fcber die Ressourcen und ma\u00dfgeschneiderte L\u00f6sungen. Nachteile k\u00f6nnen die h\u00f6heren Kosten und der Aufwand f\u00fcr die Verwaltung und Wartung der eigenen dedizierten Infrastruktur sein.<\/td><\/tr><tr><td><strong>Public Cloud <\/strong><\/td><td>Bei der <strong>Public Cloud im SAP Hosting<\/strong> auf Microsoft Azure geht es darum, dass Unternehmen ihre SAP-Systeme auf einer gemeinsam genutzten Cloud-Infrastruktur betreiben, die von Microsoft verwaltet wird. Zu den Vorteilen geh\u00f6ren flexible Skalierbarkeit, Kosteneffizienz durch Pay-per-Use-Modelle und Zugang zu den neuesten Technologien und Sicherheitsfunktionen. Nachteile k\u00f6nnen eine geringere Kontrolle \u00fcber die Daten und potenzielle Bedenken hinsichtlich der Datensicherheit und Compliance sein.<\/td><\/tr><tr><td><strong>Hybrid Cloud<\/strong><\/td><td>Bei der <strong>Hybrid Cloud im SAP Hosting <\/strong>auf Microsoft Azure geht es darum, eine Kombination aus Private und Public Cloud zu nutzen, um SAP-Systeme flexibel und effizient zu betreiben. Zu den Vorteilen geh\u00f6ren die optimale Nutzung der Ressourcen, erh\u00f6hte Flexibilit\u00e4t und die M\u00f6glichkeit, sensible Daten sicher in der Private Cloud zu halten, w\u00e4hrend andere Anwendungen in der Public Cloud betrieben werden. Nachteile k\u00f6nnen die Komplexit\u00e4t der Verwaltung und Integration der beiden Cloud-Umgebungen sowie potenziell h\u00f6here Kosten durch die Nutzung verschiedener Infrastrukturen sein.<\/td><\/tr><tr><td><strong>S\/4HANA Hosting mit SAP RISE<\/strong><\/td><td>Beim<strong> S\/4HANA Hosting mit SAP RISE<\/strong> im SAP Hosting auf <strong>Microsoft Azure<\/strong> geht es darum, Unternehmen eine vollst\u00e4ndig verwaltete und skalierbare L\u00f6sung f\u00fcr ihre S\/4HANA-Umgebung zu bieten. Zu den Vorteilen geh\u00f6ren eine schnellere Implementierung, verbesserte Flexibilit\u00e4t und der Zugang zu umfassenden Support- und Wartungsservices. Nachteile k\u00f6nnen die Abh\u00e4ngigkeit von SAP und Microsoft f\u00fcr den Betrieb und die Verwaltung der Systeme sowie potenziell h\u00f6here Kosten im Vergleich zu eigenst\u00e4ndigen L\u00f6sungen sein.<\/td><\/tr><\/tbody><\/table><\/figure>\n\n\n\n<figure class=\"wp-block-image size-large\"><a href=\"https:\/\/techltx.com\/wp-content\/uploads\/2024\/06\/onpremise-iaas-paas-saas.png\"><img loading=\"lazy\" decoding=\"async\" width=\"1024\" height=\"654\" src=\"https:\/\/techltx.com\/wp-content\/uploads\/2024\/06\/onpremise-iaas-paas-saas-1024x654.png\" alt=\"\" class=\"wp-image-1597\" srcset=\"https:\/\/techltx.com\/wp-content\/uploads\/2024\/06\/onpremise-iaas-paas-saas-1024x654.png 1024w, https:\/\/techltx.com\/wp-content\/uploads\/2024\/06\/onpremise-iaas-paas-saas-300x192.png 300w, https:\/\/techltx.com\/wp-content\/uploads\/2024\/06\/onpremise-iaas-paas-saas-768x490.png 768w, https:\/\/techltx.com\/wp-content\/uploads\/2024\/06\/onpremise-iaas-paas-saas-1536x981.png 1536w, https:\/\/techltx.com\/wp-content\/uploads\/2024\/06\/onpremise-iaas-paas-saas.png 1638w\" sizes=\"auto, (max-width: 1024px) 100vw, 1024px\" \/><\/a><\/figure>\n\n\n\n<figure class=\"wp-block-image aligncenter size-full\"><a href=\"https:\/\/calendly.com\/baltx\/scheduleanexpert\"><img loading=\"lazy\" decoding=\"async\" width=\"355\" height=\"433\" src=\"https:\/\/techltx.com\/wp-content\/uploads\/2024\/04\/schedule-an-expert.png\" alt=\"\" class=\"wp-image-1092\" srcset=\"https:\/\/techltx.com\/wp-content\/uploads\/2024\/04\/schedule-an-expert.png 355w, https:\/\/techltx.com\/wp-content\/uploads\/2024\/04\/schedule-an-expert-246x300.png 246w\" sizes=\"auto, (max-width: 355px) 100vw, 355px\" \/><\/a><\/figure>\n\n\n\n<script type=\"application\/ld+json\">\n{\n  \"@context\":\"https:\/\/schema.org\",\n  \"@type\":\"FAQPage\",\n  \"mainEntity\":[\n    {\n      \"@type\":\"Question\",\n      \"name\":\"Welche Vorteile bietet die Private Cloud f\u00fcr SAP Hosting?\",\n      \"acceptedAnswer\":{\n        \"@type\":\"Answer\",\n        \"text\":\"Eine Private Cloud bietet Unternehmen eine sichere und dedizierte Umgebung f\u00fcr ihre SAP-Systeme, erm\u00f6glicht bedarfsgerechten Zugriff und ma\u00dfgeschneiderte L\u00f6sungen. Sie suchen Beratung zu SAP on Azure. Die SAP zertifizierten Experten von BALTX.COM helfen gerne weiter.\"\n      }\n    },\n    {\n      \"@type\":\"Question\",\n      \"name\":\"Was sind die Hauptvorteile der Public Cloud f\u00fcr SAP Hosting?\",\n      \"acceptedAnswer\":{\n        \"@type\":\"Answer\",\n        \"text\":\" Die Public Cloud bietet Kosteneinsparungen, flexible Skalierbarkeit und eine schnelle Bereitstellung von Ressourcen, was besonders f\u00fcr Unternehmen mit globalen Anforderungen von Vorteil ist. Sie suchen Beratung zu SAP on Azure. Die SAP zertifizierten Experten von BALTX.COM helfen gerne weiter.\"\n      }\n    },\n    {\n      \"@type\":\"Question\",\n      \"name\":\"Wie funktioniert ein Hybrid Cloud-Modell f\u00fcr SAP Hosting bei Azure?\",\n      \"acceptedAnswer\":{\n        \"@type\":\"Answer\",\n        \"text\":\"Ein Hybrid Cloud-Modell kombiniert die Vorteile von Private und Public Cloud, indem es eine flexible, skalierbare und sichere Umgebung schafft, die optimal auf die individuellen Gesch\u00e4ftsanforderungen abgestimmt ist. Sie suchen Beratung zu SAP on Azure. Die SAP zertifizierten Experten von BALTX.COM helfen gerne weiter.\"\n      }\n    }\n  ]\n}\n<\/script>\n","protected":false},"excerpt":{"rendered":"<p>Erkunden Sie die verschiedenen Cloud-Hosting-Modelle f\u00fcr SAP-Workloads und finden Sie die perfekte L\u00f6sung f\u00fcr Ihr Unternehmen. Private Clouds bieten eine exklusive Umgebung, in der Ressourcen nur f\u00fcr ein Unternehmen bereitgestellt werden, was maximale Kontrolle und Sicherheit gew\u00e4hrleistet. Public Clouds wie Microsoft Azure erm\u00f6glichen es Unternehmen, ihre SAP-Systeme flexibel und kosteneffizient zu skalieren, da sie nur [&hellip;]<\/p>\n","protected":false},"author":3,"featured_media":0,"parent":801,"menu_order":0,"comment_status":"closed","ping_status":"closed","template":"","meta":{"content-type":"","_uag_custom_page_level_css":"","site-sidebar-layout":"default","site-content-layout":"","ast-site-content-layout":"default","site-content-style":"default","site-sidebar-style":"default","ast-global-header-display":"","ast-banner-title-visibility":"","ast-main-header-display":"","ast-hfb-above-header-display":"","ast-hfb-below-header-display":"","ast-hfb-mobile-header-display":"","site-post-title":"","ast-breadcrumbs-content":"","ast-featured-img":"","footer-sml-layout":"","ast-disable-related-posts":"","theme-transparent-header-meta":"","adv-header-id-meta":"","stick-header-meta":"","header-above-stick-meta":"","header-main-stick-meta":"","header-below-stick-meta":"","astra-migrate-meta-layouts":"set","ast-page-background-enabled":"default","ast-page-background-meta":{"desktop":{"background-color":"var(--ast-global-color-4)","background-image":"","background-repeat":"repeat","background-position":"center center","background-size":"auto","background-attachment":"scroll","background-type":"","background-media":"","overlay-type":"","overlay-color":"","overlay-opacity":"","overlay-gradient":""},"tablet":{"background-color":"","background-image":"","background-repeat":"repeat","background-position":"center center","background-size":"auto","background-attachment":"scroll","background-type":"","background-media":"","overlay-type":"","overlay-color":"","overlay-opacity":"","overlay-gradient":""},"mobile":{"background-color":"","background-image":"","background-repeat":"repeat","background-position":"center center","background-size":"auto","background-attachment":"scroll","background-type":"","background-media":"","overlay-type":"","overlay-color":"","overlay-opacity":"","overlay-gradient":""}},"ast-content-background-meta":{"desktop":{"background-color":"var(--ast-global-color-5)","background-image":"","background-repeat":"repeat","background-position":"center center","background-size":"auto","background-attachment":"scroll","background-type":"","background-media":"","overlay-type":"","overlay-color":"","overlay-opacity":"","overlay-gradient":""},"tablet":{"background-color":"var(--ast-global-color-5)","background-image":"","background-repeat":"repeat","background-position":"center center","background-size":"auto","background-attachment":"scroll","background-type":"","background-media":"","overlay-type":"","overlay-color":"","overlay-opacity":"","overlay-gradient":""},"mobile":{"background-color":"var(--ast-global-color-5)","background-image":"","background-repeat":"repeat","background-position":"center center","background-size":"auto","background-attachment":"scroll","background-type":"","background-media":"","overlay-type":"","overlay-color":"","overlay-opacity":"","overlay-gradient":""}},"footnotes":""},"class_list":["post-1592","page","type-page","status-publish","hentry"],"uagb_featured_image_src":{"full":false,"thumbnail":false,"medium":false,"medium_large":false,"large":false,"1536x1536":false,"2048x2048":false},"uagb_author_info":{"display_name":"BALTX","author_link":"https:\/\/techltx.com\/de\/author\/baltx-com\/"},"uagb_comment_info":0,"uagb_excerpt":"Erkunden Sie die verschiedenen Cloud-Hosting-Modelle f\u00fcr SAP-Workloads und finden Sie die perfekte L\u00f6sung f\u00fcr Ihr Unternehmen. Private Clouds bieten eine exklusive Umgebung, in der Ressourcen nur f\u00fcr ein Unternehmen bereitgestellt werden, was maximale Kontrolle und Sicherheit gew\u00e4hrleistet. Public Clouds wie Microsoft Azure erm\u00f6glichen es Unternehmen, ihre SAP-Systeme flexibel und kosteneffizient zu skalieren, da sie nur&hellip;","_links":{"self":[{"href":"https:\/\/techltx.com\/de\/wp-json\/wp\/v2\/pages\/1592","targetHints":{"allow":["GET"]}}],"collection":[{"href":"https:\/\/techltx.com\/de\/wp-json\/wp\/v2\/pages"}],"about":[{"href":"https:\/\/techltx.com\/de\/wp-json\/wp\/v2\/types\/page"}],"author":[{"embeddable":true,"href":"https:\/\/techltx.com\/de\/wp-json\/wp\/v2\/users\/3"}],"replies":[{"embeddable":true,"href":"https:\/\/techltx.com\/de\/wp-json\/wp\/v2\/comments?post=1592"}],"version-history":[{"count":5,"href":"https:\/\/techltx.com\/de\/wp-json\/wp\/v2\/pages\/1592\/revisions"}],"predecessor-version":[{"id":1601,"href":"https:\/\/techltx.com\/de\/wp-json\/wp\/v2\/pages\/1592\/revisions\/1601"}],"up":[{"embeddable":true,"href":"https:\/\/techltx.com\/de\/wp-json\/wp\/v2\/pages\/801"}],"wp:attachment":[{"href":"https:\/\/techltx.com\/de\/wp-json\/wp\/v2\/media?parent=1592"}],"curies":[{"name":"wp","href":"https:\/\/api.w.org\/{rel}","templated":true}]}}