{"id":1430,"date":"2024-05-27T22:06:53","date_gmt":"2024-05-27T19:06:53","guid":{"rendered":"https:\/\/techltx.com\/de\/?page_id=1430"},"modified":"2024-05-27T22:10:29","modified_gmt":"2024-05-27T19:10:29","slug":"digital-manufacturing-prodcon","status":"publish","type":"page","link":"https:\/\/techltx.com\/de\/sap\/sap-manufacturing\/digital-manufacturing-prodcon\/","title":{"rendered":"Digital Manufacturing ProdCon"},"content":{"rendered":"\n<div class=\"wp-block-columns is-layout-flex wp-container-core-columns-is-layout-28f84493 wp-block-columns-is-layout-flex\">\n<div class=\"wp-block-column is-layout-flow wp-block-column-is-layout-flow\" style=\"flex-basis:66.66%\">\n<p><strong>SAP Production Connector (ProdCon) <\/strong>erm\u00f6glicht die Integration von SAP Digital Manufacturing mit den Ger\u00e4ten und Anlagen in Ihrer Produktionsumgebung. Als .NET Version 8 Anwendung, die auf Microsoft Windows l\u00e4uft, erlaubt ProdCon den Zugriff auf Produktionsdaten und -dienste von verschiedenen Quellen und Technologien. Die Konfiguration erfolgt direkt \u00fcber SAP Digital Manufacturing, wodurch eine effiziente und sichere Datenkommunikation zwischen den Systemen auf dem Shopfloor und den Anwendungen in der Cloud gew\u00e4hrleistet wird. ProdCon unterst\u00fctzt g\u00e4ngige Schnittstellen wie OPC DA und MQTT und stellt sicher, dass Ihre Produktionsprozesse optimal gesteuert und \u00fcberwacht werden k\u00f6nnen.<\/p>\n<\/div>\n\n\n\n<div class=\"wp-block-column is-layout-flow wp-block-column-is-layout-flow\" style=\"flex-basis:33.33%\">\n<figure class=\"wp-block-image size-full\"><a href=\"https:\/\/techltx.com\/wp-content\/uploads\/2024\/05\/SAP-DM-ProdCon-Architecture.png\"><img loading=\"lazy\" decoding=\"async\" width=\"669\" height=\"411\" src=\"https:\/\/techltx.com\/wp-content\/uploads\/2024\/05\/SAP-DM-ProdCon-Architecture.png\" alt=\"\" class=\"wp-image-1542\" srcset=\"https:\/\/techltx.com\/wp-content\/uploads\/2024\/05\/SAP-DM-ProdCon-Architecture.png 669w, https:\/\/techltx.com\/wp-content\/uploads\/2024\/05\/SAP-DM-ProdCon-Architecture-300x184.png 300w\" sizes=\"auto, (max-width: 669px) 100vw, 669px\" \/><\/a><figcaption class=\"wp-element-caption\">SAP DM Production Connector (ProdCon)<\/figcaption><\/figure>\n<\/div>\n<\/div>\n\n\n\n<p class=\"has-text-align-center\"><strong>Wir unterst\u00fctzen Sie gerne in den folgenden Themen:<\/strong><\/p>\n\n\n\n<figure class=\"wp-block-table is-style-stripes\"><table><tbody><tr><td><strong>SAP ProdCon Architecture<\/strong><\/td><td>Die Architektur des<strong> SAP Production Connectors (ProdCon)<\/strong> erm\u00f6glicht eine nahtlose Integration von Produktionssystemen mit SAP Digital Manufacturing, indem sie Produktionsdaten und -dienste von der Shopfloor-Ebene in die IT-Welt \u00fcbertr\u00e4gt. Der ProdCon l\u00e4uft als .NET-Anwendung auf Windows-Plattformen und nutzt Agenteninstanzen, um Datenfl\u00fcsse zwischen den Produktionssystemen und SAP Digital Manufacturing zu verwalten. Die Konfiguration und Verwaltung der Verbindungen erfolgt direkt \u00fcber SAP Digital Manufacturing, wodurch eine effiziente und sichere Datenkommunikation gew\u00e4hrleistet wird. Diese Architektur unterst\u00fctzt g\u00e4ngige Schnittstellen wie OPC DA und MQTT und sorgt f\u00fcr eine zuverl\u00e4ssige Integration in Ihre bestehende Infrastruktur. Mit SAP ProdCon haben Sie alle Produktionsdaten im Griff und k\u00f6nnen Ihre Fertigungsprozesse optimal steuern.<\/td><\/tr><tr><td><strong>SAP ProdCon Security<\/strong><\/td><td>Die Sicherheit des <strong>SAP Production Connectors (ProdCon) <\/strong>ist entscheidend, um unbefugten Zugriff auf sensible Produktionsdaten und -prozesse zu verhindern. Der ProdCon ben\u00f6tigt Administratorrechte f\u00fcr die Installation und Konfiguration und gew\u00e4hrleistet durch strenge Benutzerverwaltungs- und Authentifizierungsmechanismen den Schutz kritischer Informationen. Die Kommunikation und Netzwerksicherheit wird durch die Verwendung von gesicherten Kommunikationspfaden und empfohlenen Netzwerk-Topologien gew\u00e4hrleistet, um den Zugriff auf Netzwerkebene zu beschr\u00e4nken. Zudem stellt die regelm\u00e4\u00dfige Aktualisierung der .NET-Laufzeitumgebung sicher, dass alle sicherheitsrelevanten Aspekte immer auf dem neuesten Stand sind.<\/td><\/tr><tr><td><strong>SAP ProdCon<\/strong><br><strong>Logging<\/strong><\/td><td><strong>SAP ProdCon Logging<\/strong> bietet umfassende Protokollierungsfunktionen, um \u00c4nderungen an Konfigurationsobjekten und Aktivit\u00e4ten der Agenteninstanzen detailliert zu \u00fcberwachen. Das Audit-Log dokumentiert alle \u00c4nderungen an der ProdCon-Konfiguration, einschlie\u00dflich Datum, Uhrzeit, Benutzer und durchgef\u00fchrter Operationen. Jede Agenteninstanz erstellt ein eigenes Windows-Ereignisprotokoll, das Aktivit\u00e4ten und Fehler aufzeichnet und in Echtzeit \u00fcber das Control Center eingesehen werden kann. Diese pr\u00e4zisen Logging-Funktionen gew\u00e4hrleisten die Sicherheit und Transparenz Ihrer Produktionsprozesse und erm\u00f6glichen eine schnelle Fehleranalyse.<\/td><\/tr><\/tbody><\/table><\/figure>\n\n\n\n<figure class=\"wp-block-image aligncenter size-full\"><a href=\"https:\/\/calendly.com\/baltx\/scheduleanexpert\"><img loading=\"lazy\" decoding=\"async\" width=\"355\" height=\"433\" src=\"https:\/\/techltx.com\/wp-content\/uploads\/2024\/04\/schedule-an-expert.png\" alt=\"\" class=\"wp-image-1092\" srcset=\"https:\/\/techltx.com\/wp-content\/uploads\/2024\/04\/schedule-an-expert.png 355w, https:\/\/techltx.com\/wp-content\/uploads\/2024\/04\/schedule-an-expert-246x300.png 246w\" sizes=\"auto, (max-width: 355px) 100vw, 355px\" \/><\/a><\/figure>\n","protected":false},"excerpt":{"rendered":"<p>SAP Production Connector (ProdCon) erm\u00f6glicht die Integration von SAP Digital Manufacturing mit den Ger\u00e4ten und Anlagen in Ihrer Produktionsumgebung. Als .NET Version 8 Anwendung, die auf Microsoft Windows l\u00e4uft, erlaubt ProdCon den Zugriff auf Produktionsdaten und -dienste von verschiedenen Quellen und Technologien. Die Konfiguration erfolgt direkt \u00fcber SAP Digital Manufacturing, wodurch eine effiziente und sichere [&hellip;]<\/p>\n","protected":false},"author":3,"featured_media":0,"parent":45,"menu_order":0,"comment_status":"closed","ping_status":"closed","template":"","meta":{"content-type":"","_uag_custom_page_level_css":"","site-sidebar-layout":"default","site-content-layout":"","ast-site-content-layout":"default","site-content-style":"default","site-sidebar-style":"default","ast-global-header-display":"","ast-banner-title-visibility":"","ast-main-header-display":"","ast-hfb-above-header-display":"","ast-hfb-below-header-display":"","ast-hfb-mobile-header-display":"","site-post-title":"","ast-breadcrumbs-content":"","ast-featured-img":"","footer-sml-layout":"","ast-disable-related-posts":"","theme-transparent-header-meta":"","adv-header-id-meta":"","stick-header-meta":"","header-above-stick-meta":"","header-main-stick-meta":"","header-below-stick-meta":"","astra-migrate-meta-layouts":"set","ast-page-background-enabled":"default","ast-page-background-meta":{"desktop":{"background-color":"var(--ast-global-color-4)","background-image":"","background-repeat":"repeat","background-position":"center center","background-size":"auto","background-attachment":"scroll","background-type":"","background-media":"","overlay-type":"","overlay-color":"","overlay-opacity":"","overlay-gradient":""},"tablet":{"background-color":"","background-image":"","background-repeat":"repeat","background-position":"center center","background-size":"auto","background-attachment":"scroll","background-type":"","background-media":"","overlay-type":"","overlay-color":"","overlay-opacity":"","overlay-gradient":""},"mobile":{"background-color":"","background-image":"","background-repeat":"repeat","background-position":"center center","background-size":"auto","background-attachment":"scroll","background-type":"","background-media":"","overlay-type":"","overlay-color":"","overlay-opacity":"","overlay-gradient":""}},"ast-content-background-meta":{"desktop":{"background-color":"var(--ast-global-color-5)","background-image":"","background-repeat":"repeat","background-position":"center center","background-size":"auto","background-attachment":"scroll","background-type":"","background-media":"","overlay-type":"","overlay-color":"","overlay-opacity":"","overlay-gradient":""},"tablet":{"background-color":"var(--ast-global-color-5)","background-image":"","background-repeat":"repeat","background-position":"center center","background-size":"auto","background-attachment":"scroll","background-type":"","background-media":"","overlay-type":"","overlay-color":"","overlay-opacity":"","overlay-gradient":""},"mobile":{"background-color":"var(--ast-global-color-5)","background-image":"","background-repeat":"repeat","background-position":"center center","background-size":"auto","background-attachment":"scroll","background-type":"","background-media":"","overlay-type":"","overlay-color":"","overlay-opacity":"","overlay-gradient":""}},"footnotes":""},"class_list":["post-1430","page","type-page","status-publish","hentry"],"uagb_featured_image_src":{"full":false,"thumbnail":false,"medium":false,"medium_large":false,"large":false,"1536x1536":false,"2048x2048":false},"uagb_author_info":{"display_name":"BALTX","author_link":"https:\/\/techltx.com\/de\/author\/baltx-com\/"},"uagb_comment_info":0,"uagb_excerpt":"SAP Production Connector (ProdCon) erm\u00f6glicht die Integration von SAP Digital Manufacturing mit den Ger\u00e4ten und Anlagen in Ihrer Produktionsumgebung. Als .NET Version 8 Anwendung, die auf Microsoft Windows l\u00e4uft, erlaubt ProdCon den Zugriff auf Produktionsdaten und -dienste von verschiedenen Quellen und Technologien. Die Konfiguration erfolgt direkt \u00fcber SAP Digital Manufacturing, wodurch eine effiziente und sichere&hellip;","_links":{"self":[{"href":"https:\/\/techltx.com\/de\/wp-json\/wp\/v2\/pages\/1430","targetHints":{"allow":["GET"]}}],"collection":[{"href":"https:\/\/techltx.com\/de\/wp-json\/wp\/v2\/pages"}],"about":[{"href":"https:\/\/techltx.com\/de\/wp-json\/wp\/v2\/types\/page"}],"author":[{"embeddable":true,"href":"https:\/\/techltx.com\/de\/wp-json\/wp\/v2\/users\/3"}],"replies":[{"embeddable":true,"href":"https:\/\/techltx.com\/de\/wp-json\/wp\/v2\/comments?post=1430"}],"version-history":[{"count":7,"href":"https:\/\/techltx.com\/de\/wp-json\/wp\/v2\/pages\/1430\/revisions"}],"predecessor-version":[{"id":1552,"href":"https:\/\/techltx.com\/de\/wp-json\/wp\/v2\/pages\/1430\/revisions\/1552"}],"up":[{"embeddable":true,"href":"https:\/\/techltx.com\/de\/wp-json\/wp\/v2\/pages\/45"}],"wp:attachment":[{"href":"https:\/\/techltx.com\/de\/wp-json\/wp\/v2\/media?parent=1430"}],"curies":[{"name":"wp","href":"https:\/\/api.w.org\/{rel}","templated":true}]}}