{"id":1426,"date":"2024-05-24T19:42:10","date_gmt":"2024-05-24T16:42:10","guid":{"rendered":"https:\/\/techltx.com\/de\/?page_id=1426"},"modified":"2024-05-24T19:51:35","modified_gmt":"2024-05-24T16:51:35","slug":"digital-manufacturing-me","status":"publish","type":"page","link":"https:\/\/techltx.com\/de\/sap\/sap-manufacturing\/digital-manufacturing-me\/","title":{"rendered":"Digital Manufacturing ME"},"content":{"rendered":"\n<div class=\"wp-block-columns is-layout-flex wp-container-core-columns-is-layout-28f84493 wp-block-columns-is-layout-flex\">\n<div class=\"wp-block-column is-layout-flow wp-block-column-is-layout-flow\" style=\"flex-basis:66.66%\">\n<p>Das SAP Manufacturing Execution System (MES) erm\u00f6glicht Digital Factory Spezialisten die digitale Steuerung, \u00dcberwachung und Automatisierung von Fertigungsprozessen, was eine wirtschaftliche Produktion mit Losgr\u00f6\u00dfe Eins erm\u00f6glicht. Durch die Digitalisierung der Fertigungsprozesse und die Integration von Gesch\u00e4ftssoftware bietet SAP MES eine kosteneffiziente und ressourcenschonende Methodik, die auf Industrie-4.0-Technologie basiert. Mit nahezu Echtzeit-Informationen durch IoT-L\u00f6sungen erhalten Unternehmen detaillierte Einblicke und erh\u00f6hte Transparenz in ihre Abl\u00e4ufe, was die Zuverl\u00e4ssigkeit und R\u00fcckverfolgbarkeit der Produkte verbessert. Die flexible Prozessmodellierung und die vereinfachte Integration mit SAP ERP unterst\u00fctzen sowohl Cloud- als auch On-Premise-Bereitstellungen, wodurch eine umfassende und anpassbare L\u00f6sung f\u00fcr die Produktionssteuerung geschaffen wird.<\/p>\n<\/div>\n\n\n\n<div class=\"wp-block-column is-layout-flow wp-block-column-is-layout-flow\" style=\"flex-basis:33.33%\">\n<figure class=\"wp-block-image size-full\"><a href=\"https:\/\/techltx.com\/wp-content\/uploads\/2024\/05\/SAP-ME-homescreen.png\"><img loading=\"lazy\" decoding=\"async\" width=\"956\" height=\"833\" src=\"https:\/\/techltx.com\/wp-content\/uploads\/2024\/05\/SAP-ME-homescreen.png\" alt=\"\" class=\"wp-image-1521\" style=\"object-fit:cover\" srcset=\"https:\/\/techltx.com\/wp-content\/uploads\/2024\/05\/SAP-ME-homescreen.png 956w, https:\/\/techltx.com\/wp-content\/uploads\/2024\/05\/SAP-ME-homescreen-300x261.png 300w, https:\/\/techltx.com\/wp-content\/uploads\/2024\/05\/SAP-ME-homescreen-768x669.png 768w\" sizes=\"auto, (max-width: 956px) 100vw, 956px\" \/><\/a><\/figure>\n<\/div>\n<\/div>\n\n\n\n<p class=\"has-text-align-center\"><strong>Wir unterst\u00fctzen Sie gerne in den folgenden Themen:<\/strong><\/p>\n\n\n\n<figure class=\"wp-block-table is-style-stripes\"><table><tbody><tr><td><strong>Manufacturing Execution<\/strong> <strong>System (MES)<\/strong><\/td><td>Ein <strong>Manufacturing Execution System (MES)<\/strong> wie SAP Manufacturing Execution (SAP ME) erm\u00f6glicht  Fertigungs- und Shopfloor-Operationen zentral zu steuern, automatisierte Datenerfassung durchzuf\u00fchren und Defekte effizient zu verfolgen und zu beheben. SAP ME integriert Gesch\u00e4ftssysteme mit den Shopfloor-Aktivit\u00e4ten und bietet umfassende Sichtbarkeit auf Komponenten- und Materialebene, sowohl f\u00fcr einzelne als auch globale Installationen. Durch die Sammlung und Integration von Daten aus verschiedenen Quellen gew\u00e4hrleistet SAP ME, dass Produkte von Anfang an korrekt entworfen und gebaut werden, was die Produktionsqualit\u00e4t verbessert und die Einhaltung von Vorschriften sicherstellt.<\/td><\/tr><tr><td><strong>Funktionen<\/strong><\/td><td>Mit <strong>SAP ME <\/strong>k\u00f6nnen Sie Fertigungsdaten verwalten, Produktionsprozesse \u00fcber das Production Operator Dashboard (POD) steuern und Echtzeit-Transparenz \u00fcber den gesamten Produktionszyklus hinweg gew\u00e4hrleisten. Die Integration von Genealogie erm\u00f6glicht eine l\u00fcckenlose R\u00fcckverfolgbarkeit, w\u00e4hrend die Nonconformance-Funktionalit\u00e4t zur Erfassung und Behebung von Qualit\u00e4tsm\u00e4ngeln beitr\u00e4gt, was die Gesamtqualit\u00e4t und Effizienz der Produktion signifikant verbessert.<\/td><\/tr><tr><td><strong>Konfiguration<\/strong><\/td><td>Die <strong>Konfiguration eines Manufacturing Execution Systems (MES)<\/strong> von SAP bietet Digital Factory Spezialisten die M\u00f6glichkeit, Fertigungsprozesse pr\u00e4zise zu steuern und zu optimieren. Mit umfassenden Anleitungen f\u00fcr Aktivit\u00e4ten wie Barcode-Scanning, Datenarchivierung, komplexe Montage und OEE-Messung wird die Implementierung und Anpassung des MES vereinfacht. Detaillierte How-To-Guides unterst\u00fctzen dabei, die Integration, Datenverarbeitung und -analyse effizient zu gestalten, was die Produktionsleistung und Transparenz erheblich steigert.<\/td><\/tr><tr><td><strong>Migration<\/strong><\/td><td>Die <strong>Migration von SAP Manufacturing Execution (SAP ME)<\/strong> zu SAP Digital Manufacturing (SAP DM) bietet zahlreiche Vorteile durch die Integration in eine Cloud-basierte Umgebung. SAP DM, der native Nachfolger von SAP ME, erm\u00f6glicht eine verbesserte Funktionalit\u00e4t und Flexibilit\u00e4t, insbesondere durch die Nutzung von Work-in-Progress-Transporten und der Ressource Orchestration. Durch die Migration k\u00f6nnen Unternehmen ihre Fertigungsprozesse digital steuern, \u00fcberwachen und automatisieren, was zu einer effizienteren und kosteneffektiveren Produktion f\u00fchrt. Die Umstellung auf SAP DM sichert langfristig den Support und die Weiterentwicklung der Fertigungssysteme, da der Basis-Support f\u00fcr <strong>SAP ME bis 2030<\/strong> eingestellt wird. Die Nutzung des Migrations-Canvas hilft, die Migration systematisch zu planen und erfolgreich umzusetzen.<\/td><\/tr><tr><td><strong>Archiving<\/strong><\/td><td><strong>SAP ME Archiving<\/strong> erm\u00f6glicht die Archivierung von Produktionsdaten (ShopOrder und SFC, sowie die abh\u00e4ngigen Datenobjekte), indem abgeschlossene oder nicht mehr ben\u00f6tigte Daten von der WIP-Datenbank in die ODS-Datenbank \u00fcbertragen werden. Diese Funktion tr\u00e4gt dazu bei, die Systemleistung zu optimieren und die Einhaltung von Aufbewahrungsanforderungen zu gew\u00e4hrleisten. Durch die Integration von SAP ME in die SAP HANA-Datenbank wird eine verbesserte Datenverarbeitung und -speicherung erreicht, was zu einer schnelleren Datenabfrage und einer besseren Berichterstellung f\u00fchrt.<\/td><\/tr><\/tbody><\/table><\/figure>\n\n\n\n<figure class=\"wp-block-image aligncenter size-full\"><a href=\"https:\/\/calendly.com\/baltx\/scheduleanexpert\"><img loading=\"lazy\" decoding=\"async\" width=\"355\" height=\"433\" src=\"https:\/\/techltx.com\/wp-content\/uploads\/2024\/04\/schedule-an-expert.png\" alt=\"\" class=\"wp-image-1092\" srcset=\"https:\/\/techltx.com\/wp-content\/uploads\/2024\/04\/schedule-an-expert.png 355w, https:\/\/techltx.com\/wp-content\/uploads\/2024\/04\/schedule-an-expert-246x300.png 246w\" sizes=\"auto, (max-width: 355px) 100vw, 355px\" \/><\/a><\/figure>\n","protected":false},"excerpt":{"rendered":"<p>Das SAP Manufacturing Execution System (MES) erm\u00f6glicht Digital Factory Spezialisten die digitale Steuerung, \u00dcberwachung und Automatisierung von Fertigungsprozessen, was eine wirtschaftliche Produktion mit Losgr\u00f6\u00dfe Eins erm\u00f6glicht. Durch die Digitalisierung der Fertigungsprozesse und die Integration von Gesch\u00e4ftssoftware bietet SAP MES eine kosteneffiziente und ressourcenschonende Methodik, die auf Industrie-4.0-Technologie basiert. Mit nahezu Echtzeit-Informationen durch IoT-L\u00f6sungen erhalten Unternehmen [&hellip;]<\/p>\n","protected":false},"author":3,"featured_media":0,"parent":45,"menu_order":0,"comment_status":"closed","ping_status":"closed","template":"","meta":{"content-type":"","_uag_custom_page_level_css":"","site-sidebar-layout":"default","site-content-layout":"","ast-site-content-layout":"default","site-content-style":"default","site-sidebar-style":"default","ast-global-header-display":"","ast-banner-title-visibility":"","ast-main-header-display":"","ast-hfb-above-header-display":"","ast-hfb-below-header-display":"","ast-hfb-mobile-header-display":"","site-post-title":"","ast-breadcrumbs-content":"","ast-featured-img":"","footer-sml-layout":"","ast-disable-related-posts":"","theme-transparent-header-meta":"","adv-header-id-meta":"","stick-header-meta":"","header-above-stick-meta":"","header-main-stick-meta":"","header-below-stick-meta":"","astra-migrate-meta-layouts":"set","ast-page-background-enabled":"default","ast-page-background-meta":{"desktop":{"background-color":"var(--ast-global-color-4)","background-image":"","background-repeat":"repeat","background-position":"center center","background-size":"auto","background-attachment":"scroll","background-type":"","background-media":"","overlay-type":"","overlay-color":"","overlay-opacity":"","overlay-gradient":""},"tablet":{"background-color":"","background-image":"","background-repeat":"repeat","background-position":"center center","background-size":"auto","background-attachment":"scroll","background-type":"","background-media":"","overlay-type":"","overlay-color":"","overlay-opacity":"","overlay-gradient":""},"mobile":{"background-color":"","background-image":"","background-repeat":"repeat","background-position":"center center","background-size":"auto","background-attachment":"scroll","background-type":"","background-media":"","overlay-type":"","overlay-color":"","overlay-opacity":"","overlay-gradient":""}},"ast-content-background-meta":{"desktop":{"background-color":"var(--ast-global-color-5)","background-image":"","background-repeat":"repeat","background-position":"center center","background-size":"auto","background-attachment":"scroll","background-type":"","background-media":"","overlay-type":"","overlay-color":"","overlay-opacity":"","overlay-gradient":""},"tablet":{"background-color":"var(--ast-global-color-5)","background-image":"","background-repeat":"repeat","background-position":"center center","background-size":"auto","background-attachment":"scroll","background-type":"","background-media":"","overlay-type":"","overlay-color":"","overlay-opacity":"","overlay-gradient":""},"mobile":{"background-color":"var(--ast-global-color-5)","background-image":"","background-repeat":"repeat","background-position":"center center","background-size":"auto","background-attachment":"scroll","background-type":"","background-media":"","overlay-type":"","overlay-color":"","overlay-opacity":"","overlay-gradient":""}},"footnotes":""},"class_list":["post-1426","page","type-page","status-publish","hentry"],"uagb_featured_image_src":{"full":false,"thumbnail":false,"medium":false,"medium_large":false,"large":false,"1536x1536":false,"2048x2048":false},"uagb_author_info":{"display_name":"BALTX","author_link":"https:\/\/techltx.com\/de\/author\/baltx-com\/"},"uagb_comment_info":0,"uagb_excerpt":"Das SAP Manufacturing Execution System (MES) erm\u00f6glicht Digital Factory Spezialisten die digitale Steuerung, \u00dcberwachung und Automatisierung von Fertigungsprozessen, was eine wirtschaftliche Produktion mit Losgr\u00f6\u00dfe Eins erm\u00f6glicht. Durch die Digitalisierung der Fertigungsprozesse und die Integration von Gesch\u00e4ftssoftware bietet SAP MES eine kosteneffiziente und ressourcenschonende Methodik, die auf Industrie-4.0-Technologie basiert. Mit nahezu Echtzeit-Informationen durch IoT-L\u00f6sungen erhalten Unternehmen&hellip;","_links":{"self":[{"href":"https:\/\/techltx.com\/de\/wp-json\/wp\/v2\/pages\/1426","targetHints":{"allow":["GET"]}}],"collection":[{"href":"https:\/\/techltx.com\/de\/wp-json\/wp\/v2\/pages"}],"about":[{"href":"https:\/\/techltx.com\/de\/wp-json\/wp\/v2\/types\/page"}],"author":[{"embeddable":true,"href":"https:\/\/techltx.com\/de\/wp-json\/wp\/v2\/users\/3"}],"replies":[{"embeddable":true,"href":"https:\/\/techltx.com\/de\/wp-json\/wp\/v2\/comments?post=1426"}],"version-history":[{"count":13,"href":"https:\/\/techltx.com\/de\/wp-json\/wp\/v2\/pages\/1426\/revisions"}],"predecessor-version":[{"id":1532,"href":"https:\/\/techltx.com\/de\/wp-json\/wp\/v2\/pages\/1426\/revisions\/1532"}],"up":[{"embeddable":true,"href":"https:\/\/techltx.com\/de\/wp-json\/wp\/v2\/pages\/45"}],"wp:attachment":[{"href":"https:\/\/techltx.com\/de\/wp-json\/wp\/v2\/media?parent=1426"}],"curies":[{"name":"wp","href":"https:\/\/api.w.org\/{rel}","templated":true}]}}