{"id":1416,"date":"2024-05-23T22:01:27","date_gmt":"2024-05-23T19:01:27","guid":{"rendered":"https:\/\/techltx.com\/de\/?page_id=1416"},"modified":"2024-05-23T22:04:03","modified_gmt":"2024-05-23T19:04:03","slug":"digital-manufacturing-ppd","status":"publish","type":"page","link":"https:\/\/techltx.com\/de\/sap\/sap-manufacturing\/digital-manufacturing-ppd\/","title":{"rendered":"Digital Manufacturing PPD"},"content":{"rendered":"\n<div class=\"wp-block-columns is-layout-flex wp-container-core-columns-is-layout-28f84493 wp-block-columns-is-layout-flex\">\n<div class=\"wp-block-column is-layout-flow wp-block-column-is-layout-flow\" style=\"flex-basis:66.66%\">\n<p>Der SAP Digital Manufacturing Production Process Designer (PPD) erm\u00f6glicht es Digital Factory  Spezialisten, Produktionsprozesse visuell zu modellieren und die Transparenz auf dem Shop Floor zu verbessern. Mit diesem Low-Code Tool k\u00f6nnen Sie Produktionsprozesse mittels BPMN 2.0 Notation entwerfen, bereitstellen und aktivieren sowie deren Ausf\u00fchrung \u00fcberwachen und protokollieren. Der Designer erleichtert die zentrale Verwaltung von Konfigurationen und erm\u00f6glicht die einfache Anpassung an ver\u00e4nderte Produktionsumgebungen. Dies optimiert die Interaktion zwischen Maschinen und Arbeitsabl\u00e4ufen, erh\u00f6ht die Effizienz und reduziert den Bedarf an Programmierkenntnissen.<\/p>\n<\/div>\n\n\n\n<div class=\"wp-block-column is-layout-flow wp-block-column-is-layout-flow\" style=\"flex-basis:33.33%\">\n<figure class=\"wp-block-image size-large\"><a href=\"https:\/\/techltx.com\/wp-content\/uploads\/2024\/05\/2024-05-19-12_58_36-Produktionsprozesse-designen.png\"><img loading=\"lazy\" decoding=\"async\" width=\"1024\" height=\"454\" src=\"https:\/\/techltx.com\/wp-content\/uploads\/2024\/05\/2024-05-19-12_58_36-Produktionsprozesse-designen-1024x454.png\" alt=\"\" class=\"wp-image-1462\" srcset=\"https:\/\/techltx.com\/wp-content\/uploads\/2024\/05\/2024-05-19-12_58_36-Produktionsprozesse-designen-1024x454.png 1024w, https:\/\/techltx.com\/wp-content\/uploads\/2024\/05\/2024-05-19-12_58_36-Produktionsprozesse-designen-300x133.png 300w, https:\/\/techltx.com\/wp-content\/uploads\/2024\/05\/2024-05-19-12_58_36-Produktionsprozesse-designen-768x340.png 768w, https:\/\/techltx.com\/wp-content\/uploads\/2024\/05\/2024-05-19-12_58_36-Produktionsprozesse-designen-1536x681.png 1536w, https:\/\/techltx.com\/wp-content\/uploads\/2024\/05\/2024-05-19-12_58_36-Produktionsprozesse-designen.png 1586w\" sizes=\"auto, (max-width: 1024px) 100vw, 1024px\" \/><\/a><\/figure>\n<\/div>\n<\/div>\n\n\n\n<p class=\"has-text-align-center\"><strong>Wir unterst\u00fctzen Sie gerne in den folgenden Themen:<\/strong><\/p>\n\n\n\n<figure class=\"wp-block-table is-style-stripes\"><table><tbody><tr><td><strong>Machine Automation<\/strong><\/td><td>Mit dem Production Process Designer von SAP Digital Manufacturing k\u00f6nnen mit den Rollen\u00a0Automation_Engineer oder Production_Engineer\u00a0 eine Automatisierungsreihenfolge zur Steuerung von Maschinen ohne menschliches Eingreifen entwerfen. Diese Maschine-zu-Maschine oder Maschine-zu-System-Kommunikation wird durch das Production Connector \/ SAP Plant Connectivity-System koordiniert und erm\u00f6glicht eine nahtlose Integration und Steuerung von Shop-Floor-Services. Durch die Nutzung von Stammdaten und externen Service-Providern k\u00f6nnen komplexe Automatisierungsprozesse, wie die Montage eines Produkts durch einen Roboter, effizient umgesetzt und \u00fcberwacht werden, was die Produktionsprozesse erheblich optimiert.<\/td><\/tr><tr><td><strong>Manufacturing Execution Automation<\/strong><\/td><td>Mit dem Production Process Designer von SAP Digital Manufacturing k\u00f6nnen Digital Factory Spezialisten Cloud-basierte Prozesse zur Automatisierung von Manufacturing Execution entwerfen. Diese Prozesse erm\u00f6glichen die Automatisierung und Durchsetzung von Aktivit\u00e4ten im Shop Floor, wie das Starten und Abschlie\u00dfen einer PSN (Produktionssteuerungsnummer) sowie die Datenerfassung. Durch die Integration und Verwaltung mehrerer Web-Services wird eine nahtlose Steuerung und \u00dcberwachung der Fertigungsprozesse sichergestellt, was die Effizienz und Genauigkeit in der Produktion erheblich steigert.<\/td><\/tr><tr><td><strong>Typumwandlung<\/strong><\/td><td>Mit dem Production Process Designer von SAP Digital Manufacturing k\u00f6nnen Digital Factory Spezialisten die Typumwandlung effizient verwalten, um die Datenkonsistenz bei der Definition von Eingabe- und Ausgabeparametern sicherzustellen. Durch die Unterst\u00fctzung verschiedener Datentypen wie String, Boolesch und Array sowie deren Konvertierbarkeit wird die Flexibilit\u00e4t und Genauigkeit bei der Prozessmodellierung erh\u00f6ht. Dies erm\u00f6glicht eine nahtlose Integration und Verarbeitung von Daten, wodurch die Effizienz und Zuverl\u00e4ssigkeit der Fertigungsprozesse optimiert werden.<\/td><\/tr><tr><td><strong>Debug Production Processes<\/strong><\/td><td>Mit dem Production Process Designer von SAP Digital Manufacturing k\u00f6nnen Spezialisten mit der Rolle \u00a0Production_Engineer Cloud-basierte Produktionsprozesse nach der Verteilung debuggen. Diese Debugging-Funktion erm\u00f6glicht die schrittweise \u00dcberpr\u00fcfung der Prozessausf\u00fchrung, um Probleme effizient zu identifizieren und zu beheben. Der Prozessdesigner unterst\u00fctzt dabei, Breakpoints zu setzen und Eingabe- sowie Ausgabeparameter zu \u00fcberpr\u00fcfen, ohne die normale Ausf\u00fchrung der Produktionsprozesse zu beeintr\u00e4chtigen.<\/td><\/tr><tr><td><strong>SAP Business Accelerator Hub<\/strong><\/td><td>Der SAP Business Accelerator Hub bietet Digital Factory Spezialisten und Entwicklern eine breite Palette von Sandbox-APIs f\u00fcr verschiedene SAP-Produkte wie SAP S\/4HANA, SAP BTP und SAP Digital Manufacturing. Diese APIs erm\u00f6glichen es, Erweiterungen, Anwendungen oder Integrationen zu erstellen und mit Testdaten zu validieren. Insbesondere f\u00fcr SAP Digital Manufacturing enth\u00e4lt der automatisch angelegte Laufzeit-Webserver in der App &#8222;Webserver verwalten&#8220; Cloud-Services, die mit einer in SAP-BTP-Cockpit angelegten Standarddestination genutzt werden k\u00f6nnen, was die Entwicklung und Integration von Produktionsprozessen erheblich erleichtert.<\/td><\/tr><\/tbody><\/table><\/figure>\n\n\n\n<figure class=\"wp-block-image aligncenter size-full\"><a href=\"https:\/\/calendly.com\/baltx\/scheduleanexpert\"><img loading=\"lazy\" decoding=\"async\" width=\"355\" height=\"433\" src=\"https:\/\/techltx.com\/wp-content\/uploads\/2024\/04\/schedule-an-expert.png\" alt=\"\" class=\"wp-image-1092\" srcset=\"https:\/\/techltx.com\/wp-content\/uploads\/2024\/04\/schedule-an-expert.png 355w, https:\/\/techltx.com\/wp-content\/uploads\/2024\/04\/schedule-an-expert-246x300.png 246w\" sizes=\"auto, (max-width: 355px) 100vw, 355px\" \/><\/a><\/figure>\n","protected":false},"excerpt":{"rendered":"<p>Der SAP Digital Manufacturing Production Process Designer (PPD) erm\u00f6glicht es Digital Factory Spezialisten, Produktionsprozesse visuell zu modellieren und die Transparenz auf dem Shop Floor zu verbessern. Mit diesem Low-Code Tool k\u00f6nnen Sie Produktionsprozesse mittels BPMN 2.0 Notation entwerfen, bereitstellen und aktivieren sowie deren Ausf\u00fchrung \u00fcberwachen und protokollieren. Der Designer erleichtert die zentrale Verwaltung von Konfigurationen [&hellip;]<\/p>\n","protected":false},"author":3,"featured_media":0,"parent":45,"menu_order":0,"comment_status":"closed","ping_status":"closed","template":"","meta":{"content-type":"","_uag_custom_page_level_css":"","site-sidebar-layout":"default","site-content-layout":"","ast-site-content-layout":"default","site-content-style":"default","site-sidebar-style":"default","ast-global-header-display":"","ast-banner-title-visibility":"","ast-main-header-display":"","ast-hfb-above-header-display":"","ast-hfb-below-header-display":"","ast-hfb-mobile-header-display":"","site-post-title":"","ast-breadcrumbs-content":"","ast-featured-img":"","footer-sml-layout":"","ast-disable-related-posts":"","theme-transparent-header-meta":"","adv-header-id-meta":"","stick-header-meta":"","header-above-stick-meta":"","header-main-stick-meta":"","header-below-stick-meta":"","astra-migrate-meta-layouts":"set","ast-page-background-enabled":"default","ast-page-background-meta":{"desktop":{"background-color":"var(--ast-global-color-4)","background-image":"","background-repeat":"repeat","background-position":"center center","background-size":"auto","background-attachment":"scroll","background-type":"","background-media":"","overlay-type":"","overlay-color":"","overlay-opacity":"","overlay-gradient":""},"tablet":{"background-color":"","background-image":"","background-repeat":"repeat","background-position":"center center","background-size":"auto","background-attachment":"scroll","background-type":"","background-media":"","overlay-type":"","overlay-color":"","overlay-opacity":"","overlay-gradient":""},"mobile":{"background-color":"","background-image":"","background-repeat":"repeat","background-position":"center center","background-size":"auto","background-attachment":"scroll","background-type":"","background-media":"","overlay-type":"","overlay-color":"","overlay-opacity":"","overlay-gradient":""}},"ast-content-background-meta":{"desktop":{"background-color":"var(--ast-global-color-5)","background-image":"","background-repeat":"repeat","background-position":"center center","background-size":"auto","background-attachment":"scroll","background-type":"","background-media":"","overlay-type":"","overlay-color":"","overlay-opacity":"","overlay-gradient":""},"tablet":{"background-color":"var(--ast-global-color-5)","background-image":"","background-repeat":"repeat","background-position":"center center","background-size":"auto","background-attachment":"scroll","background-type":"","background-media":"","overlay-type":"","overlay-color":"","overlay-opacity":"","overlay-gradient":""},"mobile":{"background-color":"var(--ast-global-color-5)","background-image":"","background-repeat":"repeat","background-position":"center center","background-size":"auto","background-attachment":"scroll","background-type":"","background-media":"","overlay-type":"","overlay-color":"","overlay-opacity":"","overlay-gradient":""}},"footnotes":""},"class_list":["post-1416","page","type-page","status-publish","hentry"],"uagb_featured_image_src":{"full":false,"thumbnail":false,"medium":false,"medium_large":false,"large":false,"1536x1536":false,"2048x2048":false},"uagb_author_info":{"display_name":"BALTX","author_link":"https:\/\/techltx.com\/de\/author\/baltx-com\/"},"uagb_comment_info":0,"uagb_excerpt":"Der SAP Digital Manufacturing Production Process Designer (PPD) erm\u00f6glicht es Digital Factory Spezialisten, Produktionsprozesse visuell zu modellieren und die Transparenz auf dem Shop Floor zu verbessern. Mit diesem Low-Code Tool k\u00f6nnen Sie Produktionsprozesse mittels BPMN 2.0 Notation entwerfen, bereitstellen und aktivieren sowie deren Ausf\u00fchrung \u00fcberwachen und protokollieren. Der Designer erleichtert die zentrale Verwaltung von Konfigurationen&hellip;","_links":{"self":[{"href":"https:\/\/techltx.com\/de\/wp-json\/wp\/v2\/pages\/1416","targetHints":{"allow":["GET"]}}],"collection":[{"href":"https:\/\/techltx.com\/de\/wp-json\/wp\/v2\/pages"}],"about":[{"href":"https:\/\/techltx.com\/de\/wp-json\/wp\/v2\/types\/page"}],"author":[{"embeddable":true,"href":"https:\/\/techltx.com\/de\/wp-json\/wp\/v2\/users\/3"}],"replies":[{"embeddable":true,"href":"https:\/\/techltx.com\/de\/wp-json\/wp\/v2\/comments?post=1416"}],"version-history":[{"count":12,"href":"https:\/\/techltx.com\/de\/wp-json\/wp\/v2\/pages\/1416\/revisions"}],"predecessor-version":[{"id":1479,"href":"https:\/\/techltx.com\/de\/wp-json\/wp\/v2\/pages\/1416\/revisions\/1479"}],"up":[{"embeddable":true,"href":"https:\/\/techltx.com\/de\/wp-json\/wp\/v2\/pages\/45"}],"wp:attachment":[{"href":"https:\/\/techltx.com\/de\/wp-json\/wp\/v2\/media?parent=1416"}],"curies":[{"name":"wp","href":"https:\/\/api.w.org\/{rel}","templated":true}]}}