{"id":1403,"date":"2024-05-21T21:16:53","date_gmt":"2024-05-21T18:16:53","guid":{"rendered":"https:\/\/techltx.com\/de\/?page_id=1403"},"modified":"2024-05-24T14:39:44","modified_gmt":"2024-05-24T11:39:44","slug":"digital-manufacturing","status":"publish","type":"page","link":"https:\/\/techltx.com\/de\/sap\/sap-manufacturing\/digital-manufacturing\/","title":{"rendered":"Digital Manufacturing DM"},"content":{"rendered":"\n<div class=\"wp-block-columns is-layout-flex wp-container-core-columns-is-layout-28f84493 wp-block-columns-is-layout-flex\">\n<div class=\"wp-block-column is-layout-flow wp-block-column-is-layout-flow\" style=\"flex-basis:66.66%\">\n<p>SAP Digital Manufacturing (DM) ist ein f\u00fchrendes MES und bietet einen umfassenden Funktionsumfang, der Echtzeit-Datenanalysen, Automatisierung und die nahtlose Integration von Maschinen und Gesch\u00e4ftssystemen umfasst. Es erm\u00f6glicht Unternehmen, ihre Fertigungsprozesse zu digitalisieren, die Effizienz zu steigern und durch pr\u00e4diktive Wartung und Prozessoptimierung die Produktqualit\u00e4t zu verbessern. Der Vorteil von SAP DM liegt in der erh\u00f6hten Transparenz und Flexibilit\u00e4t der Produktion, was zu besseren Entscheidungen und einer gesteigerten Produktivit\u00e4t f\u00fchrt.<\/p>\n<\/div>\n\n\n\n<div class=\"wp-block-column is-layout-flow wp-block-column-is-layout-flow\" style=\"flex-basis:33.33%\">\n<figure class=\"wp-block-image size-large\"><a href=\"https:\/\/techltx.com\/wp-content\/uploads\/2024\/05\/SAP-DM-Launchpad.png\"><img loading=\"lazy\" decoding=\"async\" width=\"1024\" height=\"417\" src=\"https:\/\/techltx.com\/wp-content\/uploads\/2024\/05\/SAP-DM-Launchpad-1024x417.png\" alt=\"SAP Digital Manufacturing Launchpad URL\" class=\"wp-image-1405\" srcset=\"https:\/\/techltx.com\/wp-content\/uploads\/2024\/05\/SAP-DM-Launchpad-1024x417.png 1024w, https:\/\/techltx.com\/wp-content\/uploads\/2024\/05\/SAP-DM-Launchpad-300x122.png 300w, https:\/\/techltx.com\/wp-content\/uploads\/2024\/05\/SAP-DM-Launchpad-768x313.png 768w, https:\/\/techltx.com\/wp-content\/uploads\/2024\/05\/SAP-DM-Launchpad-1536x625.png 1536w, https:\/\/techltx.com\/wp-content\/uploads\/2024\/05\/SAP-DM-Launchpad.png 1820w\" sizes=\"auto, (max-width: 1024px) 100vw, 1024px\" \/><\/a><\/figure>\n<\/div>\n<\/div>\n\n\n\n<p class=\"has-text-align-center\"><strong>Wir unterst\u00fctzen Sie gerne in den folgenden Themen:<\/strong><\/p>\n\n\n\n<figure class=\"wp-block-table is-style-stripes\"><table><tbody><tr><td><strong>Manufacturing Execution<\/strong><\/td><td>SAP DM erm\u00f6glicht die detaillierte Planung und \u00dcberwachung aller Fertigungsprozesse. Von der Einplanung und Verwaltung des Personaleinsatzes bis hin zur Resourcenzuordnung und Produktionsbestandsverwaltung deckt SAP DM alle wesentlichen Aspekte des Fertigungsmanagements ab. Die Production Operator Dashboards (POD) und der Production Process Designer (PPD) bieten eine intuitive Benutzeroberfl\u00e4che, um Produktionsabl\u00e4ufe effizient zu steuern und zu optimieren.<\/td><\/tr><tr><td><strong>Verwaltung der Fertigungsstammdaten<\/strong><\/td><td>Die Verwaltung von St\u00fccklisten, Arbeitspl\u00e4nen, Materialien und Ressourcen ist ein zentraler Bestandteil von SAP DM. Diese Funktionen erm\u00f6glichen eine pr\u00e4zise und flexible Planung und Verwaltung aller Fertigungsressourcen. Zudem bietet SAP DM die M\u00f6glichkeit, Sichtpr\u00fcfungen und Barcode-Einstellungen effizient zu verwalten, um die Qualit\u00e4tssicherung zu verbessern.<\/td><\/tr><tr><td><strong>K\u00fcnstliche Intelligenz und maschinelles Lernen<\/strong><\/td><td>Durch die Integration von KI und maschinellem Lernen k\u00f6nnen Sichtpr\u00fcfungsergebnisse automatisch analysiert und Modelle f\u00fcr maschinelles Lernen verwaltet werden. Diese Technologien tragen dazu bei, die Genauigkeit und Effizienz der Fertigungsprozesse weiter zu steigern.<\/td><\/tr><tr><td><strong>Manufacturing Automation<\/strong><\/td><td>SAP DM unterst\u00fctzt die Verwaltung und Konnektivit\u00e4t von Anlagen, die Konfiguration der Produktionskonnektivit\u00e4t sowie die \u00dcberwachung und Steuerung der Produktionsprozesse. Automatische Trigger und die Verteilung von Shopfloor-Elementen gew\u00e4hrleisten einen reibungslosen und effizienten Ablauf der Fertigung.<\/td><\/tr><tr><td><strong>Manufacturing-Insights-Konfiguration<\/strong><\/td><td>Mit SAP DM k\u00f6nnen Sie Datenagenten, Verbindungen und Datenreplikate verwalten, um wertvolle Einblicke in Ihre Produktionsprozesse zu gewinnen. Diese Funktion erm\u00f6glicht es, fundierte Entscheidungen auf Basis von Echtzeitdaten zu treffen und die Gesamtleistung der Fertigung zu verbessern.<\/td><\/tr><tr><td><strong>Fertigungskonfiguration<\/strong><\/td><td>Die Verwaltung von Abweichungscodes, Benutzerzuordnungen, Zertifizierungen und Werken geh\u00f6rt ebenfalls zu den Kernfunktionen von SAP DM. Diese Funktionen helfen dabei, die Fertigungsprozesse zu standardisieren und kontinuierlich zu verbessern.<br>Technische Konfiguration und Integration<br>SAP DM bietet umfassende M\u00f6glichkeiten zur technischen Konfiguration und Integration. Die Verwaltung von Service-Registry, Collaboration-Richtlinien und Integrations-Workflows erm\u00f6glicht eine nahtlose Integration mit anderen SAP-Systemen wie SAP ERP, SAP S\/4HANA und SAP Extended Warehouse Management (EWM).<\/td><\/tr><tr><td><strong>Administration<\/strong><\/td><td>Ein Lizenznutzungsbericht rundet die Funktionalit\u00e4ten von SAP DM ab und erm\u00f6glicht eine effiziente Verwaltung der Softwarelizenzen.<\/td><\/tr><\/tbody><\/table><\/figure>\n\n\n\n<figure class=\"wp-block-image aligncenter size-full\"><a href=\"https:\/\/calendly.com\/baltx\/scheduleanexpert\"><img loading=\"lazy\" decoding=\"async\" width=\"355\" height=\"433\" src=\"https:\/\/techltx.com\/wp-content\/uploads\/2024\/04\/schedule-an-expert.png\" alt=\"\" class=\"wp-image-1092\" srcset=\"https:\/\/techltx.com\/wp-content\/uploads\/2024\/04\/schedule-an-expert.png 355w, https:\/\/techltx.com\/wp-content\/uploads\/2024\/04\/schedule-an-expert-246x300.png 246w\" sizes=\"auto, (max-width: 355px) 100vw, 355px\" \/><\/a><\/figure>\n","protected":false},"excerpt":{"rendered":"<p>SAP Digital Manufacturing (DM) ist ein f\u00fchrendes MES und bietet einen umfassenden Funktionsumfang, der Echtzeit-Datenanalysen, Automatisierung und die nahtlose Integration von Maschinen und Gesch\u00e4ftssystemen umfasst. Es erm\u00f6glicht Unternehmen, ihre Fertigungsprozesse zu digitalisieren, die Effizienz zu steigern und durch pr\u00e4diktive Wartung und Prozessoptimierung die Produktqualit\u00e4t zu verbessern. Der Vorteil von SAP DM liegt in der erh\u00f6hten [&hellip;]<\/p>\n","protected":false},"author":3,"featured_media":0,"parent":45,"menu_order":0,"comment_status":"closed","ping_status":"closed","template":"","meta":{"content-type":"","_uag_custom_page_level_css":"","site-sidebar-layout":"default","site-content-layout":"","ast-site-content-layout":"default","site-content-style":"default","site-sidebar-style":"default","ast-global-header-display":"","ast-banner-title-visibility":"","ast-main-header-display":"","ast-hfb-above-header-display":"","ast-hfb-below-header-display":"","ast-hfb-mobile-header-display":"","site-post-title":"","ast-breadcrumbs-content":"","ast-featured-img":"","footer-sml-layout":"","ast-disable-related-posts":"","theme-transparent-header-meta":"","adv-header-id-meta":"","stick-header-meta":"","header-above-stick-meta":"","header-main-stick-meta":"","header-below-stick-meta":"","astra-migrate-meta-layouts":"set","ast-page-background-enabled":"default","ast-page-background-meta":{"desktop":{"background-color":"var(--ast-global-color-4)","background-image":"","background-repeat":"repeat","background-position":"center center","background-size":"auto","background-attachment":"scroll","background-type":"","background-media":"","overlay-type":"","overlay-color":"","overlay-opacity":"","overlay-gradient":""},"tablet":{"background-color":"","background-image":"","background-repeat":"repeat","background-position":"center center","background-size":"auto","background-attachment":"scroll","background-type":"","background-media":"","overlay-type":"","overlay-color":"","overlay-opacity":"","overlay-gradient":""},"mobile":{"background-color":"","background-image":"","background-repeat":"repeat","background-position":"center center","background-size":"auto","background-attachment":"scroll","background-type":"","background-media":"","overlay-type":"","overlay-color":"","overlay-opacity":"","overlay-gradient":""}},"ast-content-background-meta":{"desktop":{"background-color":"var(--ast-global-color-5)","background-image":"","background-repeat":"repeat","background-position":"center center","background-size":"auto","background-attachment":"scroll","background-type":"","background-media":"","overlay-type":"","overlay-color":"","overlay-opacity":"","overlay-gradient":""},"tablet":{"background-color":"var(--ast-global-color-5)","background-image":"","background-repeat":"repeat","background-position":"center center","background-size":"auto","background-attachment":"scroll","background-type":"","background-media":"","overlay-type":"","overlay-color":"","overlay-opacity":"","overlay-gradient":""},"mobile":{"background-color":"var(--ast-global-color-5)","background-image":"","background-repeat":"repeat","background-position":"center center","background-size":"auto","background-attachment":"scroll","background-type":"","background-media":"","overlay-type":"","overlay-color":"","overlay-opacity":"","overlay-gradient":""}},"footnotes":""},"class_list":["post-1403","page","type-page","status-publish","hentry"],"uagb_featured_image_src":{"full":false,"thumbnail":false,"medium":false,"medium_large":false,"large":false,"1536x1536":false,"2048x2048":false},"uagb_author_info":{"display_name":"BALTX","author_link":"https:\/\/techltx.com\/de\/author\/baltx-com\/"},"uagb_comment_info":0,"uagb_excerpt":"SAP Digital Manufacturing (DM) ist ein f\u00fchrendes MES und bietet einen umfassenden Funktionsumfang, der Echtzeit-Datenanalysen, Automatisierung und die nahtlose Integration von Maschinen und Gesch\u00e4ftssystemen umfasst. Es erm\u00f6glicht Unternehmen, ihre Fertigungsprozesse zu digitalisieren, die Effizienz zu steigern und durch pr\u00e4diktive Wartung und Prozessoptimierung die Produktqualit\u00e4t zu verbessern. Der Vorteil von SAP DM liegt in der erh\u00f6hten&hellip;","_links":{"self":[{"href":"https:\/\/techltx.com\/de\/wp-json\/wp\/v2\/pages\/1403","targetHints":{"allow":["GET"]}}],"collection":[{"href":"https:\/\/techltx.com\/de\/wp-json\/wp\/v2\/pages"}],"about":[{"href":"https:\/\/techltx.com\/de\/wp-json\/wp\/v2\/types\/page"}],"author":[{"embeddable":true,"href":"https:\/\/techltx.com\/de\/wp-json\/wp\/v2\/users\/3"}],"replies":[{"embeddable":true,"href":"https:\/\/techltx.com\/de\/wp-json\/wp\/v2\/comments?post=1403"}],"version-history":[{"count":3,"href":"https:\/\/techltx.com\/de\/wp-json\/wp\/v2\/pages\/1403\/revisions"}],"predecessor-version":[{"id":1422,"href":"https:\/\/techltx.com\/de\/wp-json\/wp\/v2\/pages\/1403\/revisions\/1422"}],"up":[{"embeddable":true,"href":"https:\/\/techltx.com\/de\/wp-json\/wp\/v2\/pages\/45"}],"wp:attachment":[{"href":"https:\/\/techltx.com\/de\/wp-json\/wp\/v2\/media?parent=1403"}],"curies":[{"name":"wp","href":"https:\/\/api.w.org\/{rel}","templated":true}]}}