{"id":1282,"date":"2024-05-17T20:34:01","date_gmt":"2024-05-17T17:34:01","guid":{"rendered":"https:\/\/techltx.com\/de\/?page_id=1282"},"modified":"2024-05-17T20:40:35","modified_gmt":"2024-05-17T17:40:35","slug":"hana-management","status":"publish","type":"page","link":"https:\/\/techltx.com\/de\/sap\/sap-hana\/hana-management\/","title":{"rendered":"HANA Management"},"content":{"rendered":"\n<div class=\"wp-block-columns is-layout-flex wp-container-core-columns-is-layout-28f84493 wp-block-columns-is-layout-flex\">\n<div class=\"wp-block-column is-layout-flow wp-block-column-is-layout-flow\" style=\"flex-basis:66.66%\">\n<p>Bei HANA Management geht es darum, Systemparameter und Dienste zu konfigurieren, Alerts zu \u00fcberwachen und MDC-Datenbanken zu verwalten, um die Stabilit\u00e4t und Effizienz der SAP HANA-Umgebung sicherzustellen. Eine optimale Verwaltung ist entscheidend, um die Leistungsf\u00e4higkeit und Verf\u00fcgbarkeit von SAP HANA zu gew\u00e4hrleisten. Durch die Beachtung dieser umfassenden Management-Praktiken k\u00f6nnen SAP HANA Spezialisten die Stabilit\u00e4t, Effizienz und Leistungsf\u00e4higkeit ihrer SAP HANA-Umgebungen sicherstellen. Eine gut verwaltete SAP HANA-Infrastruktur ist entscheidend f\u00fcr die erfolgreiche Unterst\u00fctzung von Gesch\u00e4ftsprozessen und die Erreichung organisatorischer Ziele.<\/p>\n<\/div>\n\n\n\n<div class=\"wp-block-column is-layout-flow wp-block-column-is-layout-flow\" style=\"flex-basis:33.33%\">\n<figure class=\"wp-block-image size-full is-resized\"><a href=\"https:\/\/techltx.com\/wp-content\/uploads\/2024\/05\/SAP-HANA-Certified-Consultant.png\"><img loading=\"lazy\" decoding=\"async\" width=\"323\" height=\"322\" src=\"https:\/\/techltx.com\/wp-content\/uploads\/2024\/05\/SAP-HANA-Certified-Consultant.png\" alt=\"SAP-HANA-Certified-Technology-Consultant SAP HANA 2.0 SPS03\" class=\"wp-image-1116\" style=\"width:200px\" srcset=\"https:\/\/techltx.com\/wp-content\/uploads\/2024\/05\/SAP-HANA-Certified-Consultant.png 323w, https:\/\/techltx.com\/wp-content\/uploads\/2024\/05\/SAP-HANA-Certified-Consultant-300x300.png 300w, https:\/\/techltx.com\/wp-content\/uploads\/2024\/05\/SAP-HANA-Certified-Consultant-150x150.png 150w\" sizes=\"auto, (max-width: 323px) 100vw, 323px\" \/><\/a><figcaption class=\"wp-element-caption\">Zertifizierung 2020<\/figcaption><\/figure>\n<\/div>\n<\/div>\n\n\n\n<p class=\"has-text-align-center\"><strong>Wir unterst\u00fctzen Sie gerne in den folgenden Themen:<\/strong><\/p>\n\n\n\n<figure class=\"wp-block-table is-style-stripes\"><table><tbody><tr><td>Regelm\u00e4\u00dfige Administrationsaufgaben<\/td><td>Zu den regelm\u00e4\u00dfigen Administrationsaufgaben geh\u00f6rt die \u00dcberpr\u00fcfung des gesamten Systemstatus, einschlie\u00dflich des Status der Datenbankdienste wie Name Server und Index Server. Es ist wichtig, allgemeine Systeminformationen zu \u00fcberwachen und auf Alerts zu reagieren, die vom Statistikdienst generiert werden. Die Nutzung wichtiger Systemressourcen wie Speicher, CPU und Festplatte sollte regelm\u00e4\u00dfig \u00fcberpr\u00fcft werden. Zudem m\u00fcssen regelm\u00e4\u00dfige Datensicherungen, einschlie\u00dflich Konfigurationssicherungen, durchgef\u00fchrt werden. Es ist ratsam, alte Log-Backups zu archivieren, um zu verhindern, dass der Log-Backup-Bereich voll wird. Dar\u00fcber hinaus sollte der f\u00fcr Diagnose-Dateien verwendete Speicherplatz \u00fcberwacht und nicht mehr ben\u00f6tigte Dateien gel\u00f6scht werden. Es ist auch wichtig, regelm\u00e4\u00dfig die neuesten Empfehlungen f\u00fcr Konfigurationsparameter zu \u00fcberpr\u00fcfen.<\/td><\/tr><tr><td>Bedarfsorientierte Administrationsaufgaben<\/td><td>Bei Problemen mit der SAP HANA-Datenbank sollten Log- und Trace-Dateien auf Fehler \u00fcberpr\u00fcft werden. Es ist m\u00f6glich, verschiedene Trace-Typen zu aktivieren und zu konfigurieren, um detaillierte Diagnosen durchzuf\u00fchren. Vor einem Update von SAP HANA sollte eine Datensicherung, einschlie\u00dflich Konfigurationsdateien, durchgef\u00fchrt werden, um das System im Falle eines fehlgeschlagenen Software-Updates wiederherstellen zu k\u00f6nnen.<\/td><\/tr><tr><td>Wiederkehrende Administrationsaufgaben<\/td><td>Sowohl das SAP HANA Extended Services Classic Model als auch das Advanced Model bieten Job-Scheduling-Funktionen, um routinem\u00e4\u00dfige Administrationsaufgaben im Hintergrund zu geplanten Intervallen auszuf\u00fchren. Im SAP HANA XS Classic Model wird hierf\u00fcr die .xsjob-Datei verwendet, um XS JavaScript-Funktionen auszuf\u00fchren oder eine SQLScript-Prozedur aufzurufen. Im SAP HANA XS Advanced Model steht der Job Scheduler Service und das Job Scheduler Dashboard f\u00fcr Administratoren zur Verf\u00fcgung.<\/td><\/tr><tr><td>Verwaltung von Administrationstools<\/td><td>SAP HANA bietet eine Vielzahl von Administrationstools zur Verwaltung der Umgebung. Das HANA Cockpit und HANA Studio sind zentrale Werkzeuge f\u00fcr die Administration und \u00dcberwachung von SAP HANA-Systemen. Das hdbsql-Tool erm\u00f6glicht die Ausf\u00fchrung von SQL-Befehlen. F\u00fcr die Verwaltung der XS-Laufzeitumgebung und das Application Lifecycle Management sind spezielle Tools wie hdblcm verf\u00fcgbar. Dar\u00fcber hinaus bieten der SAP Solution Manager, der SAP Landscape Manager und SAP IT Operations Analytics umfassende Verwaltungs- und Analysefunktionen. Das NPING-Tool wird f\u00fcr Netzwerkdiagnosen und -tests verwendet.<\/td><\/tr><tr><td>Entwicklungsaufgaben<\/td><td>Die SAP HANA Deployment Infrastructure (DI) bietet einen Service, der die Bereitstellung von Datenbankentwicklungsartefakten in sogenannten Containern erm\u00f6glicht. Diese Artefakte beschreiben den Zielzustand von SAP HANA-Datenbankobjekten wie Tabellen, Ansichten oder Prozeduren. Sie werden modelliert, hochgeladen, erstellt und in SAP HANA bereitgestellt. Diese Infrastruktur unterst\u00fctzt eine konsistente und effiziente Entwicklungs- und Bereitstellungsumgebung.<\/td><\/tr><tr><td>Verwaltung von Landschaft und Netzwerk<\/td><td>Die effiziente Verwaltung der SAP HANA-Systemlandschaft und die flexible Reaktion auf sich \u00e4ndernde Ressourcenanforderungen sind entscheidend f\u00fcr den Erfolg. Je nach Einsatzmodell und Landschaftsarchitektur von SAP HANA k\u00f6nnen Systeme neu konfiguriert, reorganisiert, umbenannt, kopiert oder verschoben werden. Die Einrichtung des SAP HANA-Systems sowie die entsprechende Datenzentrums- und Netzwerkkonfiguration sollten an die spezifischen Anforderungen der Organisation angepasst werden. Eine SAP HANA-Datenzentrumsbereitstellung kann von einer einzelnen Datenbank auf einem Host bis hin zu einem komplexen verteilten System mit mehreren Hosts an prim\u00e4ren und sekund\u00e4ren Standorten reichen, das eine verteilte Multiterabyte-Datenbank mit vollst\u00e4ndiger Hochverf\u00fcgbarkeit und Disaster Recovery unterst\u00fctzt.<\/td><\/tr><\/tbody><\/table><\/figure>\n\n\n\n<figure class=\"wp-block-image aligncenter size-full\"><a href=\"https:\/\/calendly.com\/baltx\/scheduleanexpert\"><img loading=\"lazy\" decoding=\"async\" width=\"355\" height=\"433\" src=\"https:\/\/techltx.com\/wp-content\/uploads\/2024\/04\/schedule-an-expert.png\" alt=\"\" class=\"wp-image-1092\" srcset=\"https:\/\/techltx.com\/wp-content\/uploads\/2024\/04\/schedule-an-expert.png 355w, https:\/\/techltx.com\/wp-content\/uploads\/2024\/04\/schedule-an-expert-246x300.png 246w\" sizes=\"auto, (max-width: 355px) 100vw, 355px\" \/><\/a><\/figure>\n","protected":false},"excerpt":{"rendered":"<p>Bei HANA Management geht es darum, Systemparameter und Dienste zu konfigurieren, Alerts zu \u00fcberwachen und MDC-Datenbanken zu verwalten, um die Stabilit\u00e4t und Effizienz der SAP HANA-Umgebung sicherzustellen. Eine optimale Verwaltung ist entscheidend, um die Leistungsf\u00e4higkeit und Verf\u00fcgbarkeit von SAP HANA zu gew\u00e4hrleisten. Durch die Beachtung dieser umfassenden Management-Praktiken k\u00f6nnen SAP HANA Spezialisten die Stabilit\u00e4t, Effizienz [&hellip;]<\/p>\n","protected":false},"author":3,"featured_media":0,"parent":43,"menu_order":0,"comment_status":"closed","ping_status":"closed","template":"","meta":{"content-type":"","_uag_custom_page_level_css":"","site-sidebar-layout":"default","site-content-layout":"","ast-site-content-layout":"default","site-content-style":"default","site-sidebar-style":"default","ast-global-header-display":"","ast-banner-title-visibility":"","ast-main-header-display":"","ast-hfb-above-header-display":"","ast-hfb-below-header-display":"","ast-hfb-mobile-header-display":"","site-post-title":"","ast-breadcrumbs-content":"","ast-featured-img":"","footer-sml-layout":"","ast-disable-related-posts":"","theme-transparent-header-meta":"","adv-header-id-meta":"","stick-header-meta":"","header-above-stick-meta":"","header-main-stick-meta":"","header-below-stick-meta":"","astra-migrate-meta-layouts":"set","ast-page-background-enabled":"default","ast-page-background-meta":{"desktop":{"background-color":"var(--ast-global-color-4)","background-image":"","background-repeat":"repeat","background-position":"center center","background-size":"auto","background-attachment":"scroll","background-type":"","background-media":"","overlay-type":"","overlay-color":"","overlay-opacity":"","overlay-gradient":""},"tablet":{"background-color":"","background-image":"","background-repeat":"repeat","background-position":"center center","background-size":"auto","background-attachment":"scroll","background-type":"","background-media":"","overlay-type":"","overlay-color":"","overlay-opacity":"","overlay-gradient":""},"mobile":{"background-color":"","background-image":"","background-repeat":"repeat","background-position":"center center","background-size":"auto","background-attachment":"scroll","background-type":"","background-media":"","overlay-type":"","overlay-color":"","overlay-opacity":"","overlay-gradient":""}},"ast-content-background-meta":{"desktop":{"background-color":"var(--ast-global-color-5)","background-image":"","background-repeat":"repeat","background-position":"center center","background-size":"auto","background-attachment":"scroll","background-type":"","background-media":"","overlay-type":"","overlay-color":"","overlay-opacity":"","overlay-gradient":""},"tablet":{"background-color":"var(--ast-global-color-5)","background-image":"","background-repeat":"repeat","background-position":"center center","background-size":"auto","background-attachment":"scroll","background-type":"","background-media":"","overlay-type":"","overlay-color":"","overlay-opacity":"","overlay-gradient":""},"mobile":{"background-color":"var(--ast-global-color-5)","background-image":"","background-repeat":"repeat","background-position":"center center","background-size":"auto","background-attachment":"scroll","background-type":"","background-media":"","overlay-type":"","overlay-color":"","overlay-opacity":"","overlay-gradient":""}},"footnotes":""},"class_list":["post-1282","page","type-page","status-publish","hentry"],"uagb_featured_image_src":{"full":false,"thumbnail":false,"medium":false,"medium_large":false,"large":false,"1536x1536":false,"2048x2048":false},"uagb_author_info":{"display_name":"BALTX","author_link":"https:\/\/techltx.com\/de\/author\/baltx-com\/"},"uagb_comment_info":0,"uagb_excerpt":"Bei HANA Management geht es darum, Systemparameter und Dienste zu konfigurieren, Alerts zu \u00fcberwachen und MDC-Datenbanken zu verwalten, um die Stabilit\u00e4t und Effizienz der SAP HANA-Umgebung sicherzustellen. Eine optimale Verwaltung ist entscheidend, um die Leistungsf\u00e4higkeit und Verf\u00fcgbarkeit von SAP HANA zu gew\u00e4hrleisten. Durch die Beachtung dieser umfassenden Management-Praktiken k\u00f6nnen SAP HANA Spezialisten die Stabilit\u00e4t, Effizienz&hellip;","_links":{"self":[{"href":"https:\/\/techltx.com\/de\/wp-json\/wp\/v2\/pages\/1282","targetHints":{"allow":["GET"]}}],"collection":[{"href":"https:\/\/techltx.com\/de\/wp-json\/wp\/v2\/pages"}],"about":[{"href":"https:\/\/techltx.com\/de\/wp-json\/wp\/v2\/types\/page"}],"author":[{"embeddable":true,"href":"https:\/\/techltx.com\/de\/wp-json\/wp\/v2\/users\/3"}],"replies":[{"embeddable":true,"href":"https:\/\/techltx.com\/de\/wp-json\/wp\/v2\/comments?post=1282"}],"version-history":[{"count":5,"href":"https:\/\/techltx.com\/de\/wp-json\/wp\/v2\/pages\/1282\/revisions"}],"predecessor-version":[{"id":1288,"href":"https:\/\/techltx.com\/de\/wp-json\/wp\/v2\/pages\/1282\/revisions\/1288"}],"up":[{"embeddable":true,"href":"https:\/\/techltx.com\/de\/wp-json\/wp\/v2\/pages\/43"}],"wp:attachment":[{"href":"https:\/\/techltx.com\/de\/wp-json\/wp\/v2\/media?parent=1282"}],"curies":[{"name":"wp","href":"https:\/\/api.w.org\/{rel}","templated":true}]}}