{"id":1233,"date":"2024-05-17T18:20:32","date_gmt":"2024-05-17T15:20:32","guid":{"rendered":"https:\/\/techltx.com\/de\/?page_id=1233"},"modified":"2024-06-10T20:03:55","modified_gmt":"2024-06-10T17:03:55","slug":"hana-upkeep-and-maintenance","status":"publish","type":"page","link":"https:\/\/techltx.com\/de\/sap\/sap-hana\/hana-upkeep-and-maintenance\/","title":{"rendered":"HANA Upkeep and Maintenance"},"content":{"rendered":"\n<div class=\"wp-block-columns is-layout-flex wp-container-core-columns-is-layout-28f84493 wp-block-columns-is-layout-flex\">\n<div class=\"wp-block-column is-layout-flow wp-block-column-is-layout-flow\" style=\"flex-basis:66.66%\">\n<p>SAP HANA ist eine leistungsstarke In-Memory-Datenbank, die kontinuierlich gepflegt und gewartet werden muss, um optimale Leistung und Stabilit\u00e4t zu gew\u00e4hrleisten. In diesem Artikel erfahren SAP HANA Spezialisten, wie sie die HANA-Verwaltungswerkzeuge effektiv nutzen k\u00f6nnen, um ihre Datenbanken zu \u00fcberwachen und zu administrieren. Die SAP HANA-Wartungsstrategie basiert auf inkrementellen, nicht-disruptiven Innovations-Updates. Neue Funktionen werden einmal im Jahr eingef\u00fchrt, jedes Mal wenn ein neues SAP HANA SPS ver\u00f6ffentlicht wird. Dies geschieht normalerweise Anfang April.<\/p>\n<\/div>\n\n\n\n<div class=\"wp-block-column is-layout-flow wp-block-column-is-layout-flow\" style=\"flex-basis:33.33%\">\n<figure class=\"wp-block-image size-full is-resized\"><a href=\"https:\/\/techltx.com\/wp-content\/uploads\/2024\/05\/SAP-HANA-Certified-Consultant.png\"><img loading=\"lazy\" decoding=\"async\" width=\"323\" height=\"322\" src=\"https:\/\/techltx.com\/wp-content\/uploads\/2024\/05\/SAP-HANA-Certified-Consultant.png\" alt=\"SAP-HANA-Certified-Technology-Consultant SAP HANA 2.0 SPS03\" class=\"wp-image-1116\" style=\"width:200px\" srcset=\"https:\/\/techltx.com\/wp-content\/uploads\/2024\/05\/SAP-HANA-Certified-Consultant.png 323w, https:\/\/techltx.com\/wp-content\/uploads\/2024\/05\/SAP-HANA-Certified-Consultant-300x300.png 300w, https:\/\/techltx.com\/wp-content\/uploads\/2024\/05\/SAP-HANA-Certified-Consultant-150x150.png 150w\" sizes=\"auto, (max-width: 323px) 100vw, 323px\" \/><\/a><figcaption class=\"wp-element-caption\">Zertifizierung 2020<\/figcaption><\/figure>\n<\/div>\n<\/div>\n\n\n\n<p class=\"has-text-align-center\"><strong>Wir unterst\u00fctzen Sie gerne in den folgenden Themen:<\/strong><\/p>\n\n\n\n<p><strong>Hardware Checks<\/strong><\/p>\n\n\n\n<figure class=\"wp-block-table is-style-stripes\"><table><tbody><tr><td><strong>SAP-zertifizierte Hardware f\u00fcr SAP HANA<\/strong><\/td><td>Die Zertifizierung best\u00e4tigt, dass ein Produkt die SAP-Zertifizierungsverfahren erfolgreich durchlaufen hat. Es liegt jedoch in der Verantwortung des Anbieters, die fehlerfreie Funktion des Produkts zu gew\u00e4hrleisten. Zum Zeitpunkt des Kaufs muss die Hardware \u00fcber eine g\u00fcltige SAP HANA Hardware-Zertifizierung verf\u00fcgen. Diese Zertifizierung stellt sicher, dass die Hardware die erforderlichen Leistungsmerkmale f\u00fcr den Betrieb von SAP HANA erf\u00fcllt.<\/td><\/tr><tr><td><strong>Hardware Configuration Check Tool (HWCCT)<\/strong><\/td><td>Das HWCCT bietet eine Vielzahl von Tests und Berichten, um sicherzustellen, dass die Hardware die Mindestleistungsanforderungen f\u00fcr den SAP HANA-Betrieb erf\u00fcllt. SAP empfiehlt dringend, HWCCT im Rahmen eines HANA Go-Live Checks zu verwenden. Das Tool pr\u00fcft unter anderem:<br><strong>Validierung der Hardware-Konfiguration<\/strong>: \u00dcberpr\u00fcft Speicher- und Prozessor-Konfigurationen.<br><strong>Betriebssystem-Einstellungen<\/strong>: Validiert Linux Kernel-Einstellungen und unterst\u00fctzte Linux-Distributionen.<br><strong>Datendurchsatz- und Latenzzeiten<\/strong>: Misst die Daten\u00fcbertragungsraten und Latenzzeiten zwischen den SAP HANA-Knoten und externen Speichersystemen.<br><strong>Netzwerk-Bandbreite<\/strong>: \u00dcberpr\u00fcft die verf\u00fcgbare Bandbreite zwischen den Knoten eines Multi-Node-Systems.<br><strong>LPAR-Einstellungen auf IBM Power-Servern<\/strong>: \u00dcberpr\u00fcft die Einstellungen f\u00fcr logische Partitionen.<br>Wichtige Ressourcen<br>SAP HANA Hardware Directory: <a href=\"https:\/\/www.sap.com\/dmc\/exp\/2014-09-02-hana-hardware\/enEN\/index.html\">SAP HANA Hardware Directory<\/a><br>HWCCT Patch Note: <a href=\"http:\/\/service.sap.com\/sap\/support\/notes\/2161344\">SAP Note 2161344<\/a><br>HANA Hardware and Cloud Measurement Tools: <a href=\"https:\/\/launchpad.support.sap.com\/#\/notes\/2493172\">SAP Note 2493172<\/a><\/td><\/tr><tr><td><strong>HANA Sizing Report<\/strong><\/td><td>Bedeutung der Gr\u00f6\u00dfenbestimmung: Eine genaue Gr\u00f6\u00dfenbestimmung ist entscheidend, um sicherzustellen, dass die SAP HANA-Datenbank \u00fcber ausreichend Speicher und Ressourcen verf\u00fcgt, um die Workloads effizient zu verarbeiten. Die Gr\u00f6\u00dfenbestimmung erfolgt entweder \u00fcber den SAP HANA Quick Sizer oder durch spezifische Sizing-Berichte bei Migrationen von SAP NetWeaver-Systemen.<br>CPU- und Arbeitsspeicher-Dimensionierung<br>Die Dimensionierung gro\u00dfer oder komplexer Systeme sollte von einem SAP-Sizing-Experten durchgef\u00fchrt werden. Hierzu stehen verschiedene Werkzeuge zur Verf\u00fcgung, die separate Ergebnisse f\u00fcr CPU und RAM liefern. Kunden teilen diese Ergebnisse mit ihrem Hardware-Partner, um die optimalen Hardware-Komponenten zu bestimmen.<\/td><\/tr><tr><td><strong>Virtualisierung<\/strong><\/td><td>Unterst\u00fctzung f\u00fcr virtuelle Umgebungen: SAP HANA unterst\u00fctzt den Betrieb in virtualisierten Umgebungen, einschlie\u00dflich VMware und anderen Hypervisor-Technologien. Mit Multi-Tenant Database Containers (MDC) k\u00f6nnen mehrere Workloads innerhalb einer einzigen HANA-Installation getrennt betrieben werden. Auch MCOS und MCOD Deployment-Optionen sind verf\u00fcgbar, um \u00e4hnliche Multi-Tenant-Umgebungen zu realisieren.<br>Multi-Tenant Database Containers: <a href=\"https:\/\/launchpad.support.sap.com\/#\/notes\/2096000\">SAP Note 2096000<\/a><br>MCOS und MCOD: <a href=\"https:\/\/launchpad.support.sap.com\/#\/notes\/1681092\">SAP Note 1681092<\/a><\/td><\/tr><tr><td><strong>Network<\/strong><\/td><td>In SAP HANA-Scale-Out-Umgebungen m\u00fcssen die einzelnen Knoten und Dienste f\u00fcr verschiedene Zwecke miteinander kommunizieren, was auch bei Single-Node-Systemen notwendig ist. Die Standardkonfigurationen von Linux und HANA sind m\u00f6glicherweise nicht optimal f\u00fcr die interne HANA-Kommunikation, weshalb eine Anpassung der relevanten Parameter empfohlen wird, um eine reibungslose und fehlerfreie Kommunikation zu gew\u00e4hrleisten. Besonders f\u00fcr gro\u00dfe Scale-Out-Systeme oder Multi-Database-Container-Installationen mit vielen Mandantendatenbanken sollten die Netzwerkeinstellungen von Linux und SAP HANA optimiert werden, um eine bessere Leistung und Stabilit\u00e4t zu erreichen.<\/td><\/tr><\/tbody><\/table><\/figure>\n\n\n\n<p><strong>Operation Software Checks<\/strong><\/p>\n\n\n\n<figure class=\"wp-block-table is-style-stripes\"><table><tbody><tr><td><h4 style=\"border: 0px solid rgb(227, 227, 227); box-sizing: border-box; --tw-border-spacing-x: 0; --tw-border-spacing-y: 0; --tw-translate-x: 0; --tw-translate-y: 0; --tw-rotate: 0; --tw-skew-x: 0; --tw-skew-y: 0; --tw-scale-x: 1; --tw-scale-y: 1; --tw-pan-x: ; --tw-pan-y: ; --tw-pinch-zoom: ; --tw-scroll-snap-strictness: proximity; --tw-gradient-from-position: ; --tw-gradient-via-position: ; --tw-gradient-to-position: ; --tw-ordinal: ; --tw-slashed-zero: ; --tw-numeric-figure: ; --tw-numeric-spacing: ; --tw-numeric-fraction: ; --tw-ring-inset: ; --tw-ring-offset-width: 0px; --tw-ring-offset-color: #fff; --tw-ring-color: rgba(69,89,164,.5); --tw-ring-offset-shadow: 0 0 transparent; --tw-ring-shadow: 0 0 transparent; --tw-shadow: 0 0 transparent; --tw-shadow-colored: 0 0 transparent; --tw-blur: ; --tw-brightness: ; --tw-contrast: ; --tw-grayscale: ; --tw-hue-rotate: ; --tw-invert: ; --tw-saturate: ; --tw-sepia: ; --tw-drop-shadow: ; --tw-backdrop-blur: ; --tw-backdrop-brightness: ; --tw-backdrop-contrast: ; --tw-backdrop-grayscale: ; --tw-backdrop-hue-rotate: ; --tw-backdrop-invert: ; --tw-backdrop-opacity: ; --tw-backdrop-saturate: ; --tw-backdrop-sepia: ; --tw-contain-size: ; --tw-contain-layout: ; --tw-contain-paint: ; --tw-contain-style: ; font-size: 16px; margin: 1rem 0px 0.5rem; color: rgb(13, 13, 13); line-height: 1.5; font-family: S\u00f6hne, ui-sans-serif, system-ui, -apple-system, \" segoe=\"\" ui\",=\"\" roboto,=\"\" ubuntu,=\"\" cantarell,=\"\" \"noto=\"\" sans\",=\"\" sans-serif,=\"\" \"helvetica=\"\" neue\",=\"\" arial,=\"\" \"apple=\"\" color=\"\" emoji\",=\"\" \"segoe=\"\" ui=\"\" symbol\",=\"\" emoji\";\"=\"\">SLES <\/h4><\/td><td>Wenn Sie SAP HANA auf SLES 15 oder SLES f\u00fcr SAP Applications 15 betreiben, m\u00f6chten Sie optimale Linux-Einstellungen konfigurieren. SAP HANA umfasst sowohl die Versionen 1.0 als auch 2.0 und muss gem\u00e4\u00df SAP Note 1944799 installiert und konfiguriert werden. Die in dieser SAP Note aufgef\u00fchrten Empfehlungen gelten f\u00fcr alle von SAP HANA unterst\u00fctzten Service Packs von SLES 15, und es wird empfohlen, stets die neuesten Kernel-Updates und Patches von SUSE zu verwenden, sofern keine spezifischen Gr\u00fcnde dagegen sprechen.<\/td><\/tr><tr><td><strong>RHEL<\/strong><\/td><td>&#8222;RHEL&#8220; als Synonym f\u00fcr &#8222;Red Hat Enterprise Linux for SAP HANA&#8220; und &#8222;Red Hat Enterprise Linux for SAP Solutions&#8220; verwendet, w\u00e4hrend &#8222;SLES&#8220; f\u00fcr &#8222;SUSE Linux Enterprise Server&#8220; und &#8222;SUSE Linux Enterprise Server for SAP Applications&#8220; steht. Die angeh\u00e4ngte PDF-Datei listet die unterst\u00fctzten Kombinationen von RHEL-Minor-Releases und SLES-Support-Paketen mit den verschiedenen SAP HANA-Versionen auf, wobei nicht aufgef\u00fchrte Kombinationen als nicht unterst\u00fctzt gelten. Es wird empfohlen, die SAP Product Availability Matrix zu konsultieren, da andere SAP-Softwarel\u00f6sungen m\u00f6glicherweise strengere Anforderungen an die Betriebssystemversionen haben und zus\u00e4tzliche Einschr\u00e4nkungen definieren k\u00f6nnen.<\/td><\/tr><tr><td><strong>OS Lifecycle<\/strong><\/td><td>SUSE Linux Enterprise Server: <a href=\"https:\/\/www.suse.com\/lifecycle\">SUSE Lifecycle<\/a><br>Red Hat Enterprise Linux: <a href=\"https:\/\/access.redhat.com\/support\/policy\/updates\/errata\">Red Hat Lifecycle<\/a><\/td><\/tr><\/tbody><\/table><\/figure>\n\n\n\n<p><strong>HANA Checks<\/strong><\/p>\n\n\n\n<figure class=\"wp-block-table is-style-stripes\"><table><tbody><tr><td><strong>Early Watch Alert<\/strong><\/td><td>Der Early Watch Alert bietet eine umfassende \u00dcberwachung der HANA-Datenbank und gibt fr\u00fchzeitig Hinweise auf m\u00f6gliche Probleme und Optimierungspotenziale.<\/td><\/tr><tr><td><strong>Update Path<\/strong><\/td><td>SAP HANA Release Strategie. Bei der Aktualisierung von SAP HANA m\u00fcssen die Kompatibilit\u00e4t und bekannte Probleme der Zielrevision \u00fcberpr\u00fcft werden. Hierzu gibt es spezifische SAP Notes, die die unterst\u00fctzten Update-Pfade und m\u00f6gliche Inkompatibilit\u00e4ten aufzeigen. <br>SAP HANA HotNews: <a href=\"https:\/\/launchpad.support.sap.com\/#\/notes\/2688515\">SAP Note 2688515<\/a><\/td><\/tr><tr><td><strong>Konsistenzpr\u00fcfung<\/strong><\/td><td>Eine Konsistenzpr\u00fcfung sollte vor und nach einem Upgrade durchgef\u00fchrt werden, um sicherzustellen, dass alle Daten und Konfigurationen korrekt und vollst\u00e4ndig sind.<\/td><\/tr><tr><td><strong>Backup und Defragmentierung<\/strong><\/td><td>Regelm\u00e4\u00dfige Backups und Defragmentierungen sind notwendig, um die Datenintegrit\u00e4t und optimale Speichernutzung zu gew\u00e4hrleisten. Es wird empfohlen, sowohl die Datenbank als auch die Konfigurationen vor einem Upgrade zu sichern.<\/td><\/tr><tr><td><strong>Host Agent<\/strong><\/td><td>Der SAP-Host-Agent ist ein Agent, der mehrere Life-Cycle-Management-Aufgaben wie Betriebssystem\u00fcberwachung, Datenbank-Monitoring sowie Systeminstanzsteuerung und -bereitstellung ausf\u00fchren kann.<\/td><\/tr><tr><td><strong>SAP KERNEL<\/strong><\/td><td>SAPEXE, das von der Datenbank unabh\u00e4ngig ist (disp+work, R3trans, tp usw.)<br>SAPEXEDB, das von der Datenbank abh\u00e4ngig ist (libdbsl, R3load, R3ta usw.)<\/td><\/tr><\/tbody><\/table><\/figure>\n\n\n\n<figure class=\"wp-block-image aligncenter size-full\"><a href=\"https:\/\/calendly.com\/baltx\/scheduleanexpert\"><img loading=\"lazy\" decoding=\"async\" width=\"355\" height=\"433\" src=\"https:\/\/techltx.com\/wp-content\/uploads\/2024\/04\/schedule-an-expert.png\" alt=\"\" class=\"wp-image-1092\" srcset=\"https:\/\/techltx.com\/wp-content\/uploads\/2024\/04\/schedule-an-expert.png 355w, https:\/\/techltx.com\/wp-content\/uploads\/2024\/04\/schedule-an-expert-246x300.png 246w\" sizes=\"auto, (max-width: 355px) 100vw, 355px\" \/><\/a><\/figure>\n","protected":false},"excerpt":{"rendered":"<p>SAP HANA ist eine leistungsstarke In-Memory-Datenbank, die kontinuierlich gepflegt und gewartet werden muss, um optimale Leistung und Stabilit\u00e4t zu gew\u00e4hrleisten. In diesem Artikel erfahren SAP HANA Spezialisten, wie sie die HANA-Verwaltungswerkzeuge effektiv nutzen k\u00f6nnen, um ihre Datenbanken zu \u00fcberwachen und zu administrieren. Die SAP HANA-Wartungsstrategie basiert auf inkrementellen, nicht-disruptiven Innovations-Updates. Neue Funktionen werden einmal im [&hellip;]<\/p>\n","protected":false},"author":3,"featured_media":0,"parent":43,"menu_order":0,"comment_status":"closed","ping_status":"closed","template":"","meta":{"content-type":"","_uag_custom_page_level_css":"","site-sidebar-layout":"default","site-content-layout":"","ast-site-content-layout":"default","site-content-style":"default","site-sidebar-style":"default","ast-global-header-display":"","ast-banner-title-visibility":"","ast-main-header-display":"","ast-hfb-above-header-display":"","ast-hfb-below-header-display":"","ast-hfb-mobile-header-display":"","site-post-title":"","ast-breadcrumbs-content":"","ast-featured-img":"","footer-sml-layout":"","ast-disable-related-posts":"","theme-transparent-header-meta":"","adv-header-id-meta":"","stick-header-meta":"","header-above-stick-meta":"","header-main-stick-meta":"","header-below-stick-meta":"","astra-migrate-meta-layouts":"set","ast-page-background-enabled":"default","ast-page-background-meta":{"desktop":{"background-color":"var(--ast-global-color-4)","background-image":"","background-repeat":"repeat","background-position":"center center","background-size":"auto","background-attachment":"scroll","background-type":"","background-media":"","overlay-type":"","overlay-color":"","overlay-opacity":"","overlay-gradient":""},"tablet":{"background-color":"","background-image":"","background-repeat":"repeat","background-position":"center center","background-size":"auto","background-attachment":"scroll","background-type":"","background-media":"","overlay-type":"","overlay-color":"","overlay-opacity":"","overlay-gradient":""},"mobile":{"background-color":"","background-image":"","background-repeat":"repeat","background-position":"center center","background-size":"auto","background-attachment":"scroll","background-type":"","background-media":"","overlay-type":"","overlay-color":"","overlay-opacity":"","overlay-gradient":""}},"ast-content-background-meta":{"desktop":{"background-color":"var(--ast-global-color-5)","background-image":"","background-repeat":"repeat","background-position":"center center","background-size":"auto","background-attachment":"scroll","background-type":"","background-media":"","overlay-type":"","overlay-color":"","overlay-opacity":"","overlay-gradient":""},"tablet":{"background-color":"var(--ast-global-color-5)","background-image":"","background-repeat":"repeat","background-position":"center center","background-size":"auto","background-attachment":"scroll","background-type":"","background-media":"","overlay-type":"","overlay-color":"","overlay-opacity":"","overlay-gradient":""},"mobile":{"background-color":"var(--ast-global-color-5)","background-image":"","background-repeat":"repeat","background-position":"center center","background-size":"auto","background-attachment":"scroll","background-type":"","background-media":"","overlay-type":"","overlay-color":"","overlay-opacity":"","overlay-gradient":""}},"footnotes":""},"class_list":["post-1233","page","type-page","status-publish","hentry"],"uagb_featured_image_src":{"full":false,"thumbnail":false,"medium":false,"medium_large":false,"large":false,"1536x1536":false,"2048x2048":false},"uagb_author_info":{"display_name":"BALTX","author_link":"https:\/\/techltx.com\/de\/author\/baltx-com\/"},"uagb_comment_info":0,"uagb_excerpt":"SAP HANA ist eine leistungsstarke In-Memory-Datenbank, die kontinuierlich gepflegt und gewartet werden muss, um optimale Leistung und Stabilit\u00e4t zu gew\u00e4hrleisten. In diesem Artikel erfahren SAP HANA Spezialisten, wie sie die HANA-Verwaltungswerkzeuge effektiv nutzen k\u00f6nnen, um ihre Datenbanken zu \u00fcberwachen und zu administrieren. Die SAP HANA-Wartungsstrategie basiert auf inkrementellen, nicht-disruptiven Innovations-Updates. Neue Funktionen werden einmal im&hellip;","_links":{"self":[{"href":"https:\/\/techltx.com\/de\/wp-json\/wp\/v2\/pages\/1233","targetHints":{"allow":["GET"]}}],"collection":[{"href":"https:\/\/techltx.com\/de\/wp-json\/wp\/v2\/pages"}],"about":[{"href":"https:\/\/techltx.com\/de\/wp-json\/wp\/v2\/types\/page"}],"author":[{"embeddable":true,"href":"https:\/\/techltx.com\/de\/wp-json\/wp\/v2\/users\/3"}],"replies":[{"embeddable":true,"href":"https:\/\/techltx.com\/de\/wp-json\/wp\/v2\/comments?post=1233"}],"version-history":[{"count":13,"href":"https:\/\/techltx.com\/de\/wp-json\/wp\/v2\/pages\/1233\/revisions"}],"predecessor-version":[{"id":1631,"href":"https:\/\/techltx.com\/de\/wp-json\/wp\/v2\/pages\/1233\/revisions\/1631"}],"up":[{"embeddable":true,"href":"https:\/\/techltx.com\/de\/wp-json\/wp\/v2\/pages\/43"}],"wp:attachment":[{"href":"https:\/\/techltx.com\/de\/wp-json\/wp\/v2\/media?parent=1233"}],"curies":[{"name":"wp","href":"https:\/\/api.w.org\/{rel}","templated":true}]}}