{"id":1177,"date":"2024-05-09T18:44:27","date_gmt":"2024-05-09T15:44:27","guid":{"rendered":"https:\/\/techltx.com\/de\/?page_id=1177"},"modified":"2024-05-09T19:00:10","modified_gmt":"2024-05-09T16:00:10","slug":"hana-business-continuity","status":"publish","type":"page","link":"https:\/\/techltx.com\/de\/sap\/sap-hana\/hana-business-continuity\/","title":{"rendered":"HANA Business Continuity"},"content":{"rendered":"\n<div class=\"wp-block-columns is-layout-flex wp-container-core-columns-is-layout-28f84493 wp-block-columns-is-layout-flex\">\n<div class=\"wp-block-column is-layout-flow wp-block-column-is-layout-flow\" style=\"flex-basis:66.66%\">\n<p><strong>Sicherstellung der Kontinuit\u00e4t: Hochverf\u00fcgbarkeits- und Katastrophenwiederherstellungsl\u00f6sungen von SAP HANA<\/strong><\/p>\n\n\n\n<p>SAP HANA, eine f\u00fchrende In-Memory-Datenbank, ist nicht nur f\u00fcr hohe Leistung bei der Datenanalyse und Echtzeit-Transaktionen konzipiert, sondern auch f\u00fcr robuste Datenintegrit\u00e4t und schnelle Wiederherstellung bei Ausf\u00e4llen. Die Gew\u00e4hrleistung eines kontinuierlichen Betriebs mit minimalen Datenverlusten ist von gr\u00f6\u00dfter Bedeutung, und SAP HANA ist mit einem umfassenden Satz von Mechanismen ausgestattet, um dies zu erreichen.<\/p>\n<\/div>\n\n\n\n<div class=\"wp-block-column is-layout-flow wp-block-column-is-layout-flow\" style=\"flex-basis:33.33%\">\n<figure class=\"wp-block-image size-full is-resized\"><a href=\"https:\/\/techltx.com\/wp-content\/uploads\/2024\/05\/SAP-HANA-Certified-Consultant.png\"><img loading=\"lazy\" decoding=\"async\" width=\"323\" height=\"322\" src=\"https:\/\/techltx.com\/wp-content\/uploads\/2024\/05\/SAP-HANA-Certified-Consultant.png\" alt=\"SAP-HANA-Certified-Technology-Consultant SAP HANA 2.0 SPS03\" class=\"wp-image-1116\" style=\"width:200px\" srcset=\"https:\/\/techltx.com\/wp-content\/uploads\/2024\/05\/SAP-HANA-Certified-Consultant.png 323w, https:\/\/techltx.com\/wp-content\/uploads\/2024\/05\/SAP-HANA-Certified-Consultant-300x300.png 300w, https:\/\/techltx.com\/wp-content\/uploads\/2024\/05\/SAP-HANA-Certified-Consultant-150x150.png 150w\" sizes=\"auto, (max-width: 323px) 100vw, 323px\" \/><\/a><figcaption class=\"wp-element-caption\">Zertifizierung 2020<\/figcaption><\/figure>\n<\/div>\n<\/div>\n\n\n\n<p class=\"has-text-align-center\"><strong>Wir unterst\u00fctzen Sie gerne in den folgenden Themen:<\/strong><\/p>\n\n\n\n<p><strong>Katastrophenwiederherstellung<\/strong><\/p>\n\n\n\n<figure class=\"wp-block-table is-style-stripes\"><table><tbody><tr><td><strong>Backups<\/strong><\/td><td>Regelm\u00e4\u00dfig geplante Backups sind f\u00fcr jede Strategie des Unternehmensdatenmanagements von entscheidender Bedeutung. SAP HANA erm\u00f6glicht es, Datenbanken periodisch zu kopieren und an sicheren Orten zu speichern, um die Daten nach st\u00f6renden Ereignissen wiederherstellen zu k\u00f6nnen. Weitere Details finden Sie im <a>SAP HANA Administration Guide<\/a>, speziell unter Datenbank-Backup und -Wiederherstellung.<\/td><\/tr><tr><td><strong>Speicherreplikation<\/strong><\/td><td>Dies beinhaltet das kontinuierliche Spiegeln von Daten vom prim\u00e4ren Speicher zum Backup-Speicher \u00fcber ein Netzwerk, um sicherzustellen, dass immer eine Echtzeitkopie der Datenbank an einem sekund\u00e4ren Standort verf\u00fcgbar ist. F\u00fcr detaillierte Informationen siehe den Abschnitt Speicherreplikation im SAP HANA Administration Guide, insbesondere im Kontext von Verf\u00fcgbarkeit und Skalierbarkeit, sowie SAP Note 1755396 &#8211; Ver\u00f6ffentlichte DT-L\u00f6sungen f\u00fcr SAP HANA mit Festplattenreplikation.<\/td><\/tr><tr><td><strong>Systemreplikation<\/strong><\/td><td>SAP HANA aktualisiert ein sekund\u00e4res System kontinuierlich vom prim\u00e4ren System, einschlie\u00dflich des Ladens von In-Memory-Tabellen. Dies stellt sicher, dass bei einem Ausfall des prim\u00e4ren Systems das sekund\u00e4re System mit aktuellen Daten \u00fcbernehmen kann. Detaillierte Anleitungen werden im Abschnitt Systemreplikation des SAP HANA Administration Guide gegeben.<\/td><\/tr><\/tbody><\/table><\/figure>\n\n\n\n<p><strong>Fehlerwiederherstellung<\/strong><\/p>\n\n\n\n<figure class=\"wp-block-table is-style-stripes\"><table><tbody><tr><td><strong>Service-Auto-Neustart<\/strong><\/td><td>Automatischer Neustart gestoppter Dienste auf dem Host, erh\u00f6ht die Systemresilienz durch Reduzierung der Ausfallzeiten. Detaillierte Verfahren und Einstellungen sind im Abschnitt Service-Auto-Neustart des SAP HANA Administration Guide beschrieben.<\/td><\/tr><tr><td><strong>Host-Auto-Failover<\/strong><\/td><td>Bei einem Hostabsturz f\u00fchrt SAP HANA automatisch ein Failover auf einen Standby-Host im selben System durch, um den kontinuierlichen Betrieb zu gew\u00e4hrleisten. Dies wird ausf\u00fchrlich im Abschnitt Host-Auto-Failover des SAP HANA Administration Guide behandelt.<\/td><\/tr><\/tbody><\/table><\/figure>\n\n\n\n<p><strong>Zus\u00e4tzliche Ma\u00dfnahmen f\u00fcr Datenintegrit\u00e4t und Systemverf\u00fcgbarkeit<\/strong><\/p>\n\n\n\n<figure class=\"wp-block-table is-style-stripes\"><table><tbody><tr><td><strong>Katastrophentoleranzl\u00f6sungen<\/strong><\/td><td>Basierend auf der Replikation des Festplatten-I\/O-Subsystems sind die Katastrophentoleranzf\u00e4higkeiten von SAP HANA darauf ausgelegt, komplette Datenzentrenstilllegungen zu handhaben. Bei einer \u00dcbernahme werden Systeme an einem sekund\u00e4ren Standort (kalter Standby) aktiviert, und die Replikation zwischen den Standorten wird unterbrochen, um den Betrieb auf die sekund\u00e4ren Server zu verlagern.<\/td><\/tr><tr><td><strong>Asynchrone und synchrone Replikation<\/strong><\/td><td>W\u00e4hrend die synchrone Replikation aufgrund ihrer Echtzeitnatur f\u00fcr k\u00fcrzere Distanzen bevorzugt wird, kann die asynchrone Replikation f\u00fcr l\u00e4ngere Distanzen geeignet sein, wo Latenz die Leistung beeintr\u00e4chtigen kann. Die Wahl zwischen diesen h\u00e4ngt von spezifischen Gesch\u00e4ftsanforderungen und Netzwerkkonfigurationen ab.<\/td><\/tr><tr><td><strong>Zertifizierung und Compliance<\/strong><\/td><td>L\u00f6sungen m\u00fcssen von SAP und von SAP HANA-Appliance-Hardwarepartnern zertifiziert<\/td><\/tr><tr><td><strong>Active\/Active Read<\/strong><\/td><td>Active\/Active (Lesezugriff aktiviert) erm\u00f6glicht bei der Systemreplikation von SAP HANA den Lesezugriff auf das sekund\u00e4re System. Diese Funktion ist in die Systemreplikationsl\u00f6sung integriert und wird mit dem Betriebsmodus <code>logreplay_readaccess<\/code> aktiviert. Um eine Active\/Active (Lesezugriff aktiviert) Systemreplikation einzurichten, folgt man dem Verfahren, das f\u00fcr die Einrichtung der Systemreplikation in SAP HANA mit <code>hdbnsutil<\/code> beschrieben ist, und w\u00e4hlt den Betriebsmodus <code>logreplay_readaccess<\/code>. Weitere Informationen zu diesem Betriebsmodus finden Sie im Abschnitt Betriebsmodi f\u00fcr die SAP HANA Systemreplikation.<\/td><\/tr><\/tbody><\/table><\/figure>\n\n\n\n<p>Hochverf\u00fcgbarkeit<\/p>\n\n\n\n<figure class=\"wp-block-table is-style-stripes\"><table><tbody><tr><td><strong>Redundanz<\/strong><\/td><td>Mehrere Redundanzebenen \u00fcber Hardware-, Software- und Netzwerkkomponenten hinweg tragen zum Schutz vor Ausf\u00e4llen bei. Dies umfasst alles von redundanten Netzteilen bis hin zu fortschrittlichen Netzwerkkonfigurationen, die sicherstellen, dass die Daten auch dann kontinuierlich verf\u00fcgbar sind, wenn Teile des Systems ausfallen.<\/td><\/tr><tr><td><strong>Persistence<\/strong><\/td><td>Transaktionsprotokolle, Sicherungspunkte und Snapshots werden kontinuierlich gespeichert, was Systemneustarts und eine schnelle Wiederherstellung nach Hostausf\u00e4llen mit minimaler Verz\u00f6gerung und ohne Datenverlust unterst\u00fctzt.<\/td><\/tr><tr><td><strong>Standby and Failover<\/strong><\/td><td>Dedizierte Standby-Hosts sind sofort einsatzbereit, wenn die prim\u00e4ren Hosts ausfallen, was die Wiederherstellungszeit erheblich verk\u00fcrzt.<\/td><\/tr><\/tbody><\/table><\/figure>\n\n\n\n<figure class=\"wp-block-image aligncenter size-full\"><a href=\"https:\/\/calendly.com\/baltx\/scheduleanexpert\"><img loading=\"lazy\" decoding=\"async\" width=\"355\" height=\"433\" src=\"https:\/\/techltx.com\/wp-content\/uploads\/2024\/04\/schedule-an-expert.png\" alt=\"\" class=\"wp-image-1092\" srcset=\"https:\/\/techltx.com\/wp-content\/uploads\/2024\/04\/schedule-an-expert.png 355w, https:\/\/techltx.com\/wp-content\/uploads\/2024\/04\/schedule-an-expert-246x300.png 246w\" sizes=\"auto, (max-width: 355px) 100vw, 355px\" \/><\/a><\/figure>\n","protected":false},"excerpt":{"rendered":"<p>Sicherstellung der Kontinuit\u00e4t: Hochverf\u00fcgbarkeits- und Katastrophenwiederherstellungsl\u00f6sungen von SAP HANA SAP HANA, eine f\u00fchrende In-Memory-Datenbank, ist nicht nur f\u00fcr hohe Leistung bei der Datenanalyse und Echtzeit-Transaktionen konzipiert, sondern auch f\u00fcr robuste Datenintegrit\u00e4t und schnelle Wiederherstellung bei Ausf\u00e4llen. Die Gew\u00e4hrleistung eines kontinuierlichen Betriebs mit minimalen Datenverlusten ist von gr\u00f6\u00dfter Bedeutung, und SAP HANA ist mit einem umfassenden [&hellip;]<\/p>\n","protected":false},"author":3,"featured_media":0,"parent":43,"menu_order":0,"comment_status":"closed","ping_status":"closed","template":"","meta":{"content-type":"","_uag_custom_page_level_css":"","site-sidebar-layout":"default","site-content-layout":"","ast-site-content-layout":"default","site-content-style":"default","site-sidebar-style":"default","ast-global-header-display":"","ast-banner-title-visibility":"","ast-main-header-display":"","ast-hfb-above-header-display":"","ast-hfb-below-header-display":"","ast-hfb-mobile-header-display":"","site-post-title":"","ast-breadcrumbs-content":"","ast-featured-img":"","footer-sml-layout":"","ast-disable-related-posts":"","theme-transparent-header-meta":"","adv-header-id-meta":"","stick-header-meta":"","header-above-stick-meta":"","header-main-stick-meta":"","header-below-stick-meta":"","astra-migrate-meta-layouts":"set","ast-page-background-enabled":"default","ast-page-background-meta":{"desktop":{"background-color":"var(--ast-global-color-4)","background-image":"","background-repeat":"repeat","background-position":"center center","background-size":"auto","background-attachment":"scroll","background-type":"","background-media":"","overlay-type":"","overlay-color":"","overlay-opacity":"","overlay-gradient":""},"tablet":{"background-color":"","background-image":"","background-repeat":"repeat","background-position":"center center","background-size":"auto","background-attachment":"scroll","background-type":"","background-media":"","overlay-type":"","overlay-color":"","overlay-opacity":"","overlay-gradient":""},"mobile":{"background-color":"","background-image":"","background-repeat":"repeat","background-position":"center center","background-size":"auto","background-attachment":"scroll","background-type":"","background-media":"","overlay-type":"","overlay-color":"","overlay-opacity":"","overlay-gradient":""}},"ast-content-background-meta":{"desktop":{"background-color":"var(--ast-global-color-5)","background-image":"","background-repeat":"repeat","background-position":"center center","background-size":"auto","background-attachment":"scroll","background-type":"","background-media":"","overlay-type":"","overlay-color":"","overlay-opacity":"","overlay-gradient":""},"tablet":{"background-color":"var(--ast-global-color-5)","background-image":"","background-repeat":"repeat","background-position":"center center","background-size":"auto","background-attachment":"scroll","background-type":"","background-media":"","overlay-type":"","overlay-color":"","overlay-opacity":"","overlay-gradient":""},"mobile":{"background-color":"var(--ast-global-color-5)","background-image":"","background-repeat":"repeat","background-position":"center center","background-size":"auto","background-attachment":"scroll","background-type":"","background-media":"","overlay-type":"","overlay-color":"","overlay-opacity":"","overlay-gradient":""}},"footnotes":""},"class_list":["post-1177","page","type-page","status-publish","hentry"],"uagb_featured_image_src":{"full":false,"thumbnail":false,"medium":false,"medium_large":false,"large":false,"1536x1536":false,"2048x2048":false},"uagb_author_info":{"display_name":"BALTX","author_link":"https:\/\/techltx.com\/de\/author\/baltx-com\/"},"uagb_comment_info":0,"uagb_excerpt":"Sicherstellung der Kontinuit\u00e4t: Hochverf\u00fcgbarkeits- und Katastrophenwiederherstellungsl\u00f6sungen von SAP HANA SAP HANA, eine f\u00fchrende In-Memory-Datenbank, ist nicht nur f\u00fcr hohe Leistung bei der Datenanalyse und Echtzeit-Transaktionen konzipiert, sondern auch f\u00fcr robuste Datenintegrit\u00e4t und schnelle Wiederherstellung bei Ausf\u00e4llen. Die Gew\u00e4hrleistung eines kontinuierlichen Betriebs mit minimalen Datenverlusten ist von gr\u00f6\u00dfter Bedeutung, und SAP HANA ist mit einem umfassenden&hellip;","_links":{"self":[{"href":"https:\/\/techltx.com\/de\/wp-json\/wp\/v2\/pages\/1177","targetHints":{"allow":["GET"]}}],"collection":[{"href":"https:\/\/techltx.com\/de\/wp-json\/wp\/v2\/pages"}],"about":[{"href":"https:\/\/techltx.com\/de\/wp-json\/wp\/v2\/types\/page"}],"author":[{"embeddable":true,"href":"https:\/\/techltx.com\/de\/wp-json\/wp\/v2\/users\/3"}],"replies":[{"embeddable":true,"href":"https:\/\/techltx.com\/de\/wp-json\/wp\/v2\/comments?post=1177"}],"version-history":[{"count":4,"href":"https:\/\/techltx.com\/de\/wp-json\/wp\/v2\/pages\/1177\/revisions"}],"predecessor-version":[{"id":1184,"href":"https:\/\/techltx.com\/de\/wp-json\/wp\/v2\/pages\/1177\/revisions\/1184"}],"up":[{"embeddable":true,"href":"https:\/\/techltx.com\/de\/wp-json\/wp\/v2\/pages\/43"}],"wp:attachment":[{"href":"https:\/\/techltx.com\/de\/wp-json\/wp\/v2\/media?parent=1177"}],"curies":[{"name":"wp","href":"https:\/\/api.w.org\/{rel}","templated":true}]}}